{"id":3439,"date":"2014-04-08T00:42:28","date_gmt":"2014-04-07T21:42:28","guid":{"rendered":"http:\/\/localhost\/wp\/cataloage-traditionale\/"},"modified":"2014-04-08T00:42:28","modified_gmt":"2014-04-07T21:42:28","slug":"cataloage-traditionale","status":"publish","type":"page","link":"https:\/\/www.bnrm.md\/?page_id=3439","title":{"rendered":"Cataloage tradi\u0163ionale"},"content":{"rendered":"<h1 style=\"text-align: center;\">Cataloage tradi\u0163ionale<\/h1>\n<p>&nbsp;<\/p>\n<p><img fetchpriority=\"high\" decoding=\"async\" class=\" size-full wp-image-3\" src=\"http:\/\/www.bnrm.md\/wp-content\/uploads\/2014\/04\/Cataloge.png\" alt=\"Cataloge\" style=\"display: block; margin-left: auto; margin-right: auto; border: 1px solid #000000;\" width=\"700\" height=\"469\" \/><\/p>\n<h4>&nbsp;<\/h4>\n<h4>Sistemul de cataloage de serviciu<\/h4>\n<p><strong>Catalogul alfabetic general <\/strong>al c\u0103r\u021bilor este o parte important\u0103 a aparatului de referin\u021b\u0103 \u0219i informare al BNRM \u0219i include descrieri bibliografice ale c\u0103r\u021bilor, revistelor, publica\u021biilor continue, publica\u021bii de art\u0103, documente de reglementare etc., \u00een limba rom\u00e2n\u0103, \u00een limba rus\u0103 \u0219i \u00een limbi str\u0103ine. Catalogul alfabetic general con\u021bine \u00eenregistr\u0103ri bibliografice pentru c\u0103r\u021bile fondului principal al Bibliotecii, inclusiv documentele din colec\u021biile speciale.<\/p>\n<p>Catalogul este organizat \u00een ordine alfabetic\u0103 a numelui&nbsp; de familie al autorilor, titluri individuale&nbsp; \u0219i colective \u0219i este alc\u0103tuit din fi\u0219ele descrierilor principale, fi\u0219ele descrierilor analitice, fi\u0219ele descrierilor complementare, fi\u0219ele de trimitere- generale \u0219i speciale \u2013 cu vedere la autor persoan\u0103 fizic\u0103, autor colectiv sau titlu.<\/p>\n<p><strong>Sistemul de cataloage pentru public<\/strong><\/p>\n<p>o&nbsp; <strong>Catalogul alfabetic pentru public<\/strong> (Blocul nr. 1, et. 2, Sala de referin\u021be).<\/p>\n<p>&nbsp;&nbsp;&nbsp;&nbsp; Este catalogul care grupeaz\u0103 descrierile bibliografice \u00een ordine alfabetic\u0103 a numelui de familie al autorilor lucr\u0103rilor existente \u00een Bibliotec\u0103, iar dac\u0103 lucr\u0103rile sunt f\u0103r\u0103 autor declarat sau cu mai&nbsp;&nbsp;&nbsp;&nbsp;&nbsp; mul\u021bi de trei autori, \u00een ordinea titlurilor&nbsp; acestor lucr\u0103ri.<\/p>\n<p>o&nbsp;&nbsp; <strong>Catalogul sistematic pentru public<\/strong> (Blocul nr. 1, et. 2, Sala de referin\u021be) grupeaz\u0103 descrierile bibliografice principale \u00een ordinea succesiunii indicilor CZU atribui\u021bi dup\u0103 con\u021binutul c\u0103r\u021bilor, conform principiului dezvolt\u0103rii fiec\u0103rei ramuri de cuno\u0219tin\u021be de la general la particular. Catalogul sistematic reflect\u0103 documentele aflate \u00een colec\u021bii dup\u0103 con\u021binutul lor. Organizat \u00een anul 1945, include informa\u0163ii despre documentele intrate \u00een colec\u0163iile Bibliotecii, \u00eencep\u00e2nd cu sec. XVI.<\/p>\n<p>o&nbsp;&nbsp;&nbsp; <strong>Catalogul sistematic<\/strong> pentru public al edi\u021biilor de p\u00e2n\u0103 la 1983.<\/p>\n<p>o&nbsp;&nbsp;&nbsp; <strong>Catalogul alfabetic al publica\u0163iilor seriale<\/strong> (Bloc nr. 1, et. 3, Sala de lectur\u0103)<\/p>\n<p>o&nbsp;&nbsp;&nbsp; <strong>Catalogul analitic al articolelor din publica\u021biile periodice<\/strong> (Blocul nr. 1, et. 2, Sala de referin\u021be). Este catalog \u00een care sunt plasate \u00eenregistr\u0103rile bibliografice, obiectul c\u0103rora este partea component\u0103 a unui document pentru care sunt necesare date despre documentul gazd\u0103 din care face parte.<\/p>\n<p><strong>Colec\u021bii speciale<\/strong><\/p>\n<p>\u00b7&nbsp;&nbsp; Catalogul alfabetic al c\u0103r\u0163ilor vechi \u015fi rare (Blocul nr. 2, et. 1, sec\u021bia Carte veche si rara)<\/p>\n<p>\u00b7&nbsp;&nbsp; Catalogul sistematic al c\u0103r\u021bilor vechi \u0219i rare (Blocul nr. 2, et. 1, sec\u021bia Carte veche si rara)<\/p>\n<p>\u00b7&nbsp;&nbsp; Catalogul alfabetic al publica\u0163iilor de art\u0103 (Blocul nr. 2, et. 1, sec\u021bia Arte plastice)<\/p>\n<p>\u00b7&nbsp;&nbsp; Catalogul alfabetic al pancardelor (Blocul nr. 2, et. 1, sec\u021bia Arte plastice)<\/p>\n<p>\u00b7&nbsp;&nbsp; Catalogul sistematic al publica\u0163iilor de art\u0103 (Blocul nr. 2, et. 1, sec\u021bia Arte plastice)<\/p>\n<p>\u00b7&nbsp;&nbsp; Catalogul sistematic al publica\u0163iilor cartografice (Blocul nr. 2, et. 1, sec\u021bia Arte plastice)<\/p>\n<p>\u00b7&nbsp;&nbsp; Catalogul alfabetic al materialelor AV (DC, Cs, CD) (Blocul nr. 2, et. 2, sec\u021bia Audiovideoteca)<\/p>\n<p>\u00b7&nbsp;&nbsp;&nbsp; Catalogul alfabetic al muzicii tip\u0103rite (note, partituri) (Blocul nr. 2, et. 2, sec\u021bia Audiovideoteca)<\/p>\n<p>\u00b7&nbsp;&nbsp; Catalogul sistematic al materialelor AV (DC, Cs, CD) (Blocul nr. 2, et. 2, sec\u021bia Audiovideoteca)<\/p>\n<p>\u00b7&nbsp;&nbsp;&nbsp; Catalogul sistematic al muzicii tip\u0103rite (note, partituri) (Blocul nr. 2, et. 2, sec\u021bia Audiovideoteca)<\/p>\n<p>\u00b7&nbsp;&nbsp;&nbsp; Catalogul sistematic analitic (Blocul nr. 2, et. 2, sec\u021bia Audiovideoteca)<\/p>\n<p>\u00a7&nbsp; Catalogul sistematic Teze de doctorat (Bloc nr. 1, et. 2, Sala pentru cercet\u0103tori). Ini\u0163iat \u00een anul 1965, include informa\u0163ii despre rezumatele tezelor de doctorat conform specificatiilor pe domenii ale \u201cNomenclatorului cu specialit\u0103\u0163i \u015ftiin\u0163ifice\u201d al Comisiei Superioare de Atestare a R.M.<\/p>\n<p>\u00b7&nbsp;&nbsp;&nbsp; Catalog sistematic&nbsp; Rezumate ale tezelor de doctorat (Bloc nr. 1, et. 2, Sala pentru cercet\u0103tori)<\/p>\n<p>\u00b7&nbsp;&nbsp;&nbsp; Catalog alfabetic al c\u0103r\u021bilor \u00een limbi moderne (Blocul 1, et. 3, Sec\u021bia Literaturile lumii)<\/p>\n<p>\u00b7&nbsp;&nbsp;&nbsp; Catalog sistematic al c\u0103r\u021bilor \u00een limbi moderne (Blocul 1, et. 3, Sec\u021bia Literaturile lumii)<\/p>\n<p>\u00b7&nbsp;&nbsp; Catalog analitic al articolelor din periodice \u201dScritori str\u0103ini\u201d (Blocul 1, et. 3, Sec\u021bia Literaturile lumii)<\/p>\n<p><strong>Cataloage tematice (Fi\u0219iere)<\/strong><\/p>\n<p>\u00b7&nbsp;&nbsp; Fi\u015fierul periodicelor \u00een domeniul artei (Blocul nr. 2, et. 1, Arte plastice)<\/p>\n<p>\u00b7&nbsp;&nbsp; Fi\u015fierul de nume al pictorilor str\u0103ini (Blocul nr. 2, et. 1, Arte plastice)<\/p>\n<p>\u00b7&nbsp;&nbsp; Fi\u015fierul analitic al portretelor (Blocul nr. 2, et. 1, Arte plastice)<\/p>\n<p>\u00b7&nbsp;&nbsp; Fi\u0219ierul Titluri de opere literare (Blocul nr. 1, et. 2, Sala de referin\u021be)<\/p>\n<p>\u00b7&nbsp;&nbsp;&nbsp; Fi\u0219ierul Opere&nbsp; literare \u00een periodice (Blocul nr. 1, et. 2, Sala de referin\u021be)<\/p>\n<p>\u00b7&nbsp;&nbsp;&nbsp; Fi\u0219ierul Personalia (Blocul nr. 1, et. 2, Sala de referin\u021be)<\/p>\n<p>\u00b7&nbsp;&nbsp; Fi\u0219ierul Muzic\u0103 vocal\u0103 pentru copii (Blocul nr. 2, et. 2, sec\u021bia Audiovideoteca)<\/p>\n<p>\u00b7&nbsp;&nbsp;&nbsp; Fi\u0219ierul Autorii textelor ale operelor vocale (Blocul nr. 2, et. 2, sec\u021bia Audiovideoteca)<\/p>\n<p>\u00b7&nbsp;&nbsp;&nbsp; Fi\u0219ierul Denumiri \u0219i primele cuvinte ale operelor vocale (Blocul nr. 2, et. 2, sec\u021bia Audiovideoteca)<\/p>\n<p>\u00b7&nbsp;&nbsp;&nbsp; Fi\u0219ierul C\u00e2ntece din filme (Blocul nr. 2, et. 2, sec\u021bia Audiovideoteca)<\/p>\n<p>\u00b7&nbsp;&nbsp;&nbsp; Fi\u0219ierul Orchestre (Blocul nr. 2, et. 2, sec\u021bia Audiovideoteca)<\/p>\n<p>\u00b7&nbsp;&nbsp;&nbsp; Fi\u0219ierul Ansambluri (Blocul nr. 2, et. 2, sec\u021bia Audiovideoteca)<\/p>\n<p>\u00b7&nbsp;&nbsp;&nbsp; Fi\u0219ierul Muzic\u0103 pentru baian (Blocul nr. 2, et. 2, sec\u021bia Audiovideoteca)<\/p>\n<p>\u00b7&nbsp;&nbsp;&nbsp; Fi\u0219ierul Muzic\u0103 pentru acordeon (Blocul nr. 2, et. 2, sec\u021bia Audiovideoteca)<\/p>\n<p>\u00b7&nbsp;&nbsp;&nbsp; Fi\u0219ierul Muzic\u0103 pentru pian (Blocul nr. 2, et. 2, sec\u021bia Audiovideoteca)<\/p>\n<p>\u00b7&nbsp;&nbsp;&nbsp; Fi\u0219ierul Muzic\u0103 pentru instrumente cu coard\u0103 \u0219i arcu\u0219 \u0219i de suflat (Blocul nr. 2, et. 2, sec\u021bia Audiovideoteca)<\/p>\n<p>\u00b7&nbsp;&nbsp;&nbsp; Fi\u0219ierul Compozitorilor str\u0103ini (Blocul nr. 2, et. 2, sec\u021bia Audiovideoteca)<\/p>\n<p>\u00b7&nbsp;&nbsp;&nbsp;&nbsp; Fi\u0219ierul denumirilor de opere muzicale (Blocul nr. 2, et. 2, sec\u021bia Audiovideoteca)<\/p>\n<p>\u00b7&nbsp;&nbsp;&nbsp;&nbsp; Fi\u0219ierul Periodica curent\u0103 (Blocul 1, et. 3, sec\u021bia Literaturile lumii)<\/p>\n<p>\u00b7&nbsp;&nbsp;&nbsp;&nbsp; Fi\u0219ierul Curente literare (Bloc nr.1, et. 3, sec\u021bia Literaturile lumii)<\/p>\n<p>\u00b7&nbsp;&nbsp;&nbsp;&nbsp; Fi\u0219ierul Genuri literare (Bloc nr.1, et. 3, sec\u021bia Literaturile lumii)<\/p>\n<p>\u00b7&nbsp;&nbsp;&nbsp;&nbsp; Fi\u0219ierul Istorie \u015fi critic\u0103 literar\u0103 (Bloc nr.1, et. 3, sec\u021bia Literaturile lumii)<\/p>\n<p>\u00b7&nbsp;&nbsp;&nbsp; Fi\u0219ierul Premii literare. Laurea\u0163i ai premiilor literare (Bloc nr.1, et. 3, sec\u021bia Literaturile lumii)<\/p>\n<p>\u00b7&nbsp;&nbsp;&nbsp; Fi\u0219ierul S\u0103rb\u0103tori. Tradi\u0163ii. Obiceiuri. Datini (Bloc nr.1, et. 3, sec\u021bia Literaturile lumii)<\/p>\n<p>\u00b7&nbsp;&nbsp;&nbsp; Fi\u0219ierul Opere artistice publicate \u00een edi\u0163ii periodice (Bloc nr.1, et. 3, sec\u021bia Literaturile lumii)<\/p>\n<p>\u00b7&nbsp;&nbsp;&nbsp;&nbsp; Fi\u0219ierul Limb\u0103. Lingvistic\u0103. Filologie (Bloc nr.1, et. 3, sec\u021bia Literaturile lumii)<\/p>\n<p>&nbsp;<\/p>\n","protected":false},"excerpt":{"rendered":"<p>Cataloage tradi\u0163ionale &nbsp; &nbsp; Sistemul de cataloage de serviciu Catalogul alfabetic general al c\u0103r\u021bilor este o parte important\u0103 a aparatului de referin\u021b\u0103 \u0219i informare al BNRM \u0219i include descrieri bibliografice ale c\u0103r\u021bilor, revistelor, publica\u021biilor continue, publica\u021bii de art\u0103, documente de reglementare etc., \u00een limba rom\u00e2n\u0103, \u00een limba rus\u0103 \u0219i \u00een limbi str\u0103ine. Catalogul alfabetic general&#8230;<\/p>\n","protected":false},"author":1,"featured_media":7,"parent":0,"menu_order":12,"comment_status":"closed","ping_status":"closed","template":"","meta":{"_bst_post_transparent":"","_bst_post_title":"","_bst_post_layout":"","_bst_post_sidebar_id":"","_bst_post_content_style":"","_bst_post_vertical_padding":"","_bst_post_feature":"","_bst_post_feature_position":"","_bst_post_header":false,"_bst_post_footer":false,"footnotes":""},"class_list":["post-3439","page","type-page","status-publish","has-post-thumbnail","hentry"],"_links":{"self":[{"href":"https:\/\/www.bnrm.md\/index.php?rest_route=\/wp\/v2\/pages\/3439","targetHints":{"allow":["GET"]}}],"collection":[{"href":"https:\/\/www.bnrm.md\/index.php?rest_route=\/wp\/v2\/pages"}],"about":[{"href":"https:\/\/www.bnrm.md\/index.php?rest_route=\/wp\/v2\/types\/page"}],"author":[{"embeddable":true,"href":"https:\/\/www.bnrm.md\/index.php?rest_route=\/wp\/v2\/users\/1"}],"replies":[{"embeddable":true,"href":"https:\/\/www.bnrm.md\/index.php?rest_route=%2Fwp%2Fv2%2Fcomments&post=3439"}],"version-history":[{"count":0,"href":"https:\/\/www.bnrm.md\/index.php?rest_route=\/wp\/v2\/pages\/3439\/revisions"}],"wp:featuredmedia":[{"embeddable":true,"href":"https:\/\/www.bnrm.md\/index.php?rest_route=\/wp\/v2\/media\/7"}],"wp:attachment":[{"href":"https:\/\/www.bnrm.md\/index.php?rest_route=%2Fwp%2Fv2%2Fmedia&parent=3439"}],"curies":[{"name":"wp","href":"https:\/\/api.w.org\/{rel}","templated":true}]}}