{"id":3463,"date":"2014-05-31T17:15:03","date_gmt":"2014-05-31T14:15:03","guid":{"rendered":"http:\/\/localhost\/wp\/moldavistica\/"},"modified":"2014-05-31T17:15:03","modified_gmt":"2014-05-31T14:15:03","slug":"moldavistica","status":"publish","type":"page","link":"https:\/\/www.bnrm.md\/?page_id=3463","title":{"rendered":"Moldavistica"},"content":{"rendered":"<div style=\"margin: 0 auto; width: 490px;\">\n<div>&nbsp;<\/div>\n<div><a href=\"http:\/\/www.bnrm.md\/wp-content\/uploads\/2014\/05\/Moldavistica_exter_2021.pdf\" style=\"float: left; margin: 0 10px -25px;\"><img fetchpriority=\"high\" decoding=\"async\" src=\"http:\/\/www.bnrm.md\/wp-content\/uploads\/2014\/05\/CopertaMoldavistica2021.png\" alt=\"Moldavistica2021\" width=\"202\" height=\"272\" style=\"border: 1px solid #000000;\" \/><\/a><\/div>\n<div style=\"margin: 0 auto; width: 490px;\">\n<div>&nbsp;<\/div>\n<div>&nbsp;<\/div>\n<div>&nbsp;<\/div>\n<div>&nbsp;<\/div>\n<div>&nbsp;<\/div>\n<div>&nbsp;<\/div>\n<div>&nbsp;<\/div>\n<div>&nbsp;<\/div>\n<div>&nbsp;<\/div>\n<div>&nbsp;<\/div>\n<div>&nbsp;<\/div>\n<div>&nbsp;<\/div>\n<div>&nbsp;<\/div>\n<div>&nbsp;<\/div>\n<div>&nbsp;<\/div>\n<div><a href=\"http:\/\/www.bnrm.md\/wp-content\/uploads\/2014\/05\/Moldavistica-exter-2020.pdf\" style=\"float: left; margin: 0 10px -25px;\"><img decoding=\"async\" src=\"http:\/\/www.bnrm.md\/wp-content\/uploads\/2014\/05\/exteriorica_20.jpg\" alt=\"Moldavistica2020\" width=\"202\" height=\"272\" style=\"border: 1px solid #000000;\" \/><\/a><\/div>\n<div>&nbsp;<\/div>\n<div>&nbsp;<\/div>\n<div>&nbsp;<\/div>\n<div>&nbsp;<\/div>\n<div>&nbsp;<\/div>\n<div>&nbsp;<\/div>\n<div>&nbsp;<\/div>\n<div>&nbsp;<\/div>\n<div>&nbsp;<\/div>\n<div>&nbsp;<\/div>\n<div>&nbsp;<\/div>\n<div>&nbsp;<\/div>\n<div>&nbsp;<\/div>\n<div>&nbsp;&nbsp; &nbsp;<\/div>\n<div>&nbsp;<\/div>\n<div>&nbsp;<\/div>\n<div style=\"margin: 0 auto; width: 490px;\">\n<div>&nbsp;<\/div>\n<div><a href=\"http:\/\/www.bnrm.md\/wp-content\/uploads\/2014\/05\/Exteriorica-2019.pdf\" style=\"float: left; margin: 0 10px -25px;\"><img decoding=\"async\" src=\"http:\/\/www.bnrm.md\/wp-content\/uploads\/2014\/05\/Exteriorica-2019.jpg\" alt=\"Moldavistica2019\" width=\"202\" height=\"272\" style=\"border: 1px solid #000000;\" \/><\/a><\/div>\n<div>&nbsp;<\/div>\n<div>&nbsp;<\/div>\n<div>&nbsp;<\/div>\n<div>&nbsp;<\/div>\n<div>&nbsp;<\/div>\n<div>&nbsp;<\/div>\n<div>&nbsp;<\/div>\n<div>&nbsp;<\/div>\n<div>&nbsp;<\/div>\n<div>&nbsp;<\/div>\n<div>&nbsp;<\/div>\n<div>&nbsp;<\/div>\n<div>&nbsp;<\/div>\n<div>&nbsp;&nbsp; &nbsp;<\/div>\n<div>\n<div><a href=\"http:\/\/www.bnrm.md\/wp-content\/uploads\/2014\/05\/Moldavistica2018.pdf\" style=\"float: left; margin: 0 10px -25px;\"><img decoding=\"async\" src=\"http:\/\/www.bnrm.md\/wp-content\/uploads\/2014\/05\/Moldavistica2018.png\" alt=\"Moldavistica2018\" style=\"border: 1px solid #000000;\" \/><\/a><\/div>\n<div>&nbsp;<\/div>\n<div>&nbsp;<\/div>\n<div>&nbsp;<\/div>\n<div>&nbsp;<\/div>\n<div>&nbsp;<\/div>\n<div>&nbsp;<\/div>\n<div>&nbsp;<\/div>\n<div>&nbsp;<\/div>\n<div>&nbsp;<\/div>\n<div>&nbsp;<\/div>\n<div>&nbsp;<\/div>\n<div>&nbsp;<\/div>\n<div>&nbsp;<\/div>\n<div>&nbsp;<\/div>\n<div>&nbsp;<\/div>\n<div>&nbsp;<\/div>\n<div><a href=\"http:\/\/www.bnrm.md\/wp-content\/uploads\/2014\/05\/Moldavistica2017.pdf\" style=\"float: left; margin: 0 10px -25px;\"><img decoding=\"async\" src=\"http:\/\/www.bnrm.md\/wp-content\/uploads\/2014\/05\/Moldavistica2017.png\" alt=\"Moldavistica2018\" style=\"border: 1px solid #000000;\" \/><\/a><\/div>\n<div>&nbsp;<\/div>\n<div>&nbsp;<\/div>\n<div>&nbsp;<\/div>\n<div>&nbsp;<\/div>\n<div>&nbsp;<\/div>\n<div>&nbsp;<\/div>\n<div>&nbsp;<\/div>\n<div>&nbsp;<\/div>\n<div>&nbsp;<\/div>\n<div>&nbsp;<\/div>\n<div>&nbsp;<\/div>\n<div>&nbsp;<\/div>\n<div>&nbsp;<\/div>\n<div>&nbsp;<\/div>\n<div>&nbsp;<\/div>\n<div>&nbsp;<\/div>\n<div><a href=\"\/wp\/files\/publicatii\/Moldavistica2016.pdf\" style=\"float: left; margin: 0 10px -25px;\"><img decoding=\"async\" src=\"http:\/\/www.bnrm.md\/wp-content\/uploads\/2014\/05\/Moldavistica2016.png\" alt=\"moldavistica 2016\" style=\"border: 1px solid #000000;\" \/><\/a><\/div>\n<div>\n<p style=\"padding-top: 90px;\"><strong><a href=\"\/wp\/files\/publicatii\/Moldavistica2016.pdf\">2016<\/a><\/strong><\/p>\n<p><em>Alc\u0103tuitor:&nbsp;<\/em>Larisa Bulat<\/p>\n<p><em>Coperta:&nbsp;<\/em>Vladimir KRAVCENKO<\/p>\n<\/div>\n<\/div>\n<div>&nbsp;<\/div>\n<div>&nbsp;<\/div>\n<div>&nbsp;<\/div>\n<div style=\"clear: both;\">&nbsp;<\/div>\n<div>\n<div>&nbsp;<\/div>\n<div><a href=\"http:\/\/www.bnrm.md\/wp-content\/uploads\/2014\/05\/Moldavistica2015.pdf\" style=\"float: left; margin: 0 10px -25px;\"><img decoding=\"async\" src=\"http:\/\/www.bnrm.md\/wp-content\/uploads\/2014\/05\/Moldavistica2015.jpg\" alt=\"moldavistica 2015\" style=\"border: 1px solid #000000;\" \/><\/a><\/div>\n<div>\n<p style=\"padding-top: 90px;\"><strong><a href=\"http:\/\/www.bnrm.md\/wp-content\/uploads\/2014\/05\/Moldavistica2015.pdf\">2015<\/a><\/strong><\/p>\n<p><em>Alc\u0103tuitor:&nbsp;<\/em>Larisa Bulat<\/p>\n<p><em>Coperta:&nbsp;<\/em>Drago\u015f Popa Miu<\/p>\n<\/div>\n<\/div>\n<div style=\"clear: both;\">&nbsp;<\/div>\n<div>\n<div>&nbsp;<\/div>\n<div><a href=\"http:\/\/www.bnrm.md\/wp-content\/uploads\/2014\/05\/Moldavistica2014.pdf\" style=\"float: left; margin: 0 10px -25px;\"><img decoding=\"async\" src=\"http:\/\/www.bnrm.md\/wp-content\/uploads\/2014\/05\/Moldavistica2014.png\" alt=\"moldavistica2014\" style=\"border: 1px solid #000000;\" \/><\/a><\/div>\n<div>\n<p style=\"padding-top: 90px;\"><strong><a href=\"http:\/\/www.bnrm.md\/wp-content\/uploads\/2014\/05\/Moldavistica2014.pdf\">2014<\/a><\/strong><\/p>\n<p><em>Alc\u0103tuitor:&nbsp;<\/em>Larisa Bulat<\/p>\n<p><em>Coperta:&nbsp;<\/em>Drago\u015f Popa Miu<\/p>\n<\/div>\n<\/div>\n<div style=\"clear: both;\">&nbsp;<\/div>\n<div>\n<div>&nbsp;<\/div>\n<div><a href=\"http:\/\/www.bnrm.md\/wp-content\/uploads\/2014\/05\/Moldavistica2013.pdf\" style=\"float: left; margin: 0 10px -25px;\"><img decoding=\"async\" src=\"http:\/\/www.bnrm.md\/wp-content\/uploads\/2014\/05\/Moldavistica2013.png\" alt=\"moldavistica2013\" style=\"border: 1px solid #000000;\" \/><\/a><\/div>\n<div>\n<p style=\"padding-top: 90px;\"><strong><a href=\"http:\/\/www.bnrm.md\/wp-content\/uploads\/2014\/05\/Moldavistica2013.pdf\">2013<\/a><\/strong><\/p>\n<p><em>Alc\u0103tuitor:&nbsp;<\/em>Larisa Bulat<\/p>\n<p><em>Coperta:&nbsp;<\/em>Drago\u015f Popa Miu<\/p>\n<\/div>\n<\/div>\n<div style=\"clear: both;\">&nbsp;<\/div>\n<div>\n<div>&nbsp;<\/div>\n<div><a href=\"http:\/\/www.bnrm.md\/wp-content\/uploads\/2014\/05\/Moldavistica2012.pdf\" style=\"float: left; margin: 0 10px -25px;\"><img decoding=\"async\" src=\"http:\/\/www.bnrm.md\/wp-content\/uploads\/2014\/05\/moldavistica2011.jpg\" alt=\"moldavistica2012\" style=\"border: 1px solid #000000;\" \/><\/a><\/div>\n<div>\n<p style=\"padding-top: 90px;\"><strong><a href=\"http:\/\/www.bnrm.md\/wp-content\/uploads\/2014\/05\/Moldavistica2012.pdf\">2012<\/a><\/strong><\/p>\n<p><em>Alc\u0103tuitor:&nbsp;<\/em>Larisa Bulat<\/p>\n<p><em>Coperta:&nbsp;<\/em>Drago\u015f Popa Miu<\/p>\n<\/div>\n<\/div>\n<div style=\"clear: both;\">&nbsp;<\/div>\n<div>\n<div>&nbsp;<\/div>\n<div><a href=\"http:\/\/www.bnrm.md\/wp-content\/uploads\/2014\/05\/Moldavistica2011.pdf\" style=\"float: left; margin: 0 10px -25px;\"><img decoding=\"async\" src=\"http:\/\/www.bnrm.md\/wp-content\/uploads\/2014\/05\/moldavistica2011.jpg\" alt=\"moldavistica2011\" style=\"border: 1px solid #000000;\" \/><\/a><\/div>\n<div>\n<p style=\"padding-top: 90px;\"><strong><a href=\"http:\/\/www.bnrm.md\/wp-content\/uploads\/2014\/05\/Moldavistica2011.pdf\">2011<\/a><\/strong><\/p>\n<p><em>Alc\u0103tuitor:&nbsp;<\/em>Larisa Bulat<\/p>\n<p><em>Coperta:&nbsp;<\/em>Drago\u015f Popa Miu<\/p>\n<\/div>\n<\/div>\n<div style=\"clear: both;\">&nbsp;<\/div>\n<div>\n<div>&nbsp;<\/div>\n<div><a href=\"http:\/\/www.bnrm.md\/wp-content\/uploads\/2014\/05\/Moldavistica2010.pdf\" style=\"float: left; margin: 0 10px -25px;\"><img decoding=\"async\" src=\"http:\/\/www.bnrm.md\/wp-content\/uploads\/2014\/05\/moldavistica2010.jpg\" alt=\"moldavistica2010\" style=\"border: 1px solid #000000;\" \/><\/a><\/div>\n<div>\n<p style=\"padding-top: 90px;\"><strong><a href=\"http:\/\/www.bnrm.md\/wp-content\/uploads\/2014\/05\/Moldavistica2010.pdf\">2010<\/a><\/strong><\/p>\n<p><em>Alc\u0103tuitor:&nbsp;<\/em>Larisa Bulat<\/p>\n<p><em>Coperta:&nbsp;<\/em>Drago\u015f Popa Miu<\/p>\n<\/div>\n<\/div>\n<div style=\"clear: both;\">&nbsp;<\/div>\n<div>\n<div>&nbsp;<\/div>\n<div><a href=\"http:\/\/www.bnrm.md\/wp-content\/uploads\/2014\/05\/Moldavistica2009.pdf\" style=\"float: left; margin: 0 10px -25px;\"><img decoding=\"async\" src=\"http:\/\/www.bnrm.md\/wp-content\/uploads\/2014\/05\/moldavistica2009.jpg\" alt=\"moldavistica2009\" style=\"border: 1px solid #000000;\" \/><\/a><\/div>\n<div>\n<p style=\"padding-top: 60px;\"><strong><a href=\"http:\/\/www.bnrm.md\/wp-content\/uploads\/2014\/05\/Moldavistica2009.pdf\">2009<\/a><\/strong><\/p>\n<p><em>Alc\u0103tuitor:&nbsp;<\/em>Larisa Bulat<\/p>\n<p><em>Coperta:&nbsp;<\/em>Drago\u015f Popa Miu<\/p>\n<p><em>Redactor:&nbsp;<\/em>Jana Badan<\/p>\n<p><em>Paginare computerizat\u0103:&nbsp;<\/em>Rita Creang\u0103<\/p>\n<\/div>\n<\/div>\n<div style=\"clear: both;\">&nbsp;<\/div>\n<div>\n<div>&nbsp;<\/div>\n<div><a href=\"http:\/\/www.bnrm.md\/wp-content\/uploads\/2014\/05\/Moldavistica2008.pdf\" style=\"float: left; margin: 0 10px -25px;\"><img decoding=\"async\" src=\"http:\/\/www.bnrm.md\/wp-content\/uploads\/2014\/05\/moldavistica2008.jpg\" alt=\"moldavistica2008\" style=\"border: 1px solid #000000;\" \/><\/a><\/div>\n<div>\n<p style=\"padding-top: 60px;\"><strong><a href=\"http:\/\/www.bnrm.md\/wp-content\/uploads\/2014\/05\/Moldavistica2008.pdf\">2008<\/a><\/strong><\/p>\n<p><em>Alc\u0103tuitor:&nbsp;<\/em>Larisa Bulat<\/p>\n<p><em>Coperta:&nbsp;<\/em>Drago\u015f Popa Miu<\/p>\n<p><em>Redactor:&nbsp;<\/em>Jana Badan<\/p>\n<p><em>Paginare computerizat\u0103:&nbsp;<\/em>Rita Creang\u0103<\/p>\n<\/div>\n<\/div>\n<div style=\"clear: both;\">&nbsp;<\/div>\n<div>\n<div>&nbsp;<\/div>\n<div><a href=\"http:\/\/www.bnrm.md\/wp-content\/uploads\/2014\/05\/Moldavistica2007.pdf\" style=\"float: left; margin: 0 10px -25px;\"><img decoding=\"async\" src=\"http:\/\/www.bnrm.md\/wp-content\/uploads\/2014\/05\/moldavistica2007.jpg\" alt=\"moldavistica2007\" style=\"border: 1px solid #000000;\" \/><\/a><\/div>\n<div>\n<p style=\"padding-top: 60px;\"><strong><a href=\"http:\/\/www.bnrm.md\/wp-content\/uploads\/2014\/05\/Moldavistica2007.pdf\">2007<\/a><\/strong><\/p>\n<p><em>Alc\u0103tuitor:&nbsp;<\/em>Larisa Bulat<\/p>\n<p><em>Coperta:&nbsp;<\/em>Drago\u015f Popa Miu<\/p>\n<p><em>Redactor:&nbsp;<\/em>Jana Badan<\/p>\n<p><em>Paginare computerizat\u0103:&nbsp;<\/em>Rita Creang\u0103<\/p>\n<\/div>\n<\/div>\n<div style=\"clear: both;\">&nbsp;<\/div>\n<div>\n<div>&nbsp;<\/div>\n<div><a href=\"http:\/\/www.bnrm.md\/wp-content\/uploads\/2014\/05\/Moldavistica2006.pdf\" style=\"float: left; margin: 0 10px -25px;\"><img decoding=\"async\" src=\"http:\/\/www.bnrm.md\/wp-content\/uploads\/2014\/05\/moldavistica2007.jpg\" alt=\"moldavistica2006\" style=\"border: 1px solid #000000;\" \/><\/a><\/div>\n<div>\n<p style=\"padding-top: 60px;\"><strong><a href=\"http:\/\/www.bnrm.md\/wp-content\/uploads\/2014\/05\/Moldavistica2006.pdf\">2006<\/a><\/strong><\/p>\n<p><em>Alc\u0103tuitor:&nbsp;<\/em>Larisa Bulat<\/p>\n<p><em>Coperta:&nbsp;<\/em>Drago\u015f Popa Miu<\/p>\n<p><em>Redactor:&nbsp;<\/em>Natalia Rotaru<\/p>\n<p><em>Paginare computerizat\u0103:&nbsp;<\/em>Maria Griniuc<\/p>\n<\/div>\n<\/div>\n<div style=\"clear: both;\">&nbsp;<\/div>\n<div>\n<div>&nbsp;<\/div>\n<div><a href=\"http:\/\/www.bnrm.md\/wp-content\/uploads\/2014\/05\/Moldavistica2005.pdf\" style=\"float: left; margin: 0 10px -25px;\"><img decoding=\"async\" src=\"http:\/\/www.bnrm.md\/wp-content\/uploads\/2014\/05\/moldavistica2005.jpg\" alt=\"moldavistica2005\" style=\"border: 1px solid #000000;\" \/><\/a><\/div>\n<div>\n<p style=\"padding-top: 60px;\"><strong><a href=\"http:\/\/www.bnrm.md\/wp-content\/uploads\/2014\/05\/Moldavistica2005.pdf\">2005<\/a><\/strong><\/p>\n<p><em>Alc\u0103tuitor:&nbsp;<\/em>Larisa Bulat<\/p>\n<p><em>Coperta:&nbsp;<\/em>Drago\u015f Popa Miu<\/p>\n<p><em>Redactor:&nbsp;<\/em>Jana Badan<\/p>\n<p><em>Paginare computerizat\u0103:&nbsp;<\/em>Maria Griniuc<\/p>\n<\/div>\n<\/div>\n<div style=\"clear: both;\">&nbsp;<\/div>\n<div>\n<div>&nbsp;<\/div>\n<div><a href=\"http:\/\/www.bnrm.md\/wp-content\/uploads\/2014\/05\/Moldavistica2003.pdf\" style=\"float: left; margin: 0 10px -25px;\"><img decoding=\"async\" src=\"http:\/\/www.bnrm.md\/wp-content\/uploads\/2014\/05\/moldavistica2003.jpg\" alt=\"moldavistica2003\" style=\"border: 1px solid #000000;\" \/><\/a><\/div>\n<div>\n<p style=\"padding-top: 60px;\"><strong><a href=\"http:\/\/www.bnrm.md\/wp-content\/uploads\/2014\/05\/Moldavistica2003.pdf\">2003<\/a><\/strong><\/p>\n<p><em>Alc\u0103tuitor:&nbsp;<\/em>Larisa Bulat<\/p>\n<p><em>Coperta:&nbsp;<\/em>Drago\u015f Popa Miu<\/p>\n<p><em>Redactor:&nbsp;<\/em>Jana Jelamschi<\/p>\n<p><em>Paginare computerizat\u0103:&nbsp;<\/em>Oxana Plugaru<\/p>\n<\/div>\n<\/div>\n<div style=\"clear: both;\">&nbsp;<\/div>\n<div>\n<div>&nbsp;<\/div>\n<div><a href=\"http:\/\/www.bnrm.md\/wp-content\/uploads\/2014\/05\/Moldavistica2002.pdf\" style=\"float: left; margin: 0 10px -25px;\"><img decoding=\"async\" src=\"http:\/\/www.bnrm.md\/wp-content\/uploads\/2014\/05\/moldavistica2002.jpg\" alt=\"moldavistica2002\" style=\"border: 1px solid #000000;\" \/><\/a><\/div>\n<div>\n<p style=\"padding-top: 60px;\"><strong><a href=\"http:\/\/www.bnrm.md\/wp-content\/uploads\/2014\/05\/Moldavistica2002.pdf\">2002<\/a><\/strong><\/p>\n<p><em>Alc\u0103tuitor:&nbsp;<\/em>Larisa Bulat<\/p>\n<p><em>Coperta:&nbsp;<\/em>Drago\u015f Popa Miu<\/p>\n<p><em>Redactor:&nbsp;<\/em>Jana Jelamschi<\/p>\n<p><em>Paginare computerizat\u0103:&nbsp;<\/em>Oxana Plugaru<\/p>\n<\/div>\n<\/div>\n<div style=\"clear: both;\">&nbsp;<\/div>\n<div>\n<div>&nbsp;<\/div>\n<div><a href=\"http:\/\/www.bnrm.md\/wp-content\/uploads\/2014\/05\/Moldavistica2001.pdf\" style=\"float: left; margin: 0 10px -25px;\"><img decoding=\"async\" src=\"http:\/\/www.bnrm.md\/wp-content\/uploads\/2014\/05\/moldavistica2001.jpg\" alt=\"moldavistica2001\" style=\"border: 1px solid #000000;\" \/><\/a><\/div>\n<div>\n<p style=\"padding-top: 60px;\"><strong><a href=\"http:\/\/www.bnrm.md\/wp-content\/uploads\/2014\/05\/Moldavistica2001.pdf\">2001<\/a><\/strong><\/p>\n<p><em>Alc\u0103tuitor:&nbsp;<\/em>Larisa Bulat<\/p>\n<p><em>Coperta:&nbsp;<\/em>Drago\u015f Popa Miu<\/p>\n<p><em>Redactor:&nbsp;<\/em>Jana Jelamschi<\/p>\n<p><em>Paginare computerizat\u0103:&nbsp;<\/em>Oxana Plugaru<\/p>\n<\/div>\n<\/div>\n<div style=\"clear: both;\">&nbsp;<\/div>\n<div>\n<div>&nbsp;<\/div>\n<div><a href=\"http:\/\/www.bnrm.md\/wp-content\/uploads\/2014\/05\/Moldavistica2000.pdf\" style=\"float: left; margin: 0 10px -25px;\"><img decoding=\"async\" src=\"http:\/\/www.bnrm.md\/wp-content\/uploads\/2014\/05\/moldavistica2000.jpg\" alt=\"moldavistica2000\" style=\"border: 1px solid #000000;\" \/><\/a><\/div>\n<div>\n<p style=\"padding-top: 60px;\"><strong><a href=\"http:\/\/www.bnrm.md\/wp-content\/uploads\/2014\/05\/Moldavistica2000.pdf\">2000<\/a><\/strong><\/p>\n<p><em>Alc\u0103tuitor:&nbsp;<\/em>Larisa Bulat<\/p>\n<p><em>Coperta:&nbsp;<\/em>Drago\u015f Popa Miu<\/p>\n<p><em>Redactor:&nbsp;<\/em>Valentina G\u0103lu\u015fc\u0103<\/p>\n<p><em>Paginare computerizat\u0103:&nbsp;<\/em>Oxana Plugaru<\/p>\n<\/div>\n<\/div>\n<div style=\"clear: both;\">&nbsp;<\/div>\n<div>&nbsp;<\/div>\n<div>&nbsp;<\/div>\n<div>&nbsp;<\/div>\n<\/div>\n<\/div>\n<\/div>\n","protected":false},"excerpt":{"rendered":"<p>&nbsp; &nbsp; &nbsp; &nbsp; &nbsp; &nbsp; &nbsp; &nbsp; &nbsp; &nbsp; &nbsp; &nbsp; &nbsp; &nbsp; &nbsp; &nbsp; &nbsp; &nbsp; &nbsp; &nbsp; &nbsp; &nbsp; &nbsp; &nbsp; &nbsp; &nbsp; &nbsp; &nbsp; &nbsp; &nbsp;&nbsp; &nbsp; &nbsp; &nbsp; &nbsp; &nbsp; &nbsp; &nbsp; &nbsp; &nbsp; &nbsp; &nbsp; &nbsp; &nbsp; &nbsp; &nbsp; &nbsp; &nbsp; &nbsp;&nbsp; &nbsp; &nbsp; &nbsp; &nbsp; &nbsp; &nbsp; &nbsp;&#8230;<\/p>\n","protected":false},"author":1,"featured_media":167,"parent":0,"menu_order":13,"comment_status":"closed","ping_status":"closed","template":"","meta":{"_bst_post_transparent":"","_bst_post_title":"","_bst_post_layout":"","_bst_post_sidebar_id":"","_bst_post_content_style":"","_bst_post_vertical_padding":"","_bst_post_feature":"","_bst_post_feature_position":"","_bst_post_header":false,"_bst_post_footer":false,"footnotes":""},"class_list":["post-3463","page","type-page","status-publish","has-post-thumbnail","hentry"],"_links":{"self":[{"href":"https:\/\/www.bnrm.md\/index.php?rest_route=\/wp\/v2\/pages\/3463","targetHints":{"allow":["GET"]}}],"collection":[{"href":"https:\/\/www.bnrm.md\/index.php?rest_route=\/wp\/v2\/pages"}],"about":[{"href":"https:\/\/www.bnrm.md\/index.php?rest_route=\/wp\/v2\/types\/page"}],"author":[{"embeddable":true,"href":"https:\/\/www.bnrm.md\/index.php?rest_route=\/wp\/v2\/users\/1"}],"replies":[{"embeddable":true,"href":"https:\/\/www.bnrm.md\/index.php?rest_route=%2Fwp%2Fv2%2Fcomments&post=3463"}],"version-history":[{"count":1,"href":"https:\/\/www.bnrm.md\/index.php?rest_route=\/wp\/v2\/pages\/3463\/revisions"}],"predecessor-version":[{"id":5605,"href":"https:\/\/www.bnrm.md\/index.php?rest_route=\/wp\/v2\/pages\/3463\/revisions\/5605"}],"wp:featuredmedia":[{"embeddable":true,"href":"https:\/\/www.bnrm.md\/index.php?rest_route=\/wp\/v2\/media\/167"}],"wp:attachment":[{"href":"https:\/\/www.bnrm.md\/index.php?rest_route=%2Fwp%2Fv2%2Fmedia&parent=3463"}],"curies":[{"name":"wp","href":"https:\/\/api.w.org\/{rel}","templated":true}]}}