{"id":3472,"date":"2014-06-01T00:07:00","date_gmt":"2014-05-31T21:07:00","guid":{"rendered":"http:\/\/localhost\/wp\/basarabenii-in-lume\/"},"modified":"2014-06-01T00:07:00","modified_gmt":"2014-05-31T21:07:00","slug":"basarabenii-in-lume","status":"publish","type":"page","link":"https:\/\/www.bnrm.md\/?page_id=3472","title":{"rendered":"Basarabenii \u00een lume: materialele Polipticului cultural-istoric \u015fi \u015ftiin\u0163ific organizat de BNRM"},"content":{"rendered":"<h1 style=\"text-align: center;\">Basarabenii \u00een lume: materialele Polipticului cultural-istoric \u015fi \u015ftiin\u0163ific organizat de BNRM<\/h1>\n<p>&nbsp;<\/p>\n<p style=\"text-align: center;\"><img decoding=\"async\" class=\" size-full wp-image-443\" style=\"border: 1px solid #000000; margin: 10px;\" alt=\"basarabenii in lume 7\" src=\"http:\/\/www.bnrm.md\/wp-content\/uploads\/2014\/05\/basarabenii_in_lume_7.jpg\" width=\"180\" height=\"253\" \/><a href=\"http:\/\/www.bnrm.md\/wp-content\/uploads\/2014\/06\/basarabenii_in_lume_6.pdf\"><img decoding=\"async\" class=\" size-full wp-image-445\" style=\"border: 1px solid #000000; margin: 10px;\" alt=\"basarabenii in lume 6\" src=\"http:\/\/www.bnrm.md\/wp-content\/uploads\/2014\/06\/basarabenii_in_lume_6.jpg\" width=\"180\" height=\"253\" \/><\/a><\/p>\n<p style=\"text-align: center;\"><a href=\"http:\/\/www.bnrm.md\/wp-content\/uploads\/2014\/06\/basarabenii_in_lume_5.pdf\"><img decoding=\"async\" class=\" size-full wp-image-447\" style=\"margin: 10px; border: 1px solid #000000;\" alt=\"basarabenii in lume 5\" src=\"http:\/\/www.bnrm.md\/wp-content\/uploads\/2014\/06\/basarabenii_in_lume_5.jpg\" width=\"181\" height=\"253\" \/><\/a><img loading=\"lazy\" decoding=\"async\" class=\" size-full wp-image-448\" style=\"margin: 10px; border: 1px solid #000000;\" alt=\"basarabenii in lume 4\" src=\"http:\/\/www.bnrm.md\/wp-content\/uploads\/2014\/06\/basarabenii_in_lume_4.jpg\" width=\"180\" height=\"253\" \/><a href=\"http:\/\/www.bnrm.md\/wp-content\/uploads\/2014\/06\/basarabenii_in_lume_3.pdf\"><img loading=\"lazy\" decoding=\"async\" class=\" size-full wp-image-450\" style=\"margin: 10px; border: 1px solid #000000;\" alt=\"basarabenii in lume 3\" src=\"http:\/\/www.bnrm.md\/wp-content\/uploads\/2014\/06\/basarabenii_in_lume_3.jpg\" width=\"180\" height=\"253\" \/><\/a><\/p>\n","protected":false},"excerpt":{"rendered":"<p>Basarabenii \u00een lume: materialele Polipticului cultural-istoric \u015fi \u015ftiin\u0163ific organizat de BNRM &nbsp;<\/p>\n","protected":false},"author":1,"featured_media":447,"parent":0,"menu_order":0,"comment_status":"closed","ping_status":"closed","template":"","meta":{"_bst_post_transparent":"","_bst_post_title":"","_bst_post_layout":"","_bst_post_sidebar_id":"","_bst_post_content_style":"","_bst_post_vertical_padding":"","_bst_post_feature":"","_bst_post_feature_position":"","_bst_post_header":false,"_bst_post_footer":false,"footnotes":""},"class_list":["post-3472","page","type-page","status-publish","has-post-thumbnail","hentry"],"_links":{"self":[{"href":"https:\/\/www.bnrm.md\/index.php?rest_route=\/wp\/v2\/pages\/3472","targetHints":{"allow":["GET"]}}],"collection":[{"href":"https:\/\/www.bnrm.md\/index.php?rest_route=\/wp\/v2\/pages"}],"about":[{"href":"https:\/\/www.bnrm.md\/index.php?rest_route=\/wp\/v2\/types\/page"}],"author":[{"embeddable":true,"href":"https:\/\/www.bnrm.md\/index.php?rest_route=\/wp\/v2\/users\/1"}],"replies":[{"embeddable":true,"href":"https:\/\/www.bnrm.md\/index.php?rest_route=%2Fwp%2Fv2%2Fcomments&post=3472"}],"version-history":[{"count":0,"href":"https:\/\/www.bnrm.md\/index.php?rest_route=\/wp\/v2\/pages\/3472\/revisions"}],"wp:featuredmedia":[{"embeddable":true,"href":"https:\/\/www.bnrm.md\/index.php?rest_route=\/wp\/v2\/media\/447"}],"wp:attachment":[{"href":"https:\/\/www.bnrm.md\/index.php?rest_route=%2Fwp%2Fv2%2Fmedia&parent=3472"}],"curies":[{"name":"wp","href":"https:\/\/api.w.org\/{rel}","templated":true}]}}