{"id":3473,"date":"2014-06-01T00:10:51","date_gmt":"2014-05-31T21:10:51","guid":{"rendered":"http:\/\/localhost\/wp\/imaginea-rm\/"},"modified":"2014-06-01T00:10:51","modified_gmt":"2014-05-31T21:10:51","slug":"imaginea-rm","status":"publish","type":"page","link":"https:\/\/www.bnrm.md\/?page_id=3473","title":{"rendered":"Imaginea Republicii Moldova \u00een str\u0103in\u0103tate. Almanah"},"content":{"rendered":"<h1 style=\"text-align: center;\">Imaginea Republicii Moldova \u00een str\u0103in\u0103tate. Almanah<\/h1>\n<p>&nbsp;<\/p>\n<table>\n<tbody>\n<tr>\n<td>&nbsp;<a href=\"http:\/\/www.bnrm.md\/wp-content\/uploads\/2014\/06\/Almanah13.pdf\"><img fetchpriority=\"high\" decoding=\"async\" class=\" size-full wp-image-452\" src=\"http:\/\/www.bnrm.md\/wp-content\/uploads\/2014\/05\/Almanah13.jpg\" alt=\"Almanah13\" style=\"margin: 10px 30px 10px 10px; border: 1px solid rgb(0, 0, 0);\" width=\"200\" height=\"282\" \/><\/a><\/td>\n<td><strong><a href=\"http:\/\/www.bnrm.md\/wp-content\/uploads\/2014\/06\/Almanah13.pdf\">Almanah. Nr.13<\/a><\/strong><\/td>\n<\/tr>\n<tr>\n<td><a href=\"http:\/\/www.bnrm.md\/wp-content\/uploads\/2014\/06\/Almanah12.pdf\"><img decoding=\"async\" class=\" size-full wp-image-455\" src=\"http:\/\/www.bnrm.md\/wp-content\/uploads\/2014\/06\/Almanah10.jpg\" alt=\"Almanah10\" style=\"border: 1px solid #000000; margin: 10px 30px 10px 10px;\" width=\"200\" height=\"283\" \/><\/a><\/td>\n<td>\n<p><strong><a href=\"http:\/\/www.bnrm.md\/wp-content\/uploads\/2014\/06\/Almanah12.pdf\">Almanah. Nr.12<\/a><\/strong><\/p>\n<p><em>Director general:<\/em>&nbsp;Alexe R\u0103u<br \/><em>Elaborare:<\/em>&nbsp;Aliona Tostogan Tatiana Luchian<br \/><em>Coperta:<\/em>&nbsp;Drago\u015f Popa Miu<br \/><em>Lector:<\/em>&nbsp;Raisa Pl\u0103ie\u015fu<br \/><em>Procesare computerizat\u0103:<\/em>&nbsp;Diana Stoian<\/p>\n<\/td>\n<\/tr>\n<tr>\n<td><a href=\"http:\/\/www.bnrm.md\/wp-content\/uploads\/2014\/06\/Almanah11.pdf\"><img decoding=\"async\" class=\" size-full wp-image-455\" src=\"http:\/\/www.bnrm.md\/wp-content\/uploads\/2014\/06\/Almanah10.jpg\" alt=\"Almanah10\" style=\"border: 1px solid #000000; margin: 10px 30px 10px 10px;\" width=\"200\" height=\"283\" \/><\/a><\/td>\n<td>\n<p><a href=\"http:\/\/www.bnrm.md\/wp-content\/uploads\/2014\/06\/Almanah11.pdf\"><strong>Almanah. Nr.11<\/strong><\/a><\/p>\n<p><em>Director general:<\/em>&nbsp;Alexe R\u0103u<br \/><em>Elaborare:<\/em>&nbsp;Aliona Tostogan Tatiana Luchian<br \/><em>Coperta:<\/em>&nbsp;Drago\u015f Popa Miu<br \/><em>Lector:<\/em>&nbsp;Raisa Pl\u0103ie\u015fu<br \/><em>Procesare computerizat\u0103:<\/em>&nbsp;Diana Stoian<\/p>\n<\/td>\n<\/tr>\n<tr>\n<td><a href=\"http:\/\/www.bnrm.md\/wp-content\/uploads\/2014\/06\/Almanah10.pdf\"><img decoding=\"async\" class=\" size-full wp-image-455\" src=\"http:\/\/www.bnrm.md\/wp-content\/uploads\/2014\/06\/Almanah10.jpg\" alt=\"Almanah10\" style=\"margin: 10px 30px 10px 10px; border: 1px solid #000000;\" width=\"200\" height=\"283\" \/><\/a><\/td>\n<td>\n<p><strong><a href=\"http:\/\/www.bnrm.md\/wp-content\/uploads\/2014\/06\/Almanah10.pdf\">Almanah. Nr.10<\/a><\/strong><\/p>\n<p><em>Director general:<\/em> Alexe R\u0103u<br \/><em>Elaborare:<\/em> Aliona Tostogan Tatiana Luchian<br \/><em>Coperta:<\/em> Drago\u015f Popa Miu<br \/><em>Lector:<\/em> Raisa Pl\u0103ie\u015fu<br \/><em>Procesare computerizat\u0103:<\/em> Diana Stoian<\/p>\n<\/td>\n<\/tr>\n<\/tbody>\n<\/table>\n<table>\n<tbody>\n<tr>\n<td><a href=\"http:\/\/www.bnrm.md\/wp-content\/uploads\/2014\/06\/Almanah09.pdf\"><img loading=\"lazy\" decoding=\"async\" class=\" size-full wp-image-459\" src=\"http:\/\/www.bnrm.md\/wp-content\/uploads\/2014\/06\/Almanah09.jpg\" alt=\"Almanah09\" style=\"margin: 10px 30px 10px 10px; border: 1px solid #000000;\" width=\"200\" height=\"283\" \/><\/a><\/td>\n<td>\n<p><strong><a href=\"http:\/\/www.bnrm.md\/wp-content\/uploads\/2014\/06\/Almanah09.pdf\">Almanah. Nr.9<\/a><\/strong><\/p>\n<p><em>Director general:<\/em> Alexe R\u0103u<br \/><em>Elaborare:<\/em> Tatiana Luchian Aliona Tostogan<br \/><em>Coperta:<\/em> Drago\u015f Popa Miu<br \/><em>Lector:<\/em> Raisa Pl\u0103ie\u015fu<br \/><em>Procesare computerizat\u0103:<\/em> Rita Creang\u0103<\/p>\n<\/td>\n<\/tr>\n<\/tbody>\n<\/table>\n<table>\n<tbody>\n<tr>\n<td><a href=\"http:\/\/www.bnrm.md\/wp-content\/uploads\/2014\/06\/Almanah08.pdf\"><img loading=\"lazy\" decoding=\"async\" class=\" size-full wp-image-461\" src=\"http:\/\/www.bnrm.md\/wp-content\/uploads\/2014\/06\/Almanah08.jpg\" alt=\"Almanah08\" style=\"border: 1px solid #000000; margin: 10px 30px 10px 10px;\" width=\"200\" height=\"283\" \/><\/a><\/td>\n<td>\n<p><strong><a href=\"http:\/\/www.bnrm.md\/wp-content\/uploads\/2014\/06\/Almanah08.pdf\">Almanah. Nr.8<\/a><\/strong><\/p>\n<p><em>Director general:<\/em> Alexe R\u0103u<br \/><em>Elaborare:<\/em> Tatiana Luchian Aliona Tostogan<br \/><em>Coperta:<\/em> Drago\u015f Popa Miu<br \/><em>Lector:<\/em> Raisa Pl\u0103ie\u015fu<br \/><em>Procesare computerizat\u0103:<\/em> Rita Creang\u0103<\/p>\n<\/td>\n<\/tr>\n<\/tbody>\n<\/table>\n<table>\n<tbody>\n<tr>\n<td><a href=\"http:\/\/www.bnrm.md\/wp-content\/uploads\/2014\/06\/Almanah07.pdf\"><img loading=\"lazy\" decoding=\"async\" class=\" size-full wp-image-463\" src=\"http:\/\/www.bnrm.md\/wp-content\/uploads\/2014\/06\/Almanah07.jpg\" alt=\"Almanah07\" style=\"margin: 10px 30px 10px 10px; border: 1px solid #000000;\" width=\"200\" height=\"283\" \/><\/a><\/td>\n<td>\n<p><strong><a href=\"http:\/\/www.bnrm.md\/wp-content\/uploads\/2014\/06\/Almanah07.pdf\">Almanah. Nr.7<\/a><\/strong><\/p>\n<p><em>Director general:<\/em> Alexe R\u0103u<br \/><em>Elaborare:<\/em> Tatiana Luchian Aliona Tostogan<br \/><em>Coperta:<\/em> Drago\u015f Popa Miu<br \/><em>Lector:<\/em> Raisa Pl\u0103ie\u015fu<br \/><em>Procesare computerizat\u0103:<\/em> Maria Griniuc<\/p>\n<\/td>\n<\/tr>\n<\/tbody>\n<\/table>\n<table>\n<tbody>\n<tr>\n<td><a href=\"http:\/\/www.bnrm.md\/wp-content\/uploads\/2014\/06\/Almanah06.pdf\"><img loading=\"lazy\" decoding=\"async\" class=\" size-full wp-image-465\" src=\"http:\/\/www.bnrm.md\/wp-content\/uploads\/2014\/06\/Almanah06.jpg\" alt=\"Almanah06\" style=\"margin: 10px 30px 10px 10px; border: 1px solid #000000;\" width=\"200\" height=\"283\" \/><\/a><\/td>\n<td>\n<p><strong><a href=\"http:\/\/www.bnrm.md\/wp-content\/uploads\/2014\/06\/Almanah06.pdf\">Almanah. Nr.6<\/a><\/strong><\/p>\n<p><em>Director general:<\/em> Alexe R\u0103u<br \/><em>Elaborare:<\/em> Tatiana Luchian Aliona Tostogan<br \/><em>Coperta:<\/em> Drago\u015f Popa Miu<br \/><em>Lector:<\/em> Jana Badan<br \/><em>Procesare computerizat\u0103:<\/em> Maria Griniuc<\/p>\n<\/td>\n<\/tr>\n<\/tbody>\n<\/table>\n<table>\n<tbody>\n<tr>\n<td><a href=\"http:\/\/www.bnrm.md\/wp-content\/uploads\/2014\/06\/Almanah05.pdf\"><img loading=\"lazy\" decoding=\"async\" class=\" size-full wp-image-467\" src=\"http:\/\/www.bnrm.md\/wp-content\/uploads\/2014\/06\/Almanah05.jpg\" alt=\"Almanah05\" style=\"margin: 10px 30px 10px 10px; border: 1px solid #000000;\" width=\"200\" height=\"283\" \/><\/a><\/td>\n<td>\n<p><strong><a href=\"http:\/\/www.bnrm.md\/wp-content\/uploads\/2014\/06\/Almanah05.pdf\">Almanah. Nr.5<\/a><\/strong><\/p>\n<p><em>Director general:<\/em> Alexe R\u0103u<br \/><em>Elaborare:<\/em> Tatiana Luchian Aliona Tostogan<br \/><em>Coperta:<\/em> Drago\u015f Popa Miu<br \/><em>Lector:<\/em> Raisa Pl\u0103ie\u015fu<br \/><em>Procesare computerizat\u0103:<\/em> Maria Griniuc<\/p>\n<\/td>\n<\/tr>\n<\/tbody>\n<\/table>\n<table>\n<tbody>\n<tr>\n<td><a href=\"http:\/\/www.bnrm.md\/wp-content\/uploads\/2014\/06\/Almanah04.pdf\"><img loading=\"lazy\" decoding=\"async\" class=\" size-full wp-image-469\" src=\"http:\/\/www.bnrm.md\/wp-content\/uploads\/2014\/06\/Almanah04.jpg\" alt=\"Almanah04\" style=\"margin: 10px 30px 10px 10px; border: 1px solid #000000;\" width=\"200\" height=\"283\" \/><\/a><\/td>\n<td>\n<p><strong><a href=\"http:\/\/www.bnrm.md\/wp-content\/uploads\/2014\/06\/Almanah04.pdf\">Almanah. Nr.4<\/a><\/strong><\/p>\n<p><em>Director general:<\/em> Alexe R\u0103u<br \/><em>Elaborare:<\/em> Tania Luchian Aliona Tostogan<br \/><em>Coperta:<\/em> Drago\u015f Popa<br \/><em>Lector:<\/em> Jana Badan<\/p>\n<\/td>\n<\/tr>\n<\/tbody>\n<\/table>\n<table>\n<tbody>\n<tr>\n<td><a href=\"http:\/\/www.bnrm.md\/wp-content\/uploads\/2014\/06\/Almanah03.pdf\"><img loading=\"lazy\" decoding=\"async\" class=\" size-full wp-image-471\" src=\"http:\/\/www.bnrm.md\/wp-content\/uploads\/2014\/06\/Almanah03.jpg\" alt=\"Almanah03\" style=\"margin: 10px 30px 10px 10px; border: 1px solid #000000;\" width=\"200\" height=\"283\" \/><\/a><\/td>\n<td>\n<p><strong><a href=\"http:\/\/www.bnrm.md\/wp-content\/uploads\/2014\/06\/Almanah03.pdf\">Almanah. Nr.3<\/a><\/strong><\/p>\n<p><em>Director general:<\/em> Alexe R\u0103u<br \/><em>Elaborare:<\/em> Tamara Cotoman, Tania Luchian<br \/><em>Coperta:<\/em> Drago\u015f Popa Miu<br \/><em>Lectori:<\/em> Jana Jelamschi<\/p>\n<\/td>\n<\/tr>\n<\/tbody>\n<\/table>\n<table>\n<tbody>\n<tr>\n<td><a href=\"http:\/\/www.bnrm.md\/wp-content\/uploads\/2014\/06\/Almanah02.pdf\"><img loading=\"lazy\" decoding=\"async\" class=\" size-full wp-image-473\" src=\"http:\/\/www.bnrm.md\/wp-content\/uploads\/2014\/06\/Almanah02.jpg\" alt=\"Almanah02\" style=\"margin: 10px 30px 10px 10px; border: 1px solid #000000;\" width=\"200\" height=\"283\" \/><\/a><\/td>\n<td>\n<p><strong><a href=\"http:\/\/www.bnrm.md\/wp-content\/uploads\/2014\/06\/Almanah02.pdf\">Almanah. Nr.2<\/a><\/strong><\/p>\n<p><em>Director general:<\/em> Alexe R\u0103u<br \/><em>Elaborare:<\/em> Tamara Cotoman, Tania Luchian<br \/><em>Coperta:<\/em> Drago\u015f Popa Miu<br \/><em>Lectori:<\/em> Jana Jelamschi<\/p>\n<\/td>\n<\/tr>\n<\/tbody>\n<\/table>\n<table>\n<tbody>\n<tr>\n<td><a href=\"http:\/\/www.bnrm.md\/wp-content\/uploads\/2014\/06\/Almanah01.pdf\"><img loading=\"lazy\" decoding=\"async\" class=\" size-full wp-image-475\" src=\"http:\/\/www.bnrm.md\/wp-content\/uploads\/2014\/06\/Almanah01.jpg\" alt=\"Almanah01\" style=\"margin: 10px 30px 10px 10px; border: 1px solid #000000;\" width=\"200\" height=\"283\" \/><\/a><\/td>\n<td>\n<p><strong><a href=\"http:\/\/www.bnrm.md\/wp-content\/uploads\/2014\/06\/Almanah01.pdf\">Almanah. Nr.1<\/a><\/strong><\/p>\n<p><em>Director general:<\/em> Alexe R\u0103u<br \/><em>Elaborare:<\/em> Larisa Bulat, Aliona Tostogan, Tania V\u00e2lcu<br \/><em>Coperta:<\/em> Drago\u015f Popa Miu<br \/><em>Lectori:<\/em> Valentina G\u0103lu\u015fc\u0103, Jana Jelamschi<\/p>\n<\/td>\n<\/tr>\n<\/tbody>\n<\/table>\n","protected":false},"excerpt":{"rendered":"<p>Imaginea Republicii Moldova \u00een str\u0103in\u0103tate. Almanah &nbsp; &nbsp; Almanah. Nr.13 Almanah. Nr.12 Director general:&nbsp;Alexe R\u0103uElaborare:&nbsp;Aliona Tostogan Tatiana LuchianCoperta:&nbsp;Drago\u015f Popa MiuLector:&nbsp;Raisa Pl\u0103ie\u015fuProcesare computerizat\u0103:&nbsp;Diana Stoian Almanah. Nr.11 Director general:&nbsp;Alexe R\u0103uElaborare:&nbsp;Aliona Tostogan Tatiana LuchianCoperta:&nbsp;Drago\u015f Popa MiuLector:&nbsp;Raisa Pl\u0103ie\u015fuProcesare computerizat\u0103:&nbsp;Diana Stoian Almanah. Nr.10 Director general: Alexe R\u0103uElaborare: Aliona Tostogan Tatiana LuchianCoperta: Drago\u015f Popa MiuLector: Raisa Pl\u0103ie\u015fuProcesare computerizat\u0103: Diana Stoian Almanah&#8230;.<\/p>\n","protected":false},"author":1,"featured_media":456,"parent":0,"menu_order":0,"comment_status":"closed","ping_status":"closed","template":"","meta":{"_bst_post_transparent":"","_bst_post_title":"","_bst_post_layout":"","_bst_post_sidebar_id":"","_bst_post_content_style":"","_bst_post_vertical_padding":"","_bst_post_feature":"","_bst_post_feature_position":"","_bst_post_header":false,"_bst_post_footer":false,"footnotes":""},"class_list":["post-3473","page","type-page","status-publish","has-post-thumbnail","hentry"],"_links":{"self":[{"href":"https:\/\/www.bnrm.md\/index.php?rest_route=\/wp\/v2\/pages\/3473","targetHints":{"allow":["GET"]}}],"collection":[{"href":"https:\/\/www.bnrm.md\/index.php?rest_route=\/wp\/v2\/pages"}],"about":[{"href":"https:\/\/www.bnrm.md\/index.php?rest_route=\/wp\/v2\/types\/page"}],"author":[{"embeddable":true,"href":"https:\/\/www.bnrm.md\/index.php?rest_route=\/wp\/v2\/users\/1"}],"replies":[{"embeddable":true,"href":"https:\/\/www.bnrm.md\/index.php?rest_route=%2Fwp%2Fv2%2Fcomments&post=3473"}],"version-history":[{"count":0,"href":"https:\/\/www.bnrm.md\/index.php?rest_route=\/wp\/v2\/pages\/3473\/revisions"}],"wp:featuredmedia":[{"embeddable":true,"href":"https:\/\/www.bnrm.md\/index.php?rest_route=\/wp\/v2\/media\/456"}],"wp:attachment":[{"href":"https:\/\/www.bnrm.md\/index.php?rest_route=%2Fwp%2Fv2%2Fmedia&parent=3473"}],"curies":[{"name":"wp","href":"https:\/\/api.w.org\/{rel}","templated":true}]}}