{"id":3474,"date":"2014-06-01T00:46:39","date_gmt":"2014-05-31T21:46:39","guid":{"rendered":"http:\/\/localhost\/wp\/publicatii-de-sinteza\/"},"modified":"2026-04-30T09:00:00","modified_gmt":"2026-04-30T07:00:00","slug":"publicatii-de-sinteza","status":"publish","type":"page","link":"https:\/\/www.bnrm.md\/?page_id=3474","title":{"rendered":"Publica\u0163ii de sintez\u0103"},"content":{"rendered":"<p>Publica\u0163ii de sintez\u0103<\/p>\n<ul>\n<li><a href=\"http:\/\/www.bnrm.md\/?page_id=3473\">Imaginea Republicii Moldova \u00een str\u0103in\u0103tate. Almanah<\/a><\/li>\n<li><a href=\"http:\/\/www.bnrm.md\/?page_id=3472\">Basarabenii \u00een lume: materialele Polipticului cultural-istoric \u015fi \u015ftiin\u0163ific organizat de BNRM<\/a><\/li>\n<li><a href=\"http:\/\/www.bnrm.md\/?page_id=3471\">Bibliotecile Publice Teritoriale din Republica Moldova. Indicatori statistici \u0219i de performan\u021b\u0103<\/a><\/li>\n<li><a href=\"http:\/\/www.bnrm.md\/wp-content\/uploads\/2014\/06\/situatii-statistica-2022-2023.pdf\">SISTEMUL NA\u021aIONAL DE BIBLIOTECI DIN REPUBLICA MOLDOVA. Studiu statistic 2022-2023 <\/a><\/li>\n<li><a href=\"http:\/\/www.bnrm.md\/wp-content\/uploads\/2014\/06\/situatii-statistica20-21.pdf\">SISTEMUL NA\u021aIONAL DE BIBLIOTECI DIN REPUBLICA MOLDOVA. Studiu statistic 2020-2021<\/a><\/li>\n<li><a href=\"http:\/\/www.bnrm.md\/wp-content\/uploads\/2014\/06\/Studiu-statistic-2017-2019.pdf\">SISTEMUL NA\u021aIONAL DE BIBLIOTECI DIN REPUBLICA MOLDOVA. Studiu statistic 2017-2019<\/a><\/li>\n<li><a href=\"http:\/\/www.bnrm.md\/wp-content\/uploads\/2014\/06\/situatii-statistice.pdf\">SISTEMUL NA\u021aIONAL DE BIBLIOTECI DIN REPUBLICA MOLDOVA. Studiu statistic 2017-2018<\/a><\/li>\n<li><a href=\"http:\/\/www.bnrm.md\/?page_id=3470\">Biblioteca Na\u0163ional\u0103: raport anual<\/a><\/li>\n<li><a href=\"http:\/\/www.bnrm.md\/wp-content\/uploads\/2014\/05\/Publicatii-sinteza-Omagiu-Strajerilor-patrimoniului-documentar.pdf\">Omagiu \u201eStr\u0103jerilor\u201d patrimoniului documentar al BNRM<\/a><\/li>\n<li><a href=\"http:\/\/www.bnrm.md\/wp-content\/uploads\/2014\/06\/Publicatii-sinteza-Topul-10-carti-2017.pdf\">Topul celor mai citite c\u0103r\u021bi editate \u00een anul 2017: Studiu descriptiv<\/a><\/li>\n<li><a href=\"http:\/\/www.bnrm.md\/wp-content\/uploads\/2014\/06\/TP-2018.pdf\">Topul celor mai citite 10 c\u0103r\u0163i, editate \u00een anul 2018. Studiu sociologic<\/a><\/li>\n<li><a href=\"http:\/\/www.bnrm.md\/wp-content\/uploads\/2014\/06\/TP-2019.pdf\">Topul celor mai citite 10 c\u0103r\u0163i, editate \u00een anul 2019. Studiu sociologic<\/a><\/li>\n<li><a href=\"http:\/\/www.bnrm.md\/wp-content\/uploads\/2014\/06\/Topul_2020.pdf\">Topul celor mai citite 10 c\u0103r\u0163i, editate \u00een anul 2020. Studiu sociologic<\/a><\/li>\n<\/ul>\n","protected":false},"excerpt":{"rendered":"<p>Publica\u0163ii de sintez\u0103 Imaginea Republicii Moldova \u00een str\u0103in\u0103tate. Almanah Basarabenii \u00een lume: materialele Polipticului cultural-istoric \u015fi \u015ftiin\u0163ific organizat de BNRM Bibliotecile Publice Teritoriale din Republica Moldova. Indicatori statistici \u0219i de performan\u021b\u0103 SISTEMUL NA\u021aIONAL DE BIBLIOTECI DIN REPUBLICA MOLDOVA. Studiu statistic 2022-2023 SISTEMUL NA\u021aIONAL DE BIBLIOTECI DIN REPUBLICA MOLDOVA. Studiu statistic 2020-2021 SISTEMUL NA\u021aIONAL DE BIBLIOTECI&#8230;<\/p>\n","protected":false},"author":1,"featured_media":0,"parent":0,"menu_order":7,"comment_status":"closed","ping_status":"closed","template":"","meta":{"_bst_post_transparent":"","_bst_post_title":"","_bst_post_layout":"","_bst_post_sidebar_id":"","_bst_post_content_style":"","_bst_post_vertical_padding":"","_bst_post_feature":"","_bst_post_feature_position":"","_bst_post_header":false,"_bst_post_footer":false,"footnotes":""},"class_list":["post-3474","page","type-page","status-publish","hentry"],"_links":{"self":[{"href":"https:\/\/www.bnrm.md\/index.php?rest_route=\/wp\/v2\/pages\/3474","targetHints":{"allow":["GET"]}}],"collection":[{"href":"https:\/\/www.bnrm.md\/index.php?rest_route=\/wp\/v2\/pages"}],"about":[{"href":"https:\/\/www.bnrm.md\/index.php?rest_route=\/wp\/v2\/types\/page"}],"author":[{"embeddable":true,"href":"https:\/\/www.bnrm.md\/index.php?rest_route=\/wp\/v2\/users\/1"}],"replies":[{"embeddable":true,"href":"https:\/\/www.bnrm.md\/index.php?rest_route=%2Fwp%2Fv2%2Fcomments&post=3474"}],"version-history":[{"count":10,"href":"https:\/\/www.bnrm.md\/index.php?rest_route=\/wp\/v2\/pages\/3474\/revisions"}],"predecessor-version":[{"id":6841,"href":"https:\/\/www.bnrm.md\/index.php?rest_route=\/wp\/v2\/pages\/3474\/revisions\/6841"}],"wp:attachment":[{"href":"https:\/\/www.bnrm.md\/index.php?rest_route=%2Fwp%2Fv2%2Fmedia&parent=3474"}],"curies":[{"name":"wp","href":"https:\/\/api.w.org\/{rel}","templated":true}]}}