{"id":3483,"date":"2014-06-01T16:11:08","date_gmt":"2014-06-01T13:11:08","guid":{"rendered":"http:\/\/localhost\/wp\/documente-directoare-internationale\/"},"modified":"2014-06-01T16:11:08","modified_gmt":"2014-06-01T13:11:08","slug":"documente-directoare-internationale","status":"publish","type":"page","link":"https:\/\/www.bnrm.md\/?page_id=3483","title":{"rendered":"Documente directoare &#8211; interna\u0163ionale"},"content":{"rendered":"<h1 style=\"text-align: center;\">Documente directoare Europene \u0219i Interna\u021bionale<\/h1>\n<p>&nbsp;<\/p>\n<dl>\n<dt style=\"font-weight: bold;\">Declara\u0163ii<\/dt>\n<\/dl>\n<p>&nbsp;<\/p>\n<dl>\n<dd><a href=\"https:\/\/eur-lex.europa.eu\/legal-content\/RO\/TXT\/?uri=CELEX:32023C0123(01)\">Declara\u021bia european\u0103 privind drepturile \u0219i principiile digitale pentru deceniul digital<\/a><\/dd>\n<\/dl>\n<dl>\n<dd><a href=\"http:\/\/www.bnrm.md\/wp-content\/uploads\/2014\/06\/Declaratia_IFLA_privind_bibliotecile_si_dezvoltarea.doc\">Declara\u021bia IFLA privind bibliotecile \u0219i dezvoltarea<\/a><\/dd>\n<\/dl>\n<dl>\n<dd><a href=\"http:\/\/www.bnrm.md\/wp-content\/uploads\/2014\/06\/Declaratia_de_la_Copenhagen.pdf\">Declaratia de la Copenhaga<\/a><\/dd>\n<p>&nbsp;<\/dl>\n<dl>\n<dd><a href=\"http:\/\/www.bnrm.md\/wp-content\/uploads\/2014\/06\/IFLA_pentru_sustinerea_dezvoltarii.pdf\">IFLA pentru sustinerea dezvoltarii<\/a><\/dd>\n<p>&nbsp;<\/dl>\n<dl>\n<dd><a href=\"http:\/\/www.bnrm.md\/wp-content\/uploads\/2014\/06\/Declaratia-misiune_a_INTAMEL.pdf\">Declaratia-misiune a INTAMEL<\/a><\/dd>\n<p>&nbsp;<\/dl>\n<dl>\n<dd><a href=\"http:\/\/www.bnrm.md\/wp-content\/uploads\/2014\/06\/Declaratia_de_la_Glasgow.pdf\">Declara\u0163ia de la Glasgow privind Bibliotecile, Serviciile de Informare \u015fi Libertatea Intelectual\u0103<\/a><\/dd>\n<p>&nbsp;<\/dl>\n<dl>\n<dd><a href=\"http:\/\/www.bnrm.md\/wp-content\/uploads\/2014\/06\/Declaratia_de_la_Berlin.pdf\">Declara\u0163ia de la Berlin privind Accesul Deschis la Cuno\u015ftin\u0163e \u00een domeniul \u015etiin\u0163ei \u015fi \u015etiin\u0163elor Umanitare<\/a><\/dd>\n<p>&nbsp;<\/dl>\n<dl>\n<dd><a href=\"http:\/\/www.bnrm.md\/wp-content\/uploads\/2014\/06\/Declaratia-de-Principii-Internationale-de-CatalogareICP-2016.pdf\">Declara\u021bia de Principii Interna\u021bionale de Catalogare (ICP)<\/a><\/dd>\n<\/dl>\n<p>&nbsp;<\/p>\n<dl>\n<dt style=\"font-weight: bold;\">Manifeste<\/dt>\n<\/dl>\n<p>&nbsp;<\/p>\n<dl>\n<dd><a href=\"http:\/\/www.bnrm.md\/wp-content\/uploads\/2014\/06\/MANIFESTUL-BIBLIOTECILOR-PENTRU-EUROPA.pdf\">MANIFESTUL BIBLIOTECILOR PENTRU EUROPA<\/a><\/dd>\n<p>&nbsp;<\/dl>\n<dl>\n<dd><a href=\"http:\/\/www.bnrm.md\/wp-content\/uploads\/2014\/06\/Manifestul_UNESCO_pentru_biblioteci_scolare.pdf\">Manifestul UNESCO pentru biblioteci scolare<\/a><\/dd>\n<p>&nbsp;<\/dl>\n<dl>\n<dd><a href=\"http:\/\/www.bnrm.md\/wp-content\/uploads\/2014\/06\/Manifestul_IFLA_despre_Biblioteca_Multiculturala.doc\">Manifestul IFLA despre Biblioteca Multiculturala<\/a><\/dd>\n<p>&nbsp;<\/dl>\n<dl>\n<dd><a href=\"http:\/\/www.bnrm.md\/wp-content\/uploads\/2014\/06\/Manifestul_de_la_Oeiras.pdf\">Manifestul de la Oeiras<\/a><\/dd>\n<p>&nbsp;<\/dl>\n<dl>\n<dd><a href=\"http:\/\/www.bnrm.md\/wp-content\/uploads\/2014\/06\/Manifestul_IFLA_pentru_Internet.pdf\">Manifestul IFLA pentru Internet<\/a><\/dd>\n<p>&nbsp;<\/dl>\n<dl>\n<dd><a href=\"http:\/\/www.bnrm.md\/wp-content\/uploads\/2014\/06\/IFLA-UNESCO-Public-Library-Manifesto-2022.pdf\">Manifestul Bibliotecii Publice IFLA-UNESCO 2022<\/a><\/dd>\n<p>&nbsp;<\/dl>\n<dl>\n<dd><a href=\"http:\/\/www.bnrm.md\/wp-content\/uploads\/2014\/06\/Manifestul_de_la_Alexandria_despre_Biblioteci.pdf\">Manifestul de la Alexandria despre Biblioteci. Societatea Informa\u0163ional\u0103 \u00een Ac\u0163iune<\/a><\/dd>\n<p>&nbsp;<\/dl>\n<dl>\n<dd><a href=\"http:\/\/www.bnrm.md\/wp-content\/uploads\/2014\/06\/Manifestul_Domeniului_Public.doc\">Manifestul Domeniului Public<\/a><\/dd>\n<p>&nbsp;<\/dl>\n<dl>\n<dd><a href=\"http:\/\/www.bnrm.md\/wp-content\/uploads\/2014\/06\/Manifestul_IFLA_Statistica_de_biblioteca.pdf\">Manifestul IFLA Statistica de biblioteca<\/a><\/dd>\n<p>&nbsp;<\/dl>\n<dl>\n<dd><a href=\"http:\/\/www.bnrm.md\/wp-content\/uploads\/2014\/06\/manifest-internet-2014.doc\">Manifestul IFLA pentru Internet 2014<\/a><\/dd>\n<\/dl>\n<p>&nbsp;<\/p>\n<dl>\n<dt style=\"font-weight: bold;\">Alte documente<\/dt>\n<\/dl>\n<p>&nbsp;<\/p>\n<dl>\n<dt><\/dt>\n<dd><a href=\"http:\/\/www.bnrm.md\/wp-content\/uploads\/2014\/06\/IFLA_Dezvoltarea_profesionala_continua.pdf\">IFLA &#8211; Dezvoltarea profesional\u0103 continu\u0103<\/a><\/dd>\n<\/dl>\n<dl>\n<dd><a href=\"https:\/\/repository.ifla.org\/bitstream\/123456789\/72\/2\/ifla-school-library-guidelines-ro.pdf\">Ghidul IFLA pentru biblioteci \u0219colare<\/a><\/dd>\n<p>&nbsp;<\/dl>\n<dl>\n<dd><a href=\"https:\/\/repository.ifla.org\/handle\/123456789\/1735\">Recomand\u0103rile IFLA cu privire la referin\u021bele digitale<\/a><\/dd>\n<\/dl>\n<dl>\n<dd><a href=\"http:\/\/www.bnrm.md\/wp-content\/uploads\/2014\/06\/ROMANIAN-Public-Domain-Charter.pdf\">Carta Europeana pentru Domeniul Public<\/a><\/dd>\n<dd><\/dd>\n<dd><a href=\"http:\/\/www.bnrm.md\/wp-content\/uploads\/2014\/06\/OJ_C_2022_466_FULL_RO_TXT.pdf\">Rezolu\u021bia Consiliului privind planul de lucru al UE \u00een domeniul Culturii pentru perioada 2023-2026<\/a><\/dd>\n<\/dl>\n","protected":false},"excerpt":{"rendered":"<p>Documente directoare Europene \u0219i Interna\u021bionale &nbsp; Declara\u0163ii &nbsp; Declara\u021bia european\u0103 privind drepturile \u0219i principiile digitale pentru deceniul digital Declara\u021bia IFLA privind bibliotecile \u0219i dezvoltarea Declaratia de la Copenhaga &nbsp; IFLA pentru sustinerea dezvoltarii &nbsp; Declaratia-misiune a INTAMEL &nbsp; Declara\u0163ia de la Glasgow privind Bibliotecile, Serviciile de Informare \u015fi Libertatea Intelectual\u0103 &nbsp; Declara\u0163ia de la Berlin&#8230;<\/p>\n","protected":false},"author":1,"featured_media":0,"parent":0,"menu_order":2,"comment_status":"closed","ping_status":"closed","template":"","meta":{"_bst_post_transparent":"","_bst_post_title":"","_bst_post_layout":"","_bst_post_sidebar_id":"","_bst_post_content_style":"","_bst_post_vertical_padding":"","_bst_post_feature":"","_bst_post_feature_position":"","_bst_post_header":false,"_bst_post_footer":false,"footnotes":""},"class_list":["post-3483","page","type-page","status-publish","hentry"],"_links":{"self":[{"href":"https:\/\/www.bnrm.md\/index.php?rest_route=\/wp\/v2\/pages\/3483","targetHints":{"allow":["GET"]}}],"collection":[{"href":"https:\/\/www.bnrm.md\/index.php?rest_route=\/wp\/v2\/pages"}],"about":[{"href":"https:\/\/www.bnrm.md\/index.php?rest_route=\/wp\/v2\/types\/page"}],"author":[{"embeddable":true,"href":"https:\/\/www.bnrm.md\/index.php?rest_route=\/wp\/v2\/users\/1"}],"replies":[{"embeddable":true,"href":"https:\/\/www.bnrm.md\/index.php?rest_route=%2Fwp%2Fv2%2Fcomments&post=3483"}],"version-history":[{"count":0,"href":"https:\/\/www.bnrm.md\/index.php?rest_route=\/wp\/v2\/pages\/3483\/revisions"}],"wp:attachment":[{"href":"https:\/\/www.bnrm.md\/index.php?rest_route=%2Fwp%2Fv2%2Fmedia&parent=3483"}],"curies":[{"name":"wp","href":"https:\/\/api.w.org\/{rel}","templated":true}]}}