{"id":3997,"date":"2014-06-24T21:16:52","date_gmt":"2014-06-24T18:16:52","guid":{"rendered":"http:\/\/localhost\/wp\/imprumut-interbibliotecar\/"},"modified":"2014-06-24T21:16:52","modified_gmt":"2014-06-24T18:16:52","slug":"imprumut-interbibliotecar","status":"publish","type":"page","link":"https:\/\/www.bnrm.md\/?page_id=3997","title":{"rendered":"\u00cemprumut interbibliotecar"},"content":{"rendered":"<h1 style=\"text-align: center;\">\u00cemprumut interbibliotecar<\/h1>\n<h4 style=\"text-align: center;\">&nbsp;<\/h4>\n<h4 style=\"text-align: center;\">Prezentare \u0219i obiective<\/h4>\n<p>Prin intermediul \u00eemprumutului interbibliotecar na\u0163ional, bibliotecile din \u0163ar\u0103 pot solicita pentru utilizatorii s\u0103i, publica\u0163iile care nu se reg\u0103sesc \u00een colec\u0163iile proprii.<\/p>\n<p>\u00cemprumutul interbibliotecar cuprinde toate tipurile de documente, cu excep\u0163ia publica\u0163iilor de patrimoniu, men\u021bionate \u00een art. 19 din \u201eLegea cu privire la biblioteci\u201d \u0219i art. 4 din \u201eLegea privind protejarea patrimoniului cultural na\u021bional mobil\u201d, a documentelor fragile sau voluminoase, precum \u015fi a celor solicitate frecvent pentru lectur\u0103 \u00een cadrul bibliotecii furnizoare, care decide \u00een toate cazurile dac\u0103 documentul solicitat poate fi \u00eemprumutat.<\/p>\n<p><a href=\"http:\/\/www.bnrm.md\/wp-content\/uploads\/2014\/06\/Regulamentul_privind_SNIIB_RM.pdf\"><strong>Regulamentul privind Sistemul Na\u0163ional de \u00cemprumut Interbibliotecar \u00een Republica Moldova<\/strong> (proiect)<\/a><\/p>\n<h4 style=\"text-align: center;\">Condi\u0163ii de \u00eemprumut:<\/h4>\n<ul>\n<li>\u00cemprumutul documentelor se realizeaz\u0103 \u00een baza cererii de \u00eemprumut interbibliotecar;<\/li>\n<li>Publica\u0163iile primite prin \u00eemprumutul interbibliotecar se consult\u0103 numai \u00een sala de lectur\u0103.<\/li>\n<\/ul>\n<h4 style=\"text-align: center;\">Termen de livrare:<\/h4>\n<p>Biblioteca furnizoare stabile\u015fte perioada de \u00eemprumut a documentului (din momentul expedierii):<\/p>\n<ol style=\"list-style-type: lower-alpha;\">\n<li>pentru c\u0103r\u0163i \u2013 20 de zile,<\/li>\n<li>publica\u0163ii periodice \u2013 15 zile,<\/li>\n<li>microfilme \u2013 45 de zile.<\/li>\n<\/ol>\n<p>Perioada&nbsp; de \u00eemprumut al documentului poate fi prelungit\u0103 o singur\u0103 dat\u0103 pe un termen de&nbsp; 10 zile, doar \u00een cazul, c\u00e2nd documentul nu este suprasolicitat.<\/p>\n<p><strong>Not\u0103:<\/strong> Persoanele fizice din \u0163ar\u0103 pot beneficia de \u00eemprumutul interbibliotecar prin intermediul oric\u0103rei bibliotececi publice raionale care este sau poate deveni abonatul BNRM.<\/p>\n<h4 style=\"text-align: center;\">Formulare de \u00eemprumut<\/h4>\n<p>\u00cemprumutul documentelor se realizeaz\u0103 \u00een baza formularului tipizat al cererii de \u00eemprumut interbibliotecar, care const\u0103 din patru p\u0103r\u021bi identice \u2013 formularele A, B, C \u0219i D.<\/p>\n<p><strong>\u00cemprumutul interbibliotecar intern<\/strong> se realizeaz\u0103 pe baza <strong>formularelor A, B, C<\/strong>, iar <strong>cererea pentru \u00eemprumutul interna\u021bional<\/strong> se realizeaz\u0103 pe baza formularelor <strong>A, B, C<\/strong> \u0219i<strong> D<\/strong>, dup\u0103 cum urmeaz\u0103:<\/p>\n<ul>\n<li><strong>Formularul A<\/strong> este p\u0103strat de c\u0103tre biblioteca beneficiar\u0103&nbsp; \u015fi este utilizat pentru a exercita controlul asupra termenului de \u00eendeplinire a cererii de c\u0103tre&nbsp; biblioteca furnizoare \u015fi \u0163inerea la zi a eviden\u0163ei statistice.<\/li>\n<\/ul>\n<p><strong>Formularele B, C<\/strong> \u0219i <strong>D<\/strong> sunt trimise bibliotecii furnizoare;<\/p>\n<ul>\n<li><strong>Formularul B<\/strong> \u00eenso\u0163e\u015fte documentul solicitat at\u00e2t la \u00eemprumut, c\u00e2t \u015fi la restituire.<\/li>\n<li><strong>Formularul C<\/strong> este re\u0163inut de c\u0103tre biblioteca furnizoare ca justificare a \u00eemprumutului efectuat \u015fi se poate utiliza pentru \u00eenlocuirea la raft a documentului \u00eemprumutat, pentru exercitarea controlului asupra termenului de consultare a documentului \u015fi efectuarea eviden\u0163ei statistice. \u00cen caz de nelivrare a documentului solicitat, <strong>formularele B \u015fi C<\/strong> se restituie&nbsp; bibliotecii beneficiare.<\/li>\n<\/ul>\n<p style=\"margin-left: 60px;\"><strong>NOT\u0102:<\/strong> Pentru a da un r\u0103spuns mai complet biblioteca furnizoare poate indica pe versoul <strong>formularului B<\/strong> unele detalii, cum ar fi: rezultatele investiga\u0163iei bibliografice \u00een scopul identific\u0103rii documentului solicitat dup\u0103 aparatul de referin\u0163\u0103, data expedierii documentului \u00eemprumutat, rechizitele po\u015ftale (nr. coletului \u015fi a borderoului de expediere po\u015ftal\u0103) \u015fi alte men\u0163iuni de serviciu: motivul refuzului \u00een satisfacerea cererii \u0219i denumirea bibliotecilor furnizoare \u00een care a fost adresat\u0103 ulterior cererea.<\/p>\n<ul>\n<li><strong>Formularul D<\/strong> (pe verso) poate con\u0163ine men\u0163iuni referitoare la denumirea bibliotecilor, \u00een care cererea circul\u0103 prin coordonare. Formularul D este re\u0163inut la biblioteca furnizoare ca dovad\u0103 a \u00eemprumutului efectuat \u015fi se p\u0103streaz\u0103 eviden\u021ba pentru statistic\u0103.<\/li>\n<\/ul>\n<p>\u00cen caz de nelivrare a documentului, cele trei formulare <strong>(B, C, D)<\/strong> se restituie bibliotecii beneficiare.<\/p>\n<p><a href=\"http:\/\/www.bnrm.md\/wp-content\/uploads\/2014\/06\/Anexe.pdf\">Modelul de cerere de \u00eemprumut interbibliotecar poate fi preluat<\/a><\/p>\n<h4 style=\"text-align: center;\">Acoperirea cheltuielilor<\/h4>\n<p>\u00cemprumutul intern este gratuit. Biblioteca&nbsp; furnizoare percepe taxe&nbsp; \u00een cazul copierii documentelor \u00een form\u0103 tradi\u0163ional\u0103 sau electronic\u0103, dup\u0103 ce valoarea acestora \u015fi forma de plat\u0103 au fost comunicate bibliotecii beneficiare.<\/p>\n<p>\u00cemprumutul interna\u0163ional se face contra cost. Biblioteca furnizoare percepe taxe sub forma cupoanelor interna\u0163ionale IFLA (detalii privind sistemul de plat\u0103 \u00een cupoane interna\u021bionale pentru \u00eemprumutul interna\u021bional&nbsp; \u0219i forma cuponului interna\u021bional IFLA vezi Anexa 3 a Regulamentului privind Sistemul Na\u021bional de \u00cemprumut Interbibliotecar \u00een Republica Moldova&nbsp; (proiect)), facturilor sau altor forme \u00een dependen\u0163\u0103 de regulile \u00een vigoare din \u0163\u0103rile respective.<\/p>\n<table style=\"border-color: #000000; border-width: 1px; border-style: solid; width: 361px; height: 114px;\" align=\"center\">\n<tbody>\n<tr style=\"border-color: #000000; border-width: 1px; background-color: #ffff00;\">\n<td style=\"border-color: #000000; border-width: 1px; border-style: solid; text-align: center;\"><strong>Contact<\/strong><\/td>\n<\/tr>\n<tr style=\"border-color: #000000; border-width: 1px;\">\n<td style=\"border-color: #000000; border-width: 1px; border-style: solid; text-align: center;\">\n<p>Biblioteca Na\u021bional\u0103 a Republicii Moldova<br \/>str. 31 August 1989, 78A<br \/>Serviciul \u00cemprumut de publica\u021bii<\/p>\n<p>e-mail: <a href=\"mailto:imprumut@bnrm.md\">imprumut@bnrm.md<\/a><br \/>telefon: (+373) 022 22 41 11 (interior&nbsp; 111)<\/p>\n<\/td>\n<\/tr>\n<\/tbody>\n<\/table>\n","protected":false},"excerpt":{"rendered":"<p>\u00cemprumut interbibliotecar &nbsp; Prezentare \u0219i obiective Prin intermediul \u00eemprumutului interbibliotecar na\u0163ional, bibliotecile din \u0163ar\u0103 pot solicita pentru utilizatorii s\u0103i, publica\u0163iile care nu se reg\u0103sesc \u00een colec\u0163iile proprii. \u00cemprumutul interbibliotecar cuprinde toate tipurile de documente, cu excep\u0163ia publica\u0163iilor de patrimoniu, men\u021bionate \u00een art. 19 din \u201eLegea cu privire la biblioteci\u201d \u0219i art. 4 din \u201eLegea privind&#8230;<\/p>\n","protected":false},"author":1,"featured_media":0,"parent":0,"menu_order":13,"comment_status":"closed","ping_status":"closed","template":"","meta":{"_bst_post_transparent":"","_bst_post_title":"","_bst_post_layout":"","_bst_post_sidebar_id":"","_bst_post_content_style":"","_bst_post_vertical_padding":"","_bst_post_feature":"","_bst_post_feature_position":"","_bst_post_header":false,"_bst_post_footer":false,"footnotes":""},"class_list":["post-3997","page","type-page","status-publish","hentry"],"_links":{"self":[{"href":"https:\/\/www.bnrm.md\/index.php?rest_route=\/wp\/v2\/pages\/3997","targetHints":{"allow":["GET"]}}],"collection":[{"href":"https:\/\/www.bnrm.md\/index.php?rest_route=\/wp\/v2\/pages"}],"about":[{"href":"https:\/\/www.bnrm.md\/index.php?rest_route=\/wp\/v2\/types\/page"}],"author":[{"embeddable":true,"href":"https:\/\/www.bnrm.md\/index.php?rest_route=\/wp\/v2\/users\/1"}],"replies":[{"embeddable":true,"href":"https:\/\/www.bnrm.md\/index.php?rest_route=%2Fwp%2Fv2%2Fcomments&post=3997"}],"version-history":[{"count":0,"href":"https:\/\/www.bnrm.md\/index.php?rest_route=\/wp\/v2\/pages\/3997\/revisions"}],"wp:attachment":[{"href":"https:\/\/www.bnrm.md\/index.php?rest_route=%2Fwp%2Fv2%2Fmedia&parent=3997"}],"curies":[{"name":"wp","href":"https:\/\/api.w.org\/{rel}","templated":true}]}}