{"id":3999,"date":"2014-06-24T21:42:36","date_gmt":"2014-06-24T18:42:36","guid":{"rendered":"http:\/\/localhost\/wp\/imprumut-la-domiciliu\/"},"modified":"2014-06-24T21:42:36","modified_gmt":"2014-06-24T18:42:36","slug":"imprumut-la-domiciliu","status":"publish","type":"page","link":"https:\/\/www.bnrm.md\/?page_id=3999","title":{"rendered":"\u00cemprumut la domiciliu"},"content":{"rendered":"<h1 style=\"text-align: center;\">\u00cemprumut la domiciliu<\/h1>\n<p>&nbsp;<\/p>\n<h4 style=\"text-align: center;\">Prezentare \u0219i obiective<\/h4>\n<p class=\"sprocket-features-pagination\">Serviciul de&nbsp;\u00eemprumut la domiciliu&nbsp;este disponibil pentru:<\/p>\n<p>\t&emsp;&#8226; membrii titulari \u0219i membrii coresponden\u021bi ai Academiei de \u0218tiin\u021be a Republicii Moldova, profesori, doctori \u0219i doctori habilita\u021bi;<br \/>\n\t&emsp;&#8226; Pre\u0219edin\u021bia, Parlamentul \u0219i Guvernul;<br \/>\n\t&emsp;&#8226; persoane cu dizabilit\u0103\u021bi.<\/p>\n<p>&nbsp;<\/p>\n<p class=\"sprocket-features-pagination\">Accesul la serviciile de \u00eemprumut este posibil \u00een urma \u00eencheierii unui contract \u00eentre utilizator \u0219i Serviciul \u00eemprumut. Clauzele contractuale sunt cele stipulate de Regulamentul de ordine interioar\u0103 al BNRM privind drepturile, obliga\u021biile \u0219i sanc\u021biunile cititorilor.<\/p>\n<p class=\"sprocket-features-pagination\">Modific\u0103rile survenite \u00een datele personale ale utilizatorului \u0219i stipulate \u00een fi\u0219a de \u00eenscriere la bibliotec\u0103 trebuie semnalate \u00een cel mai scurt timp posibil pentru a fi actualizat \u00een contractul \u00eencheiat cu biblioteca.<\/p>\n<h4 class=\"sprocket-features-pagination\" style=\"text-align: center;\">Care sunt condi\u021biile \u00eemprumutului?<\/h4>\n<p class=\"sprocket-features-pagination\">Se \u00eemprumut\u0103 la domiciliu orice publica\u0163ie din colec\u0163ia bibliotecii, cu excep\u0163ia urm\u0103toarelor categorii de publica\u0163ii:<\/p>\n<p>\t&emsp;&#8226; publica\u0163ii \u00eentr-un singur exemplar;<br \/>\n\t&emsp;&#8226; publica\u021biile solicitate frecvent \u00een s\u0103lile de lectur\u0103;<br \/>\n\t&emsp;&#8226; publica\u0163ii cu sigla \u201edepozit legal\u201d;<br \/>\n\t&emsp;&#8226; publica\u0163ii de referin\u0163\u0103: dic\u0163ionare, enciclopedii, \u00eendrumare etc.;<br \/>\n\t&emsp;&#8226; lucr\u0103ri ce apar\u021bin patrimoniului cultural na\u021bional (documente din colec\u0163ia Carte Veche \u015fi Rar\u0103, c\u0103r\u0163i cu autograf);<br \/>\n\t&emsp;&#8226; lucr\u0103ri din fondul colec\u021bii speciale (benzi, discuri, casete, fotografii, h\u0103r\u021bi etc.);<br \/>\n\t&emsp;&#8226; publica\u0163ii seriale (existente \u00een mai multe exemplare);<br \/>\n\t&emsp;&#8226; teze, autoreferate.<\/p>\n<p class=\"sprocket-features-pagination\">Termenul de \u00eemprumut este de 15 zile calendaristice. La solicitare termenul de \u00eemprumut al publica\u0163iilor poate fi prelungit o singur\u0103 dat\u0103, dac\u0103 nu exist\u0103 cerere de rezervare pentru aceast\u0103 publica\u0163ie, dup\u0103 care returnarea publica\u021biilor devine obligatorie.<\/p>\n<p class=\"sprocket-features-pagination\">Lucr\u0103rile solicitate care fac obiectul unei rezerv\u0103ri nu mai pot fi \u00eemprumutate dec\u00e2t beneficiarului rezerv\u0103rii.<\/p>\n<p class=\"sprocket-features-pagination\">Dac\u0103 publica\u021bia dorit\u0103 este \u00eemprumutat\u0103, ave\u021bi posibilitatea de a solicita o rezervare. Din momentul restituirii, c\u0103r\u021bile rezervate sunt p\u0103strate pentru benficiar doar 5 zile. Dup\u0103 expirarea acestui termen, publica\u021bia reintr\u0103 \u00een circuitul \u00eemprumuturilor.<\/p>\n<p class=\"sprocket-features-pagination\">&nbsp;<\/p>\n<h4 class=\"sprocket-features-pagination\" style=\"text-align: center;\">Sanc\u021biuni<\/h4>\n<p class=\"sprocket-features-pagination\">\u00cen cazul \u00een care sunt \u00eenc\u0103lcate prevederile regulamentare de la data \u00eencheierii contractului \u0219i pe care v-a\u021bi angajat sa le respecta\u021bi, Biblioteca Na\u021bional\u0103 va aplica o serie de sanc\u021biuni cu rol preventiv \u0219i reparatoriu menite s\u0103 protejeze bunurile bibliotecii \u0219i ceilal\u021bi utilizatori ai serviciilor noastre.<\/p>\n<p><a href=\"\/wp\/\">Sanc\u021biunile pentru \u00eenc\u0103lcarea normelor de utilizare a resurselor informa\u021bionale.<\/a><\/p>\n<table style=\"width: 361px; height: 114px; border: 1px solid #000000;\">\n<tbody>\n<tr style=\"border-color: #000000; border-width: 1px; background-color: #ffff00;\">\n<td style=\"text-align: center; border: 1px solid #000000;\"><strong>Contact<\/strong><\/td>\n<\/tr>\n<tr style=\"border-color: #000000; border-width: 1px;\">\n<td style=\"text-align: center; border: 1px solid #000000;\">\n<p>Biblioteca Na\u021bional\u0103 a Republicii Moldova<br \/>str. 31 August 1989, 78A<br \/>Serviciul \u00cemprumut de publica\u021bii<\/p>\n<p>e-mail: <a href=\"mailto:imprumut@bnrm.md\">imprumut@bnrm.md<\/a><br \/>telefon: (+373) 022 22 41 11 (interior&nbsp; 111)<\/p>\n<\/td>\n<\/tr>\n<\/tbody>\n<\/table>\n","protected":false},"excerpt":{"rendered":"<p>\u00cemprumut la domiciliu &nbsp; Prezentare \u0219i obiective Serviciul de&nbsp;\u00eemprumut la domiciliu&nbsp;este disponibil pentru: &emsp;&#8226; membrii titulari \u0219i membrii coresponden\u021bi ai Academiei de \u0218tiin\u021be a Republicii Moldova, profesori, doctori \u0219i doctori habilita\u021bi; &emsp;&#8226; Pre\u0219edin\u021bia, Parlamentul \u0219i Guvernul; &emsp;&#8226; persoane cu dizabilit\u0103\u021bi. &nbsp; Accesul la serviciile de \u00eemprumut este posibil \u00een urma \u00eencheierii unui contract \u00eentre utilizator&#8230;<\/p>\n","protected":false},"author":1,"featured_media":0,"parent":0,"menu_order":11,"comment_status":"closed","ping_status":"closed","template":"","meta":{"_bst_post_transparent":"","_bst_post_title":"","_bst_post_layout":"","_bst_post_sidebar_id":"","_bst_post_content_style":"","_bst_post_vertical_padding":"","_bst_post_feature":"","_bst_post_feature_position":"","_bst_post_header":false,"_bst_post_footer":false,"footnotes":""},"class_list":["post-3999","page","type-page","status-publish","hentry"],"_links":{"self":[{"href":"https:\/\/www.bnrm.md\/index.php?rest_route=\/wp\/v2\/pages\/3999","targetHints":{"allow":["GET"]}}],"collection":[{"href":"https:\/\/www.bnrm.md\/index.php?rest_route=\/wp\/v2\/pages"}],"about":[{"href":"https:\/\/www.bnrm.md\/index.php?rest_route=\/wp\/v2\/types\/page"}],"author":[{"embeddable":true,"href":"https:\/\/www.bnrm.md\/index.php?rest_route=\/wp\/v2\/users\/1"}],"replies":[{"embeddable":true,"href":"https:\/\/www.bnrm.md\/index.php?rest_route=%2Fwp%2Fv2%2Fcomments&post=3999"}],"version-history":[{"count":0,"href":"https:\/\/www.bnrm.md\/index.php?rest_route=\/wp\/v2\/pages\/3999\/revisions"}],"wp:attachment":[{"href":"https:\/\/www.bnrm.md\/index.php?rest_route=%2Fwp%2Fv2%2Fmedia&parent=3999"}],"curies":[{"name":"wp","href":"https:\/\/api.w.org\/{rel}","templated":true}]}}