{"id":4001,"date":"2014-06-24T22:42:18","date_gmt":"2014-06-24T19:42:18","guid":{"rendered":"http:\/\/localhost\/wp\/expertizarea-publicatiilor\/"},"modified":"2014-06-24T22:42:18","modified_gmt":"2014-06-24T19:42:18","slug":"expertizarea-publicatiilor","status":"publish","type":"page","link":"https:\/\/www.bnrm.md\/?page_id=4001","title":{"rendered":"Expertiza documentelor de bibliotec\u0103 pasibile de export"},"content":{"rendered":"<h1 style=\"text-align: center;\">Expertiza documentelor de bibliotec\u0103 pasibile de export<\/h1>\n<p>&nbsp;<\/p>\n<p>Elaborarea permiselor de export a publica\u0163iilor se efectueaz\u0103 de c\u0103tre Biblioteca Na\u0163ional\u0103 a Republicii Moldova, \u00een conformitate cu Legea Republicii Moldova nr. 160 din 20.07.2017, Legea privind protejarea patrimoniului cultural na\u0163ional mobil (nr. 280 din 27.12.2011), Legea cu privire la modul de introducere \u015fi scoatere a bunurilor de pe teritoriul Republicii Moldova de c\u0103tre persoane fizice (Nr. 1569 din&nbsp; 20.12.2002), Normele de clasare a bunurilor culturale mobile (Anexa nr.1 la ordinul nr. 235 din 11.10.2012), \u00een baza Conven\u0163iei despre m\u0103surile privind interzicerea \u015fi prevenirea aducerii, scoaterii \u015fi exportului neligitim a dreptului de proprietate asupra valorilor culturale (Paris, 17.11.1970).<\/p>\n<p>Pentru a primi permisiunea de export a operelor publicate din Republica Moldova posesorul acestora este obligat s\u0103 prezinte comisiei de expertizare a Bibliotecii Na\u0163ionale 2 (dou\u0103) exemplare a listei de publica\u0163ii, pe care inten\u0163ioneaz\u0103 s\u0103 le exporte sau s\u0103 expedieze listele de publica\u0163ii pe adresa e-mail: <a href=\"mailto:a.tostogan@brm.md\">a.tostogan@brm.md<\/a>, <a href=\"mailto:aliona.muntean@bnrm.md\">aliona.muntean@bnrm.md<\/a><\/p>\n<p>Termenul de efectuare a expertizei este de la o zi p\u00e2n\u0103 la 14 zile.<\/p>\n<p>.<\/p>\n<p style=\"text-align: center;\">Modelul&nbsp; listei de publica\u021bii<br \/>LISTA PUBLICA\u021aIILOR PASIBILE<br \/>DE A FI SCOASE DIN REPUBLICA MOLDOVA<br \/>\u00ceN&nbsp;&nbsp;&nbsp; _______________________________________<br \/>&nbsp;&nbsp;&nbsp;&nbsp;&nbsp; <span style=\"font-size: 8pt;\">(\u021bara \u00een care se vor expedia publica\u021biile)<\/span><\/p>\n<p><strong>Pruteanu Petru Ion<\/strong><\/p>\n<p>Pa\u0219aport str\u0103in:&nbsp; serie______________ nr. _________________________<\/p>\n<table border=\"0\">\n<tbody>\n<tr>\n<td style=\"text-align: center; border: 1px solid #000000;\"><strong>Nr.<\/strong><\/td>\n<td style=\"text-align: center; border: 1px solid #000000;\"><strong>Autor<\/strong><\/td>\n<td style=\"text-align: center; border: 1px solid #000000;\"><strong>Titluri<\/strong><\/td>\n<td style=\"text-align: center; border: 1px solid #000000;\"><strong>Locul \u0219i anul edit\u0103rii<\/strong><\/td>\n<td style=\"text-align: center; border: 1px solid #000000;\"><strong>Nr. de ex.<\/strong><\/td>\n<\/tr>\n<tr>\n<td style=\"text-align: center; border: 1px solid #000000;\">1.<\/td>\n<td style=\"border: 1px solid #000000;\">Sadoveanu, M.<\/td>\n<td style=\"border: 1px solid #000000;\">Opere alese<\/td>\n<td style=\"border: 1px solid #000000;\">Buc., 1970<\/td>\n<td style=\"text-align: center; border: 1px solid #000000;\">3<\/td>\n<\/tr>\n<tr>\n<td style=\"text-align: center; border: 1px solid #000000;\">2.<\/td>\n<td style=\"border: 1px solid #000000;\">Eminescu, M.<\/td>\n<td style=\"border: 1px solid #000000;\">Opere<\/td>\n<td style=\"border: 1px solid #000000;\">Ch., 1990<\/td>\n<td style=\"text-align: center; border: 1px solid #000000;\">10<\/td>\n<\/tr>\n<tr>\n<td style=\"text-align: center; border: 1px solid #000000;\">3.<\/td>\n<td style=\"border: 1px solid #000000;\">Pl\u0103cintar, E.<\/td>\n<td style=\"border: 1px solid #000000;\">Dic\u021bionar englez-rom\u00e2n<\/td>\n<td style=\"border: 1px solid #000000;\">Ch., \u0218tiin\u021ba, 1998<\/td>\n<td style=\"text-align: center; border: 1px solid #000000;\">1<\/td>\n<\/tr>\n<tr>\n<td colspan=\"5\">&nbsp;&nbsp;&nbsp;&nbsp;&nbsp; \u00cen total: 3 titluri \u2013 14 exemplare<\/td>\n<\/tr>\n<\/tbody>\n<\/table>\n<p>Lista se \u00eentocme\u015fte \u00een dou\u0103 exemplare, incluz\u00e2nd at\u00e2t literatura artistic\u0103, c\u00e2t \u015fi din toate celelalte domenii, cum sunt: literatura tehnic\u0103, cea de referin\u0163\u0103, cea referitoare la arte, \u015ftiin\u0163a literar\u0103 \u015f.a., dac\u0103 aceasta e posedat\u0103 de st\u0103p\u00e2nul bibliotecii duse \u00een str\u0103in\u0103tate.<\/p>\n<p>Manualele \u015fcolare, materialele didactice pentru preg\u0103tirea lec\u0163iilor \u00een \u015fcoala medie, notele anumitor opere muzicale, afi\u015fele, c\u0103r\u0163ile po\u015ftale, ghidurile, calendarele, publica\u0163iile seriale (ziare, reviste), editate dup\u0103 1960 se includ \u00een list\u0103, indic\u00e2ndu-se \u00eentr-un singur r\u00e2nd categoria documentelor \u0219i perioada \u00een care au fost editate. \u00cen acela\u015fi fel se includ \u00een list\u0103 at\u00e2t bro\u015furile editate de c\u0103tre editura \u201eZnanie\u201d, c\u00e2t \u015fi literatura pentru copii, \u00een volum de nu mai mult de 10 pagini.<\/p>\n<p>Se interzice scoaterea din Republica Moldova a edi\u021biilor unice de anticariat, a operelor publicistice ce au devenit rarit\u0103\u021bi bibliografice.<\/p>\n<p><a href=\"http:\/\/www.bnrm.md\/wp-content\/uploads\/2014\/06\/Informatii_scoaterea_documentelor.pdf\"><strong>Informa\u0163ii mai detaliate privind scoaterea documentelor din Republica Moldova<\/strong><br \/>(conform \u201eInstruc\u0163iunii cu privire la expertizarea publica\u0163iilor pasibile de export \u015fi eliberarea permiselor pentru organele vamale din Republica Moldova\u201d)<\/a><\/p>\n<p><strong><a href=\"http:\/\/www.bnrm.md\/wp-content\/uploads\/2014\/06\/Formularul_tipizat_al_listei_publicatiilor.pdf\">Formularul tipizat al listei publica\u021biilor pasibile de a fi scoase din Republica Moldova<\/a><\/strong><\/p>\n<p>&nbsp;<\/p>\n<table style=\"width: 361px; height: 114px; border: 1px solid #000000;\">\n<tbody>\n<tr style=\"border-color: #000000; border-width: 1px; background-color: #ffff00;\">\n<td style=\"text-align: center; border: 1px solid #000000;\"><strong>Contact<\/strong><\/td>\n<\/tr>\n<tr style=\"border-color: #000000; border-width: 1px;\">\n<td style=\"text-align: center; border: 1px solid #000000;\">\n<p>Biblioteca Na\u021bional\u0103 a Republicii Moldova<br \/>str. 31 August 1989, 78A<br \/>Serviciul \u00cemprumut de publica\u021bii<\/p>\n<p>e-mail: <a href=\"mailto:a.tostogan@bnrm.md\"><a>a.tostogan@bnrm.md<\/a><\/a><\/p>\n<p><a href=\"\/wp\/mail%20to:aliona.muntean@bnrm.md\">aliona.muntean@bnrm.md<\/a><br \/>telefon: (+373) 022 24 04 18 (interior&nbsp; 102)<\/p>\n<\/td>\n<\/tr>\n<tr style=\"border-color: #000000; border-width: 1px;\">\n<td style=\"text-align: center; border: 1px solid #000000;\">&nbsp;<\/td>\n<\/tr>\n<\/tbody>\n<\/table>\n","protected":false},"excerpt":{"rendered":"<p>Expertiza documentelor de bibliotec\u0103 pasibile de export &nbsp; Elaborarea permiselor de export a publica\u0163iilor se efectueaz\u0103 de c\u0103tre Biblioteca Na\u0163ional\u0103 a Republicii Moldova, \u00een conformitate cu Legea Republicii Moldova nr. 160 din 20.07.2017, Legea privind protejarea patrimoniului cultural na\u0163ional mobil (nr. 280 din 27.12.2011), Legea cu privire la modul de introducere \u015fi scoatere a bunurilor&#8230;<\/p>\n","protected":false},"author":1,"featured_media":0,"parent":0,"menu_order":9,"comment_status":"closed","ping_status":"closed","template":"","meta":{"_bst_post_transparent":"","_bst_post_title":"","_bst_post_layout":"","_bst_post_sidebar_id":"","_bst_post_content_style":"","_bst_post_vertical_padding":"","_bst_post_feature":"","_bst_post_feature_position":"","_bst_post_header":false,"_bst_post_footer":false,"footnotes":""},"class_list":["post-4001","page","type-page","status-publish","hentry"],"_links":{"self":[{"href":"https:\/\/www.bnrm.md\/index.php?rest_route=\/wp\/v2\/pages\/4001","targetHints":{"allow":["GET"]}}],"collection":[{"href":"https:\/\/www.bnrm.md\/index.php?rest_route=\/wp\/v2\/pages"}],"about":[{"href":"https:\/\/www.bnrm.md\/index.php?rest_route=\/wp\/v2\/types\/page"}],"author":[{"embeddable":true,"href":"https:\/\/www.bnrm.md\/index.php?rest_route=\/wp\/v2\/users\/1"}],"replies":[{"embeddable":true,"href":"https:\/\/www.bnrm.md\/index.php?rest_route=%2Fwp%2Fv2%2Fcomments&post=4001"}],"version-history":[{"count":0,"href":"https:\/\/www.bnrm.md\/index.php?rest_route=\/wp\/v2\/pages\/4001\/revisions"}],"wp:attachment":[{"href":"https:\/\/www.bnrm.md\/index.php?rest_route=%2Fwp%2Fv2%2Fmedia&parent=4001"}],"curies":[{"name":"wp","href":"https:\/\/api.w.org\/{rel}","templated":true}]}}