{"id":4025,"date":"2014-07-24T14:35:46","date_gmt":"2014-07-24T11:35:46","guid":{"rendered":"http:\/\/localhost\/wp\/formare-continua\/"},"modified":"2014-07-24T14:35:46","modified_gmt":"2014-07-24T11:35:46","slug":"formare-continua","status":"publish","type":"page","link":"https:\/\/www.bnrm.md\/?page_id=4025","title":{"rendered":"Formare continu\u0103"},"content":{"rendered":"<div class=\"rt-grid-12 \">\n<div class=\"rt-block\">\n<div id=\"rt-mainbody\">\n<div class=\"component-content\">\n<h4 style=\"text-align: center;\">Formare continu\u0103<\/h4>\n<p>&nbsp;<\/p>\n<p>\u00cen Biblioteca Na\u021bional\u0103 angajatul are dreptul \u0219i obliga\u021bia de a-\u0219i perfec\u021biona, \u00een mod continuu, abilit\u0103\u021bile \u0219i preg\u0103tirea profesional\u0103. Biblioteca asigur\u0103 organizarea unui proces sistematic \u0219i planificat de dezvoltare profesional\u0103 continu\u0103 a angaja\u021bilor, care include:<\/p>\n<ul>\n<li>actualizarea \u0219i aprofundarea, prin programe de formare\/perfec\u021bionare periodic\u0103, a cuno\u0219tin\u021belor \u00een domeniul de specializare corespunz\u0103tor func\u021biilor ob\u021binute prin formarea ini\u021bial\u0103;<\/li>\n<li>dezvoltarea competen\u021belor pentru evolu\u021bie \u00een carier\u0103;<\/li>\n<li>dob\u00e2ndirea sau dezvoltarea competen\u021belor de conducere, \u00eendrumare, control, evaluare;<\/li>\n<li>dob\u00e2ndirea unor competen\u021be complementare sau de extensie care l\u0103rgesc gama activit\u0103\u021bilor \u0219i func\u021biilor ce pot fi prestate de angaja\u021bi.<\/li>\n<\/ul>\n<p>Conducerea Bibliotecii asigur\u0103 diverse forme de dezvoltare profesional\u0103 continu\u0103.<\/p>\n<p><a href=\"\/wp\/index.php\/acces-dedicat\/bibliotecarilor\/formarea-profesionala-continua\">Formare continu\u0103 \u00een cadrul institu\u021biei<\/a><\/p>\n<p><a href=\"http:\/\/www.bnrm.md\/wp-content\/uploads\/2014\/07\/INDICE-DE-COMPETENTE-PROFESIONALE.pdf\">Regulamentul cu privire la sistemul de formare profesional\u0103<\/a><\/p>\n<p><strong>&nbsp;<\/strong><\/p>\n<\/div>\n<\/div>\n<\/div>\n<\/div>\n","protected":false},"excerpt":{"rendered":"<p>Formare continu\u0103 &nbsp; \u00cen Biblioteca Na\u021bional\u0103 angajatul are dreptul \u0219i obliga\u021bia de a-\u0219i perfec\u021biona, \u00een mod continuu, abilit\u0103\u021bile \u0219i preg\u0103tirea profesional\u0103. Biblioteca asigur\u0103 organizarea unui proces sistematic \u0219i planificat de dezvoltare profesional\u0103 continu\u0103 a angaja\u021bilor, care include: actualizarea \u0219i aprofundarea, prin programe de formare\/perfec\u021bionare periodic\u0103, a cuno\u0219tin\u021belor \u00een domeniul de specializare corespunz\u0103tor func\u021biilor ob\u021binute prin&#8230;<\/p>\n","protected":false},"author":1,"featured_media":0,"parent":0,"menu_order":5,"comment_status":"closed","ping_status":"closed","template":"","meta":{"_bst_post_transparent":"","_bst_post_title":"","_bst_post_layout":"","_bst_post_sidebar_id":"","_bst_post_content_style":"","_bst_post_vertical_padding":"","_bst_post_feature":"","_bst_post_feature_position":"","_bst_post_header":false,"_bst_post_footer":false,"footnotes":""},"class_list":["post-4025","page","type-page","status-publish","hentry"],"_links":{"self":[{"href":"https:\/\/www.bnrm.md\/index.php?rest_route=\/wp\/v2\/pages\/4025","targetHints":{"allow":["GET"]}}],"collection":[{"href":"https:\/\/www.bnrm.md\/index.php?rest_route=\/wp\/v2\/pages"}],"about":[{"href":"https:\/\/www.bnrm.md\/index.php?rest_route=\/wp\/v2\/types\/page"}],"author":[{"embeddable":true,"href":"https:\/\/www.bnrm.md\/index.php?rest_route=\/wp\/v2\/users\/1"}],"replies":[{"embeddable":true,"href":"https:\/\/www.bnrm.md\/index.php?rest_route=%2Fwp%2Fv2%2Fcomments&post=4025"}],"version-history":[{"count":0,"href":"https:\/\/www.bnrm.md\/index.php?rest_route=\/wp\/v2\/pages\/4025\/revisions"}],"wp:attachment":[{"href":"https:\/\/www.bnrm.md\/index.php?rest_route=%2Fwp%2Fv2%2Fmedia&parent=4025"}],"curies":[{"name":"wp","href":"https:\/\/api.w.org\/{rel}","templated":true}]}}