{"id":4049,"date":"2014-07-28T17:26:43","date_gmt":"2014-07-28T14:26:43","guid":{"rendered":"http:\/\/localhost\/wp\/imprumut-in-sala-de-lectura\/"},"modified":"2014-07-28T17:26:43","modified_gmt":"2014-07-28T14:26:43","slug":"imprumut-in-sala-de-lectura","status":"publish","type":"page","link":"https:\/\/www.bnrm.md\/?page_id=4049","title":{"rendered":"\u00cemprumut \u00een sala de lectura"},"content":{"rendered":"<h1 style=\"text-align: center;\">\u00cemprumut \u00een sala de lectura<\/h1>\n<p>&nbsp;<\/p>\n<p>\u00cemprumut \u00een sala de lectura<\/p>\n<p>&nbsp;&nbsp;&nbsp;&nbsp;&nbsp; Accesul la colec\u0163iile Bibliotecii Na\u021bionale este admis numai \u00een baza permisului de cititor.<br \/>&nbsp;&nbsp;&nbsp;&nbsp;&nbsp; Consultarea publica\u021biilor de c\u0103tre utilizatori se face numai \u00een s\u0103lile de lectur\u0103; publica\u021biile consultate se restituie \u00een cursul acelea\u0219i zile.<br \/>&nbsp;&nbsp;&nbsp;&nbsp; Servirea utilizatorilor \u00een s\u0103lile de lectura se face \u00een urm\u0103toarele condi\u021bii:<br \/>&#8211;&nbsp;&nbsp; &nbsp;Num\u0103rul de publica\u021bii care pot fi consultate de c\u0103tre utilizator nu va dep\u0103\u0219i 15 exemplare, edi\u021biile periodice \u2013 colec\u021bia anuala, colec\u021biile speciale &#8211; 5-10 exemplare.<br \/>&#8211;&nbsp;&nbsp; &nbsp;Solicitarea se face pe baza unui buletin de cerere completat cu toate datele de pe fi\u0219a din catalog sau baza de date. Pentru fiecare titlu solicitat se completeaz\u0103 un buletin de cerere.<br \/>&#8211;&nbsp;&nbsp; &nbsp;Buletinele de cerere completate \u0219i verificate se adreseaz\u0103 bibliotecarului.<br \/>&#8211;&nbsp;&nbsp; &nbsp;Literatura solicitat\u0103 poate fi rezervata \u00een s\u0103lile de lectura \u00een ordinea urm\u0103toare:<br \/>a)&nbsp;&nbsp; &nbsp;Membrii Parlamentului, Guvernului \u0219i lucr\u0103torii \u0219tiin\u021bifici \u2013 pe un termen de 7 zile (inclusiv \u0219i ziua c\u00e2nd a fost solicitat\u0103);<br \/>b)&nbsp;&nbsp; &nbsp;Speciali\u0219tii din diverse domenii \u2013 5 zile;<br \/>c)&nbsp;&nbsp; &nbsp;Studen\u021bii \u0219i celelalte categorii de utilizatori \u2013 3 zile.<br \/>&#8211;&nbsp;&nbsp; &nbsp;Termenul de folosire a documentelor poate fi prelungit prin telefon.<br \/>&#8211;&nbsp;&nbsp; &nbsp;Servicii prioritare se acord\u0103 Pre\u0219edin\u021biei, membrilor Parlamentului, Guvernului \u0219i lucr\u0103torilor \u0219tiin\u021bifici.<br \/>&#8211;&nbsp;&nbsp; &nbsp;Utilizatorilor sunt oferite servicii suplimentare contra plata conform Regulamentului privind prestarea serviciilor \u00eencadrul Bibliotecii Na\u021bionale<\/p>\n<p>Utilizatorii Bibliotecii Na\u021bionale au urm\u0103toarele obliga\u021bii:<br \/>1.&nbsp;&nbsp; &nbsp;S\u0103 verifice, la primire, starea publica\u021biilor \u0219i s\u0103 semnaleze&nbsp; bibliotecarului eventualele nereguli constatate.<br \/>2.&nbsp;&nbsp; &nbsp;S\u0103 \u00eenapoieze, \u00een acelea\u0219i condi\u021bii, publica\u021biile consultate. Deteriorarea sub orice form\u0103, deta\u0219area \u0219i sustragerea unor pagini, fotografii, h\u0103r\u021bi, plan\u0219e, schi\u021be etc. din publica\u021bii, atrage dup\u0103 sine aplicarea sanc\u021biunilor administrative pentru prejudicierea colec\u021biilor \u00een conformitate cu Instruc\u021biunea privind <br \/>recuperarea documentelor nerestituite \u00een termenii stabili\u021bi, pierdute, sustrase, distruse ori deteriorate de utilizatori sau g\u0103site lips\u0103 la inventar \u0219i suspendarea permisului pe o perioad\u0103 \u00eentre 1-6 luni, 1 an, \u00een func\u0163ie de gravitatea prejudiciului cauzat.<br \/>3.&nbsp;&nbsp; &nbsp;Sustragerea de publica\u021bii din colec\u021biile BNRM atrage dup\u0103 sine obliga\u021bia recuper\u0103rii de c\u0103tre utilizatorul \u00een cauz\u0103 a publica\u021biei \u00een corespundere cu Instruc\u021biunea privind recuperarea documentelor nerestituite \u00een termenii stabili\u021bi, pierdute, sustrase, distruse ori deteriorate de utilizatori sau g\u0103site lips\u0103 la inventar. Tentativa de sustragere se sanc\u021bioneaz\u0103 cu ridicarea dreptului de frecventare a bibliotecii.<br \/>4.&nbsp;&nbsp; &nbsp;Dreptul de a aplica sanc\u021biunile mai sus men\u021bionate revine conducerii administrative a Bibliotecii. Eventualele contesta\u021bii se pot depune la Direc\u021bie \u00een termen de 5 zile de la&nbsp;&nbsp;&nbsp;&nbsp;&nbsp; luarea deciziei de<br \/>&nbsp;&nbsp;&nbsp;&nbsp;&nbsp;&nbsp; sanc\u021bionare \u0219i vor fi analizate \u00een Consiliul de administra\u021bie.&nbsp; Hot\u0103r\u00e2rea luat\u0103 \u00een cadrul acestuia r\u0103m\u00e2ne irevocabil\u0103 \u0219i se va aduce la cuno\u0219tin\u021ba&nbsp; utilizatorului \u00een scris. Orice atitudine clement\u0103, de favorizare a faptei de mai sus din partea colaboratorilor BNRM, ca \u0219i neaducerea la cuno\u0219tin\u021ba conducerii administrative a celor constatate, va fi echivalat\u0103 cu ne\u00eendeplinirea sarcinilor de serviciu \u0219i sanc\u021bionat\u0103.<\/p>\n<p>&nbsp;<\/p>\n","protected":false},"excerpt":{"rendered":"<p>\u00cemprumut \u00een sala de lectura &nbsp; \u00cemprumut \u00een sala de lectura &nbsp;&nbsp;&nbsp;&nbsp;&nbsp; Accesul la colec\u0163iile Bibliotecii Na\u021bionale este admis numai \u00een baza permisului de cititor.&nbsp;&nbsp;&nbsp;&nbsp;&nbsp; Consultarea publica\u021biilor de c\u0103tre utilizatori se face numai \u00een s\u0103lile de lectur\u0103; publica\u021biile consultate se restituie \u00een cursul acelea\u0219i zile.&nbsp;&nbsp;&nbsp;&nbsp; Servirea utilizatorilor \u00een s\u0103lile de lectura se face \u00een urm\u0103toarele&#8230;<\/p>\n","protected":false},"author":1,"featured_media":0,"parent":0,"menu_order":8,"comment_status":"closed","ping_status":"closed","template":"","meta":{"_bst_post_transparent":"","_bst_post_title":"","_bst_post_layout":"","_bst_post_sidebar_id":"","_bst_post_content_style":"","_bst_post_vertical_padding":"","_bst_post_feature":"","_bst_post_feature_position":"","_bst_post_header":false,"_bst_post_footer":false,"footnotes":""},"class_list":["post-4049","page","type-page","status-publish","hentry"],"_links":{"self":[{"href":"https:\/\/www.bnrm.md\/index.php?rest_route=\/wp\/v2\/pages\/4049","targetHints":{"allow":["GET"]}}],"collection":[{"href":"https:\/\/www.bnrm.md\/index.php?rest_route=\/wp\/v2\/pages"}],"about":[{"href":"https:\/\/www.bnrm.md\/index.php?rest_route=\/wp\/v2\/types\/page"}],"author":[{"embeddable":true,"href":"https:\/\/www.bnrm.md\/index.php?rest_route=\/wp\/v2\/users\/1"}],"replies":[{"embeddable":true,"href":"https:\/\/www.bnrm.md\/index.php?rest_route=%2Fwp%2Fv2%2Fcomments&post=4049"}],"version-history":[{"count":0,"href":"https:\/\/www.bnrm.md\/index.php?rest_route=\/wp\/v2\/pages\/4049\/revisions"}],"wp:attachment":[{"href":"https:\/\/www.bnrm.md\/index.php?rest_route=%2Fwp%2Fv2%2Fmedia&parent=4049"}],"curies":[{"name":"wp","href":"https:\/\/api.w.org\/{rel}","templated":true}]}}