{"id":4057,"date":"2014-07-31T17:34:27","date_gmt":"2014-07-31T14:34:27","guid":{"rendered":"http:\/\/localhost\/wp\/donatorii-si-donatii\/"},"modified":"2014-07-31T17:34:27","modified_gmt":"2014-07-31T14:34:27","slug":"donatorii-si-donatii","status":"publish","type":"page","link":"https:\/\/www.bnrm.md\/?page_id=4057","title":{"rendered":"Donatorii \u0219i dona\u021bii"},"content":{"rendered":"<h1 style=\"text-align: center;\">Donatorii \u0219i dona\u021bii<\/h1>\n<p>&nbsp;<\/p>\n<p>Biblioteca accept\u0103 cu recuno\u0219tin\u021b\u0103 dona\u021bii de carte, reviste \u0219i alte materiale de la persoane fizice \u0219i organiza\u021bii din diferite \u021b\u0103ri ale lumii. Printre criteriile de selec\u021bie a dona\u021biilor sunt: valoarea informa\u021bional\u0103 \u0219i de patrimoniu, utilitatea publica\u021biei.<\/p>\n<p>Dac\u0103 de\u0163ine\u0163i o bibliotec\u0103 important\u0103 \u015fi dori\u0163i s\u0103 fie pus\u0103 \u00een viitor la dispozi\u0163ia mii \u0219i mii de utilizatori, Biblioteca noastr\u0103 v\u0103 garanteaz\u0103 integritatea \u015fi punerea \u00een valoare a fondului.<\/p>\n<p style=\"text-align: center;\"><em><strong><span style=\"color: #ff0000;\">Pentru informa\u0163ii adresa\u0163i-v\u0103 la num\u0103rul de tel.: (022) 22 61 35<\/span><\/strong><\/em><\/p>\n<p>&nbsp;<\/p>\n<p>Pentru generosul sprijin acordat Bibliotecii \u00een activitatea de colec\u021bionare a patrimoniului de publica\u021bii, numele prietenilor c\u0103r\u021bii sunt \u00eenscrise \u00een Hronicul Bibliotecii Na\u021bionale, r\u0103m\u0103n\u00e2nd astfel \u00een istoria acestei institu\u021bii.<\/p>\n<p>Biblioteca Na\u0163ional\u0103 mul\u0163ume\u015fte tuturor donatorilor, care au facilitat includerea, \u00een colec\u0163iile bibliotecii, a numeroase documente de mare valoare, unele av\u00e2nd o importan\u0163\u0103 deosebit\u0103 pentru identitatea noastr\u0103 cultural\u0103 \u015fi na\u0163ional\u0103.<\/p>\n<p style=\"text-align: center;\"><a href=\"http:\/\/www.bnrm.md\/wp-content\/uploads\/2014\/07\/Donatori-de-carte.pdf\"><strong>&nbsp;<\/strong><\/a><\/p>\n","protected":false},"excerpt":{"rendered":"<p>Donatorii \u0219i dona\u021bii &nbsp; Biblioteca accept\u0103 cu recuno\u0219tin\u021b\u0103 dona\u021bii de carte, reviste \u0219i alte materiale de la persoane fizice \u0219i organiza\u021bii din diferite \u021b\u0103ri ale lumii. Printre criteriile de selec\u021bie a dona\u021biilor sunt: valoarea informa\u021bional\u0103 \u0219i de patrimoniu, utilitatea publica\u021biei. Dac\u0103 de\u0163ine\u0163i o bibliotec\u0103 important\u0103 \u015fi dori\u0163i s\u0103 fie pus\u0103 \u00een viitor la dispozi\u0163ia mii&#8230;<\/p>\n","protected":false},"author":1,"featured_media":0,"parent":0,"menu_order":0,"comment_status":"closed","ping_status":"closed","template":"","meta":{"_bst_post_transparent":"","_bst_post_title":"","_bst_post_layout":"","_bst_post_sidebar_id":"","_bst_post_content_style":"","_bst_post_vertical_padding":"","_bst_post_feature":"","_bst_post_feature_position":"","_bst_post_header":false,"_bst_post_footer":false,"footnotes":""},"class_list":["post-4057","page","type-page","status-publish","hentry"],"_links":{"self":[{"href":"https:\/\/www.bnrm.md\/index.php?rest_route=\/wp\/v2\/pages\/4057","targetHints":{"allow":["GET"]}}],"collection":[{"href":"https:\/\/www.bnrm.md\/index.php?rest_route=\/wp\/v2\/pages"}],"about":[{"href":"https:\/\/www.bnrm.md\/index.php?rest_route=\/wp\/v2\/types\/page"}],"author":[{"embeddable":true,"href":"https:\/\/www.bnrm.md\/index.php?rest_route=\/wp\/v2\/users\/1"}],"replies":[{"embeddable":true,"href":"https:\/\/www.bnrm.md\/index.php?rest_route=%2Fwp%2Fv2%2Fcomments&post=4057"}],"version-history":[{"count":0,"href":"https:\/\/www.bnrm.md\/index.php?rest_route=\/wp\/v2\/pages\/4057\/revisions"}],"wp:attachment":[{"href":"https:\/\/www.bnrm.md\/index.php?rest_route=%2Fwp%2Fv2%2Fmedia&parent=4057"}],"curies":[{"name":"wp","href":"https:\/\/api.w.org\/{rel}","templated":true}]}}