{"id":4176,"date":"2015-05-13T12:50:59","date_gmt":"2015-05-13T09:50:59","guid":{"rendered":"http:\/\/localhost\/wp\/activitati-de-cercetare\/"},"modified":"2015-05-13T12:50:59","modified_gmt":"2015-05-13T09:50:59","slug":"activitati-de-cercetare","status":"publish","type":"page","link":"https:\/\/www.bnrm.md\/?page_id=4176","title":{"rendered":"Activit\u0103\u021bi de cercetare"},"content":{"rendered":"<h1 style=\"text-align: center;\">Activit\u0103\u021bi de cercetare \u0219i dezvoltare \u00een biblioteconomie<\/h1>\n<p>&nbsp;<\/p>\n<p><a href=\"http:\/\/www.bnrm.md\/wp-content\/uploads\/2015\/05\/Repertoriu-2024-2025.pdf\">Repertoriul de lucr\u0103ri, publica\u021bii \u0219i activit\u0103\u021bi \u0219tiin\u021bifice pentru anii 2024-2025<\/a><\/p>\n<p><a href=\"http:\/\/www.bnrm.md\/wp-content\/uploads\/2015\/05\/Repertoriu-de-resurse-educationale-deschise-pentru-bibliotecari.pdf\">Repertoriul de resurse educa\u021bionale deschise pentru bibliotecari<\/a><\/p>\n<p><a href=\"http:\/\/www.bnrm.md\/wp-content\/uploads\/2015\/05\/Politici-de-cercetare.pdf\">Politici de cercetare \u00een biblioteca public\u0103. Recomand\u0103ri metodologice \u00een sprijinul elabor\u0103rii documentului institu\u021bional<\/a><\/p>\n<p>&nbsp;<\/p>\n<p><button type=\"button\" title=\"Click pentru a vizualiza\/ascunde con\u021binutul\" onclick=\"if(document.getElementById('BNRM') .style.display=='none') {document.getElementById('BNRM') .style.display=''}else{document.getElementById('BNRM') .style.display='none'}\">Arhiva<\/button><\/p>\n<div id=\"BNRM\" style=\"display: none;\">\n<ul>\n<li><a href=\"http:\/\/www.bnrm.md\/wp-content\/uploads\/2015\/05\/Repertoriu-de-publicatii-activitati-stiintifice-2016-2017.pdf\">Cercetare si Dezvoltare tehnologica in cadrul Sistemului National de Biblioteci: Repertoriu de publicatii si activitati stiintifice 2016-2017<\/a><\/li>\n<li><a href=\"http:\/\/www.slideshare.net\/VasilicaVictoria\/repertoriu-de-lucrari-pe-anii-2014-2015?qid=5b277a73-e5b0-4d48-967b-2a2c383277b3&amp;v=qf1&amp;b=&amp;from_search=2\">Repertoriul de lucr\u0103ri, publica\u021bii \u0219i activit\u0103\u021bi \u0219tiin\u021bifice \u201cCercetare \u0219i dezvoltare \u00een cadrul sistemului na\u021bional de biblioteci (SNB)\u201d<\/a><\/li>\n<li><a href=\"\/wp\/index.php\/acces-dedicat\/bibliotecarilor\/formarea-profesionala-continua\">Resurse \u00een ajutor cercet\u0103rii \u0219i dezvolt\u0103rii domeniului biblioteconomic<\/a><\/li>\n<\/ul>\n<\/div>\n","protected":false},"excerpt":{"rendered":"<p>Activit\u0103\u021bi de cercetare \u0219i dezvoltare \u00een biblioteconomie &nbsp; Repertoriul de lucr\u0103ri, publica\u021bii \u0219i activit\u0103\u021bi \u0219tiin\u021bifice pentru anii 2024-2025 Repertoriul de resurse educa\u021bionale deschise pentru bibliotecari Politici de cercetare \u00een biblioteca public\u0103. Recomand\u0103ri metodologice \u00een sprijinul elabor\u0103rii documentului institu\u021bional &nbsp; Arhiva Cercetare si Dezvoltare tehnologica in cadrul Sistemului National de Biblioteci: Repertoriu de publicatii si activitati&#8230;<\/p>\n","protected":false},"author":1,"featured_media":0,"parent":0,"menu_order":6,"comment_status":"closed","ping_status":"closed","template":"","meta":{"_bst_post_transparent":"","_bst_post_title":"","_bst_post_layout":"","_bst_post_sidebar_id":"","_bst_post_content_style":"","_bst_post_vertical_padding":"","_bst_post_feature":"","_bst_post_feature_position":"","_bst_post_header":false,"_bst_post_footer":false,"footnotes":""},"class_list":["post-4176","page","type-page","status-publish","hentry"],"_links":{"self":[{"href":"https:\/\/www.bnrm.md\/index.php?rest_route=\/wp\/v2\/pages\/4176","targetHints":{"allow":["GET"]}}],"collection":[{"href":"https:\/\/www.bnrm.md\/index.php?rest_route=\/wp\/v2\/pages"}],"about":[{"href":"https:\/\/www.bnrm.md\/index.php?rest_route=\/wp\/v2\/types\/page"}],"author":[{"embeddable":true,"href":"https:\/\/www.bnrm.md\/index.php?rest_route=\/wp\/v2\/users\/1"}],"replies":[{"embeddable":true,"href":"https:\/\/www.bnrm.md\/index.php?rest_route=%2Fwp%2Fv2%2Fcomments&post=4176"}],"version-history":[{"count":1,"href":"https:\/\/www.bnrm.md\/index.php?rest_route=\/wp\/v2\/pages\/4176\/revisions"}],"predecessor-version":[{"id":6678,"href":"https:\/\/www.bnrm.md\/index.php?rest_route=\/wp\/v2\/pages\/4176\/revisions\/6678"}],"wp:attachment":[{"href":"https:\/\/www.bnrm.md\/index.php?rest_route=%2Fwp%2Fv2%2Fmedia&parent=4176"}],"curies":[{"name":"wp","href":"https:\/\/api.w.org\/{rel}","templated":true}]}}