{"id":4177,"date":"2015-05-13T13:32:31","date_gmt":"2015-05-13T10:32:31","guid":{"rendered":"http:\/\/localhost\/wp\/instrumente-web-2-0\/"},"modified":"2015-05-13T13:32:31","modified_gmt":"2015-05-13T10:32:31","slug":"instrumente-web-2-0","status":"publish","type":"page","link":"https:\/\/www.bnrm.md\/?page_id=4177","title":{"rendered":"Instrumente WEB 2.0"},"content":{"rendered":"<h1 style=\"text-align: center;\">Instrumente WEB 2.0<\/h1>\n<p>&nbsp;<\/p>\n<p><a href=\"https:\/\/clubbib2.wordpress.com\">Blogul de Biblioteconomie \u015fi \u015etiin\u0163a Inform\u0103rii<\/a><br \/><a href=\"https:\/\/bibliotecipublicerm.wordpress.com\">Blogul Bibliotecile Publice din Republica Moldova<\/a><br \/><a href=\"http:\/\/cpescmdt.blogspot.com\/\">Portalul web al Centrului Pro-European de Servicii \u015fi Comunicare (CPESC)<\/a><br \/><a href=\"http:\/\/libermundi.livejournal.com\/\">Blogul \u201dLiteraturile lumii\u201d<\/a><br \/><a href=\"http:\/\/moldavisticasiheraldica.blogspot.com\">Blogul \u201dMoldavistic\u0103 \u0219i Heraldic\u0103\u201d<\/a><br \/><a href=\"http:\/\/audiovideoteca.wordpress.com\/\">Blogul \u201dAudiovideoteca\u201d<\/a><br \/><a href=\"http:\/\/www.bnrm.wordpress.com\">Blogul Tinerilor Bibliotecari<\/a><br \/><a href=\"http:\/\/cercetaribibliografice.blogspot.com\">Blogul \u201dDin pasiunile bibliografului \u2026\u201d<\/a><br \/><a href=\"http:\/\/arteharti.wordpress.com\">Blogul \u201dColec\u021bie de arte \u0219i h\u0103r\u021bi\u201d<\/a><br \/><a href=\"https:\/\/carterara.wordpress.com\">Blogul \u201dCarte veche \u0219i rar\u0103\u201d<\/a><br \/><a href=\"https:\/\/topcarti.wordpress.com\/\">Blogul &#8222;Ast\u0103zi cititor, m\u00e2ine lider&#8221;<\/a><\/p>\n<p>&nbsp;<\/p>\n<p><a href=\"http:\/\/www.slideshare.net\/cdbclub\">Contul Blogul de Biblioteconomie \u015fi \u015etiin\u0163a Inform\u0103rii pe SlideShare<\/a><br \/><a href=\"http:\/\/www.slideshare.net\/rmbiblioteci\">Contul blogului Bibliotecile Publice din Republica Moldova<\/a><br \/><a href=\"http:\/\/www.facebook.com\/pages\/Blogul-de-biblioteconomie-si-stiinta-informarii\/142586482424613\">Pagina Blogului de Biblioteconomie \u015fi \u015etiin\u0163a Inform\u0103rii pe Facebook<\/a><br \/><a href=\"http:\/\/www.facebook.com\/pages\/CODIBIP-Conferin%C5%A3a-Directorilor-Bibliotecilor-Publice-din-RM\/169949989757798\">Conferin\u021bei Na\u021bionale a Managerilor de Biblioteci pe Facebook<\/a><br \/><a href=\"http:\/\/www.facebook.com\/pages\/Festivalul-Na%C8%9Bional-al-C%C4%83r%C8%9Bii-%C8%99i-Lecturii\/265084846839706\">Pagina Festivalului Na\u0163ional al C\u0103r\u0163ii \u015fi Lecturii pe Facebook<br \/><\/a><a href=\"https:\/\/www.facebook.com\/Centrul-De-Statistic%C4%83-Cercetare-%C5%9Ei-Dezvoltare-1605792779641423\/?fref=ts\">Pagina Centrului de Statistic\u0103, Cercetare \u0219i Dezvoltare pe Facebook<\/a><br \/><a href=\"https:\/\/www.facebook.com\/pages\/Studii-%C5%9Fi-Cercet%C4%83ri-Biblioteca-Na%C5%A3ional%C4%83-a-Republicii-Moldova\/678113542234786?ref=hl\">Contul serviciului Studii \u0219i Cercet\u0103ri pe Facebook<\/a><br \/><a href=\"http:\/\/www.slideshare.net\/VasilicaVictoria\/edit_my_uploads\">Contul serviciului Studii \u0219i Cercet\u0103ri pe Slideshare<\/a><br \/><a href=\"https:\/\/twitter.com\/cpescmd\">Contul Centrului Pro-European de Servicii \u015fi Comunicare (CPESC) pe Twitter<\/a><br \/><a href=\"http:\/\/issuu.com\/cpesc\">Contul Centrului Pro-European de Servicii \u015fi Comunicare (CPESC) pe ISSUU<\/a><\/p>\n","protected":false},"excerpt":{"rendered":"<p>Instrumente WEB 2.0 &nbsp; Blogul de Biblioteconomie \u015fi \u015etiin\u0163a Inform\u0103riiBlogul Bibliotecile Publice din Republica MoldovaPortalul web al Centrului Pro-European de Servicii \u015fi Comunicare (CPESC)Blogul \u201dLiteraturile lumii\u201dBlogul \u201dMoldavistic\u0103 \u0219i Heraldic\u0103\u201dBlogul \u201dAudiovideoteca\u201dBlogul Tinerilor BibliotecariBlogul \u201dDin pasiunile bibliografului \u2026\u201dBlogul \u201dColec\u021bie de arte \u0219i h\u0103r\u021bi\u201dBlogul \u201dCarte veche \u0219i rar\u0103\u201dBlogul &#8222;Ast\u0103zi cititor, m\u00e2ine lider&#8221; &nbsp; Contul Blogul de Biblioteconomie \u015fi&#8230;<\/p>\n","protected":false},"author":1,"featured_media":0,"parent":0,"menu_order":5,"comment_status":"closed","ping_status":"closed","template":"","meta":{"_bst_post_transparent":"","_bst_post_title":"","_bst_post_layout":"","_bst_post_sidebar_id":"","_bst_post_content_style":"","_bst_post_vertical_padding":"","_bst_post_feature":"","_bst_post_feature_position":"","_bst_post_header":false,"_bst_post_footer":false,"footnotes":""},"class_list":["post-4177","page","type-page","status-publish","hentry"],"_links":{"self":[{"href":"https:\/\/www.bnrm.md\/index.php?rest_route=\/wp\/v2\/pages\/4177","targetHints":{"allow":["GET"]}}],"collection":[{"href":"https:\/\/www.bnrm.md\/index.php?rest_route=\/wp\/v2\/pages"}],"about":[{"href":"https:\/\/www.bnrm.md\/index.php?rest_route=\/wp\/v2\/types\/page"}],"author":[{"embeddable":true,"href":"https:\/\/www.bnrm.md\/index.php?rest_route=\/wp\/v2\/users\/1"}],"replies":[{"embeddable":true,"href":"https:\/\/www.bnrm.md\/index.php?rest_route=%2Fwp%2Fv2%2Fcomments&post=4177"}],"version-history":[{"count":0,"href":"https:\/\/www.bnrm.md\/index.php?rest_route=\/wp\/v2\/pages\/4177\/revisions"}],"wp:attachment":[{"href":"https:\/\/www.bnrm.md\/index.php?rest_route=%2Fwp%2Fv2%2Fmedia&parent=4177"}],"curies":[{"name":"wp","href":"https:\/\/api.w.org\/{rel}","templated":true}]}}