{"id":4468,"date":"2014-05-31T19:16:38","date_gmt":"2014-05-31T16:16:38","guid":{"rendered":"http:\/\/localhost\/wp\/monografii\/"},"modified":"2014-05-31T19:16:38","modified_gmt":"2014-05-31T16:16:38","slug":"monografii","status":"publish","type":"page","link":"https:\/\/www.bnrm.md\/?page_id=4468","title":{"rendered":"Monografii"},"content":{"rendered":"<div class=\"mono-wrap\">\n<h1>Monografii<\/h1>\n<div class=\"carti\">\n<figure>\n\t\t  \t<a href=\"http:\/\/www.bnrm.md\/wp-content\/uploads\/2014\/05\/Povestca-L.-Formarea-prof.-continua.pdf\"> <img decoding=\"async\" class=\" size-full wp-image-2204\" src=\"http:\/\/www.bnrm.md\/wp-content\/uploads\/2014\/05\/Coperta-L.-Povestca.jpg\" alt=\"Povestca, Lilia. Formarea profesional\u0103 continu\u0103 a personalului de specialitate din bibliotecile Republicii Moldova: starea de fapt \u015fi perspective  \" width=\"177\" height=\"257\" \/> <\/a><figcaption>Povestca, Lilia. Formarea profesional\u0103 continu\u0103 a personalului de specialitate din bibliotecile Republicii Moldova: starea de fapt \u015fi perspective  <\/figcaption><a href=\"http:\/\/www.bnrm.md\/wp-content\/uploads\/2014\/05\/Biblioteca-dimensiune.pdf\"> <img decoding=\"async\" class=\" size-full wp-image-2207\" src=\"http:\/\/www.bnrm.md\/wp-content\/uploads\/2014\/05\/MONOGRAFIe.jpg\" alt=\"BIBLIOTECA NA\u021aIONAL\u0102 A REPUBLICII MOLDOVA \u2013 DIMENSIUNE IDENTITAR\u0102 A \u021a\u0102RII: 190 DE ANI DE LA FONDARE \u0218I TREI DECENII DE LA ATRIBUIREA STATUTULUI DE BIBLIOTEC\u0102 NA\u021aIONAL\u0102\" width=\"177\" height=\"257\" \/> <\/a><figcaption>BIBLIOTECA NA\u021aIONAL\u0102 A REPUBLICII MOLDOVA \u2013 DIMENSIUNE IDENTITAR\u0102 A \u021a\u0102RII: 190 DE ANI DE LA FONDARE \u0218I TREI DECENII DE LA ATRIBUIREA STATUTULUI DE BIBLIOTEC\u0102 NA\u021aIONAL\u0102<\/figcaption><a href=\"http:\/\/www.bnrm.md\/wp-content\/uploads\/2014\/05\/CENTRUL-BIBLIOTECONOMIC-NATIONAL-CONTINUT-DE-CALITATE-SI-SCHIMBARI-DE-PERSPECTIVA-Monografie-aniversara.pdf\"> <img decoding=\"async\" class=\" size-full wp-image-2209\" src=\"http:\/\/www.bnrm.md\/wp-content\/uploads\/2014\/05\/CENTRUL-BIBLIOTECONOMIC-NATIONAL-CONTINUT-DE-CALITATE-SI-SCHIMBARI-DE-PERSPECTIVA-Monografie-aniversara.png\" alt=\"CENTRUL BIBLIOTECONOMIC NA\u021aIONAL: CON\u021aINUT DE CALITATE \u0218I SCHIMB\u0102RI DE PERSPECTIV\u0102. Monografie aniversar\u0103\" width=\"177\" height=\"257\" \/> <\/a><figcaption>CENTRUL BIBLIOTECONOMIC NA\u021aIONAL: CON\u021aINUT DE CALITATE \u0218I SCHIMB\u0102RI DE PERSPECTIV\u0102. Monografie aniversar\u0103<\/figcaption><a href=\"http:\/\/www.bnrm.md\/wp-content\/uploads\/2014\/05\/Monografii-BNRM-meridianul-zero-Sistemului-National-Biblioteci-1991-2016.pdf\"> <img loading=\"lazy\" decoding=\"async\" class=\" size-full wp-image-2210\" src=\"http:\/\/www.bnrm.md\/wp-content\/uploads\/2014\/05\/Monografii-BNRM-meridianul-zero-SNB-1991-2016.jpg\" alt=\"BNRM - meridianul zero al Sistemului Na\u021bional de Biblioteci (1991-2016)\" width=\"177\" height=\"257\" \/> <\/a><figcaption>Biblioteca Na\u021bional\u0103 a Republicii Moldova &#8211; meridianul zero al Sistemului Na\u021bional de Biblioteci (1991-2016)<\/figcaption><\/figure>\n<figure>\n\t\t\t<a href=\"http:\/\/www.bnrm.md\/wp-content\/uploads\/2014\/05\/Monografii-Veronica-Cosovan-Domnitori-si-steme-romanesti.pdf\"> <img loading=\"lazy\" decoding=\"async\" class=\" size-full wp-image-2212\" src=\"http:\/\/www.bnrm.md\/wp-content\/uploads\/2014\/05\/Monografii-Veronica-Cosovan-Domnitori-si-steme-romanesti.png\" alt=\"Veronica Cosovan. Domnitori si steme romanesti\" width=\"177\" height=\"257\" \/> <\/a><figcaption>Veronica Cosovan. Domnitori si steme romanesti<\/figcaption><\/figure>\n<\/p><\/div>\n<\/div>\n<p>&nbsp;<\/p>\n","protected":false},"excerpt":{"rendered":"<p>Monografii Povestca, Lilia. Formarea profesional\u0103 continu\u0103 a personalului de specialitate din bibliotecile Republicii Moldova: starea de fapt \u015fi perspective BIBLIOTECA NA\u021aIONAL\u0102 A REPUBLICII MOLDOVA \u2013 DIMENSIUNE IDENTITAR\u0102 A \u021a\u0102RII: 190 DE ANI DE LA FONDARE \u0218I TREI DECENII DE LA ATRIBUIREA STATUTULUI DE BIBLIOTEC\u0102 NA\u021aIONAL\u0102 CENTRUL BIBLIOTECONOMIC NA\u021aIONAL: CON\u021aINUT DE CALITATE \u0218I SCHIMB\u0102RI DE PERSPECTIV\u0102&#8230;.<\/p>\n","protected":false},"author":1,"featured_media":2203,"parent":0,"menu_order":4,"comment_status":"closed","ping_status":"closed","template":"","meta":{"_bst_post_transparent":"","_bst_post_title":"","_bst_post_layout":"","_bst_post_sidebar_id":"","_bst_post_content_style":"","_bst_post_vertical_padding":"","_bst_post_feature":"","_bst_post_feature_position":"","_bst_post_header":false,"_bst_post_footer":false,"footnotes":""},"class_list":["post-4468","page","type-page","status-publish","has-post-thumbnail","hentry"],"_links":{"self":[{"href":"https:\/\/www.bnrm.md\/index.php?rest_route=\/wp\/v2\/pages\/4468","targetHints":{"allow":["GET"]}}],"collection":[{"href":"https:\/\/www.bnrm.md\/index.php?rest_route=\/wp\/v2\/pages"}],"about":[{"href":"https:\/\/www.bnrm.md\/index.php?rest_route=\/wp\/v2\/types\/page"}],"author":[{"embeddable":true,"href":"https:\/\/www.bnrm.md\/index.php?rest_route=\/wp\/v2\/users\/1"}],"replies":[{"embeddable":true,"href":"https:\/\/www.bnrm.md\/index.php?rest_route=%2Fwp%2Fv2%2Fcomments&post=4468"}],"version-history":[{"count":0,"href":"https:\/\/www.bnrm.md\/index.php?rest_route=\/wp\/v2\/pages\/4468\/revisions"}],"wp:featuredmedia":[{"embeddable":true,"href":"https:\/\/www.bnrm.md\/index.php?rest_route=\/wp\/v2\/media\/2203"}],"wp:attachment":[{"href":"https:\/\/www.bnrm.md\/index.php?rest_route=%2Fwp%2Fv2%2Fmedia&parent=4468"}],"curies":[{"name":"wp","href":"https:\/\/api.w.org\/{rel}","templated":true}]}}