{"id":4593,"date":"2019-03-27T01:33:38","date_gmt":"2019-03-26T22:33:38","guid":{"rendered":"http:\/\/localhost\/wp\/documente-de-reglementare\/"},"modified":"2019-03-27T01:33:38","modified_gmt":"2019-03-26T22:33:38","slug":"documente-de-reglementare","status":"publish","type":"page","link":"https:\/\/www.bnrm.md\/?page_id=4593","title":{"rendered":"Documente de reglementare"},"content":{"rendered":"<h1 style=\"text-align: center;\">Documente de reglementare<\/h1>\n<p><a href=\"http:\/\/lex.justice.md\/md\/370784\/\">LEGE Nr. 93 din 26.05.2017 cu privire la statistica oficial\u0103<\/a><\/p>\n<p><a href=\"http:\/\/www.bnrm.md\/wp-content\/uploads\/2019\/03\/Cercetarea-statistica-anuala-%E2%84%966-%D1%81-privind-activitatea-bibliotecilor.pdf\">Cercetarea statistic\u0103 anual\u0103 \u21166-\u0441 privind activitatea bibliotecilor<\/a><\/p>\n<p><a href=\"\/wp\/files\/publicatii\/Note%20explicative%20pentru%20completarea%20formularului%20%E2%80%9ERaport%20statistic%20anual%20%E2%84%96%206-c.%20Activitatea%20bibliotecilor%E2%80%9D%C2%A0.pdf\">Note explicative pentru completarea formularului \u201eRaport statistic anual \u2116 6-c. Activitatea bibliotecilor\u201d<\/a><\/p>\n<p><a href=\"http:\/\/bnrm.md\/\/\/\/\/\/bibliotecile-publice\/\">Lucrarea bienal\u0103 \u201dBibliotecile publice teritoriale din Republica Moldova: Indicatori statistici \u0219i de performan\u021b\u0103 (rela\u021bionali)\u201d<\/a><\/p>\n<p><a href=\"http:\/\/www.bnrm.md\/wp-content\/uploads\/2014\/05\/Ghid-Indicatori-de-performanta-2018.pdf\">INDICATORI DE PERFORMAN\u0162\u0102 (RELA\u0162IONALI) PENTRU BIBLIOTECI. Ghid \u00een sprijinul implement\u0103ri SM ISO 11620:2016 \u201eInformare \u015fi Documentare. Indicatori de performan\u021b\u0103 pentru biblioteci\u201d<\/a><\/p>\n<p><a href=\"http:\/\/www.bnrm.md\/wp-content\/uploads\/2014\/05\/Ghid-Informare-si-Documentare.Metode-si-proceduri-pentru-evaluarea-impactului-bibliotecilor.pdf\">Ghid \u00een sprijinul implement\u0103rii SM ISO 16439:2018 \u201eInformare \u0219i Documentare. Metode \u0219i proceduri pentru evaluarea impactului bibliotecilor\u201d<\/a><\/p>\n","protected":false},"excerpt":{"rendered":"<p>Documente de reglementare LEGE Nr. 93 din 26.05.2017 cu privire la statistica oficial\u0103 Cercetarea statistic\u0103 anual\u0103 \u21166-\u0441 privind activitatea bibliotecilor Note explicative pentru completarea formularului \u201eRaport statistic anual \u2116 6-c. Activitatea bibliotecilor\u201d Lucrarea bienal\u0103 \u201dBibliotecile publice teritoriale din Republica Moldova: Indicatori statistici \u0219i de performan\u021b\u0103 (rela\u021bionali)\u201d INDICATORI DE PERFORMAN\u0162\u0102 (RELA\u0162IONALI) PENTRU BIBLIOTECI. Ghid \u00een sprijinul&#8230;<\/p>\n","protected":false},"author":1,"featured_media":0,"parent":0,"menu_order":0,"comment_status":"closed","ping_status":"closed","template":"","meta":{"_bst_post_transparent":"","_bst_post_title":"","_bst_post_layout":"","_bst_post_sidebar_id":"","_bst_post_content_style":"","_bst_post_vertical_padding":"","_bst_post_feature":"","_bst_post_feature_position":"","_bst_post_header":false,"_bst_post_footer":false,"footnotes":""},"class_list":["post-4593","page","type-page","status-publish","hentry"],"_links":{"self":[{"href":"https:\/\/www.bnrm.md\/index.php?rest_route=\/wp\/v2\/pages\/4593","targetHints":{"allow":["GET"]}}],"collection":[{"href":"https:\/\/www.bnrm.md\/index.php?rest_route=\/wp\/v2\/pages"}],"about":[{"href":"https:\/\/www.bnrm.md\/index.php?rest_route=\/wp\/v2\/types\/page"}],"author":[{"embeddable":true,"href":"https:\/\/www.bnrm.md\/index.php?rest_route=\/wp\/v2\/users\/1"}],"replies":[{"embeddable":true,"href":"https:\/\/www.bnrm.md\/index.php?rest_route=%2Fwp%2Fv2%2Fcomments&post=4593"}],"version-history":[{"count":0,"href":"https:\/\/www.bnrm.md\/index.php?rest_route=\/wp\/v2\/pages\/4593\/revisions"}],"wp:attachment":[{"href":"https:\/\/www.bnrm.md\/index.php?rest_route=%2Fwp%2Fv2%2Fmedia&parent=4593"}],"curies":[{"name":"wp","href":"https:\/\/api.w.org\/{rel}","templated":true}]}}