{"id":4655,"date":"2019-12-30T15:04:41","date_gmt":"2019-12-30T12:04:41","guid":{"rendered":"http:\/\/localhost\/wp\/publicatii-de-referin\/"},"modified":"2026-03-23T14:22:52","modified_gmt":"2026-03-23T12:22:52","slug":"publicatii-de-referin","status":"publish","type":"page","link":"https:\/\/www.bnrm.md\/?page_id=4655","title":{"rendered":"Publicatii de referin\u021b\u0103"},"content":{"rendered":"<h1>Publicatii de referin\u021b\u0103<\/h1>\n<p><a href=\"http:\/\/www.bnrm.md\/wp-content\/uploads\/2019\/12\/Biblioteconomie-si-stiinte-ale-informarii-in-Republica-Moldova.-vol-III_2021-2022.pdf\">Biblioteconomie \u0219i \u015etiin\u021be ale Inform\u0103rii \u00een Republica Moldova: documente \u00een sprijinul activit\u0103\u021bii bibliotecilor. Vol. III. 2021-2022<\/a><\/p>\n<p><a href=\"http:\/\/www.bnrm.md\/wp-content\/uploads\/2019\/12\/bib-2018-2020-vol-II.pdf\">Biblioteconomie \u0219i \u015etiin\u021be ale Inform\u0103rii \u00een Republica Moldova: documente \u00een sprijinul activit\u0103\u021bii bibliotecilor. Vol. II. 2018-2020 (pdf)<\/a><\/p>\n<p><a href=\"http:\/\/www.bnrm.md\/wp-content\/uploads\/2019\/12\/Biblioteconomia-Moldovei-2015-2017-v1.pdf\">Biblioteconomie \u015fi \u015etiin\u0163e ale Inform\u0103rii \u00een Republica Moldova. Vol. 1 (2015-2017)<\/a><\/p>\n<p><a href=\"http:\/\/www.bnrm.md\/wp-content\/uploads\/2019\/12\/Biblioteconomia-Moldovei6.pdf\">Biblioteconomia Moldovei. Cadru de reglementare. Vol. 6<\/a><\/p>\n<p><a href=\"http:\/\/www.bnrm.md\/wp-content\/uploads\/2019\/12\/Biblioteconomia-Moldovei5.pdf\">Biblioteconomia Moldovei. Cadru de reglementare. Vol. 5<\/a><\/p>\n<p><a href=\"http:\/\/www.bnrm.md\/wp-content\/uploads\/2019\/12\/Biblioteconomia-Moldovei4.pdf\">Biblioteconomia Moldovei. Cadru de reglementare. Vol. 4<\/a><\/p>\n\n\n<p><\/p>\n\n\n\n<div class=\"wp-block-columns is-layout-flex wp-container-core-columns-is-layout-9d6595d7 wp-block-columns-is-layout-flex\">\n<div class=\"wp-block-column is-layout-constrained wp-block-column-is-layout-constrained\" style=\"flex-basis:100%\">\n<div class=\"wp-block-columns is-layout-flex wp-container-core-columns-is-layout-9d6595d7 wp-block-columns-is-layout-flex\">\n<div class=\"wp-block-column is-layout-flow wp-block-column-is-layout-flow\" style=\"flex-basis:25%\">\n<figure class=\"wp-block-image size-large is-resized\"><a href=\"http:\/\/www.bnrm.md\/wp-content\/uploads\/2026\/03\/Coperta_CapendarNational_2026.jpg\"><img fetchpriority=\"high\" decoding=\"async\" width=\"723\" height=\"1024\" src=\"http:\/\/www.bnrm.md\/wp-content\/uploads\/2026\/03\/Coperta_CapendarNational_2026-723x1024.jpg\" alt=\"\" class=\"wp-image-6455\" style=\"object-fit:contain;width:277px;height:257px\" srcset=\"https:\/\/www.bnrm.md\/wp-content\/uploads\/2026\/03\/Coperta_CapendarNational_2026-723x1024.jpg 723w, https:\/\/www.bnrm.md\/wp-content\/uploads\/2026\/03\/Coperta_CapendarNational_2026-212x300.jpg 212w, https:\/\/www.bnrm.md\/wp-content\/uploads\/2026\/03\/Coperta_CapendarNational_2026-768x1088.jpg 768w, https:\/\/www.bnrm.md\/wp-content\/uploads\/2026\/03\/Coperta_CapendarNational_2026-1084x1536.jpg 1084w, https:\/\/www.bnrm.md\/wp-content\/uploads\/2026\/03\/Coperta_CapendarNational_2026-1446x2048.jpg 1446w, https:\/\/www.bnrm.md\/wp-content\/uploads\/2026\/03\/Coperta_CapendarNational_2026-600x850.jpg 600w, https:\/\/www.bnrm.md\/wp-content\/uploads\/2026\/03\/Coperta_CapendarNational_2026.jpg 1570w\" sizes=\"(max-width: 723px) 100vw, 723px\" \/><\/a><figcaption class=\"wp-element-caption\"><p style=\"font-size:13px; \"><a href=\"http:\/\/www.bnrm.md\/wp-content\/uploads\/2019\/12\/CN 2026 (web).pdf\"><strong>Calendarul Na\u021bional 2026<\/strong><\/a><\/p><\/figcaption><\/figure>\n\n\n\n<figure class=\"wp-block-image size-large is-resized\"><a href=\"http:\/\/www.bnrm.md\/wp-content\/uploads\/2019\/12\/calendar-2022.pdf\"><img decoding=\"async\" width=\"721\" height=\"1024\" src=\"http:\/\/www.bnrm.md\/wp-content\/uploads\/2019\/12\/Calendar2022-721x1024.jpg\" alt=\"Calendar2022\" class=\"wp-image-2560\" style=\"object-fit:contain;width:277px;height:257px\" srcset=\"https:\/\/www.bnrm.md\/wp-content\/uploads\/2019\/12\/Calendar2022-721x1024.jpg 721w, https:\/\/www.bnrm.md\/wp-content\/uploads\/2019\/12\/Calendar2022-600x853.jpg 600w, https:\/\/www.bnrm.md\/wp-content\/uploads\/2019\/12\/Calendar2022-211x300.jpg 211w, https:\/\/www.bnrm.md\/wp-content\/uploads\/2019\/12\/Calendar2022.jpg 729w\" sizes=\"(max-width: 721px) 100vw, 721px\" \/><\/a><figcaption class=\"wp-element-caption\"><p style=\"font-size:13px; \"><a href=\"http:\/\/www.bnrm.md\/wp-content\/uploads\/2019\/12\/calendar-2022.pdf\"><strong>Calendarul Na\u021bional 2022<\/strong><\/a><\/p><\/figcaption><\/figure>\n<\/div>\n\n\n\n<div class=\"wp-block-column is-layout-flow wp-block-column-is-layout-flow\" style=\"flex-basis:25%\">\n<figure class=\"wp-block-image size-large is-resized\"><a href=\"http:\/\/www.bnrm.md\/wp-content\/uploads\/2019\/12\/CalendarNational2025.pdf\"><img decoding=\"async\" width=\"710\" height=\"1024\" src=\"http:\/\/www.bnrm.md\/wp-content\/uploads\/2019\/12\/Coperta_Calendar2025-710x1024.jpg\" alt=\"\" class=\"wp-image-2547\" style=\"object-fit:contain;width:277px;height:257px\" srcset=\"https:\/\/www.bnrm.md\/wp-content\/uploads\/2019\/12\/Coperta_Calendar2025-710x1024.jpg 710w, https:\/\/www.bnrm.md\/wp-content\/uploads\/2019\/12\/Coperta_Calendar2025-600x866.jpg 600w, https:\/\/www.bnrm.md\/wp-content\/uploads\/2019\/12\/Coperta_Calendar2025-208x300.jpg 208w, https:\/\/www.bnrm.md\/wp-content\/uploads\/2019\/12\/Coperta_Calendar2025-768x1108.jpg 768w, https:\/\/www.bnrm.md\/wp-content\/uploads\/2019\/12\/Coperta_Calendar2025-1065x1536.jpg 1065w, https:\/\/www.bnrm.md\/wp-content\/uploads\/2019\/12\/Coperta_Calendar2025-1420x2048.jpg 1420w, https:\/\/www.bnrm.md\/wp-content\/uploads\/2019\/12\/Coperta_Calendar2025.jpg 1701w\" sizes=\"(max-width: 710px) 100vw, 710px\" \/><\/a><figcaption class=\"wp-element-caption\"><a href=\"http:\/\/www.bnrm.md\/wp-content\/uploads\/2019\/12\/Coperta_Calendar2025.jpg\"><\/a><p style=\"font-size:13px; \"><a href=\"http:\/\/www.bnrm.md\/wp-content\/uploads\/2019\/12\/CalendarNational2025.pdf\"><strong>Calendarul Na\u021bional 2025<\/strong><\/a><\/p><\/figcaption><\/figure>\n\n\n\n<figure class=\"wp-block-image size-large is-resized\"><a href=\"http:\/\/www.bnrm.md\/wp-content\/uploads\/2019\/12\/calendar-2021.pdf\"><img loading=\"lazy\" decoding=\"async\" width=\"795\" height=\"1024\" src=\"http:\/\/www.bnrm.md\/wp-content\/uploads\/2019\/12\/Calendar2021-795x1024.png\" alt=\"\" class=\"wp-image-2562\" style=\"object-fit:contain;width:277px;height:257px\" srcset=\"https:\/\/www.bnrm.md\/wp-content\/uploads\/2019\/12\/Calendar2021-795x1024.png 795w, https:\/\/www.bnrm.md\/wp-content\/uploads\/2019\/12\/Calendar2021-600x773.png 600w, https:\/\/www.bnrm.md\/wp-content\/uploads\/2019\/12\/Calendar2021-233x300.png 233w, https:\/\/www.bnrm.md\/wp-content\/uploads\/2019\/12\/Calendar2021-768x989.png 768w, https:\/\/www.bnrm.md\/wp-content\/uploads\/2019\/12\/Calendar2021.png 1124w\" sizes=\"(max-width: 795px) 100vw, 795px\" \/><\/a><figcaption class=\"wp-element-caption\"><p style=\"font-size:13px; \"><a href=\"http:\/\/www.bnrm.md\/wp-content\/uploads\/2019\/12\/calendar-2021.pdf\"><strong>Calendarul Na\u021bional 2021<\/strong><\/a><\/p><\/figcaption><\/figure>\n<\/div>\n\n\n\n<div class=\"wp-block-column is-layout-flow wp-block-column-is-layout-flow\" style=\"flex-basis:25%\">\n<figure class=\"wp-block-image size-large is-resized\"><a href=\"http:\/\/www.bnrm.md\/wp-content\/uploads\/2019\/12\/CN_2024.pdf\"><img loading=\"lazy\" decoding=\"async\" width=\"723\" height=\"1024\" src=\"http:\/\/www.bnrm.md\/wp-content\/uploads\/2019\/12\/Coperta-Calendar-National-2024-723x1024.jpg\" alt=\"\" class=\"wp-image-2556\" style=\"object-fit:contain;width:277px;height:257px\" srcset=\"https:\/\/www.bnrm.md\/wp-content\/uploads\/2019\/12\/Coperta-Calendar-National-2024-723x1024.jpg 723w, https:\/\/www.bnrm.md\/wp-content\/uploads\/2019\/12\/Coperta-Calendar-National-2024-600x850.jpg 600w, https:\/\/www.bnrm.md\/wp-content\/uploads\/2019\/12\/Coperta-Calendar-National-2024-212x300.jpg 212w, https:\/\/www.bnrm.md\/wp-content\/uploads\/2019\/12\/Coperta-Calendar-National-2024-768x1088.jpg 768w, https:\/\/www.bnrm.md\/wp-content\/uploads\/2019\/12\/Coperta-Calendar-National-2024-1084x1536.jpg 1084w, https:\/\/www.bnrm.md\/wp-content\/uploads\/2019\/12\/Coperta-Calendar-National-2024.jpg 1234w\" sizes=\"(max-width: 723px) 100vw, 723px\" \/><\/a><figcaption class=\"wp-element-caption\"><p style=\"font-size:13px; \"><a href=\"http:\/\/www.bnrm.md\/wp-content\/uploads\/2019\/12\/CN_2024.pdf\"><strong>Calendarul Na\u021bional 2024<\/strong><\/a><\/p><\/figcaption><\/figure>\n\n\n\n<figure class=\"wp-block-image size-full is-resized\"><a href=\"http:\/\/www.bnrm.md\/wp-content\/uploads\/2019\/12\/calendar-2020.pdf\"><img loading=\"lazy\" decoding=\"async\" width=\"561\" height=\"726\" src=\"http:\/\/www.bnrm.md\/wp-content\/uploads\/2019\/12\/Calendar2020.png\" alt=\"\" class=\"wp-image-2564\" style=\"object-fit:contain;width:277px;height:257px\" srcset=\"https:\/\/www.bnrm.md\/wp-content\/uploads\/2019\/12\/Calendar2020.png 561w, https:\/\/www.bnrm.md\/wp-content\/uploads\/2019\/12\/Calendar2020-232x300.png 232w\" sizes=\"(max-width: 561px) 100vw, 561px\" \/><\/a><figcaption class=\"wp-element-caption\"><p style=\"font-size:13px; \"><a href=\"http:\/\/www.bnrm.md\/wp-content\/uploads\/2019\/12\/calendar-2020.pdf\"><strong>Calendarul Na\u021bional 2020<\/strong><\/a><\/p><\/figcaption><\/figure>\n<\/div>\n\n\n\n<div class=\"wp-block-column is-layout-flow wp-block-column-is-layout-flow\" style=\"flex-basis:25%\">\n<figure class=\"wp-block-image size-large is-resized\"><a href=\"http:\/\/www.bnrm.md\/wp-content\/uploads\/2019\/12\/CN-2023.pdf\"><img loading=\"lazy\" decoding=\"async\" width=\"705\" height=\"1024\" src=\"http:\/\/www.bnrm.md\/wp-content\/uploads\/2019\/12\/CopertaCalendar2023-705x1024.jpg\" alt=\"\" class=\"wp-image-2558\" style=\"object-fit:contain;width:277px;height:257px\" srcset=\"https:\/\/www.bnrm.md\/wp-content\/uploads\/2019\/12\/CopertaCalendar2023-705x1024.jpg 705w, https:\/\/www.bnrm.md\/wp-content\/uploads\/2019\/12\/CopertaCalendar2023-600x871.jpg 600w, https:\/\/www.bnrm.md\/wp-content\/uploads\/2019\/12\/CopertaCalendar2023-207x300.jpg 207w, https:\/\/www.bnrm.md\/wp-content\/uploads\/2019\/12\/CopertaCalendar2023-768x1115.jpg 768w, https:\/\/www.bnrm.md\/wp-content\/uploads\/2019\/12\/CopertaCalendar2023-1058x1536.jpg 1058w, https:\/\/www.bnrm.md\/wp-content\/uploads\/2019\/12\/CopertaCalendar2023.jpg 1102w\" sizes=\"(max-width: 705px) 100vw, 705px\" \/><\/a><figcaption class=\"wp-element-caption\"><p style=\"font-size:13px; \"><a href=\"http:\/\/www.bnrm.md\/wp-content\/uploads\/2019\/12\/CN-2023.pdf\"><strong>Calendarul Na\u021bional 2023<\/strong><\/a><\/p><\/figcaption><\/figure>\n<\/div>\n<\/div>\n<\/div>\n<\/div>\n\n\n\n<p style=\"margin-top:0;margin-right:0;margin-bottom:0;margin-left:0;font-size:13px\"><\/p>\n\n\n\n<p><\/p>\n","protected":false},"excerpt":{"rendered":"<p>Publicatii de referin\u021b\u0103 Biblioteconomie \u0219i \u015etiin\u021be ale Inform\u0103rii \u00een Republica Moldova: documente \u00een sprijinul activit\u0103\u021bii bibliotecilor. Vol. III. 2021-2022 Biblioteconomie \u0219i \u015etiin\u021be ale Inform\u0103rii \u00een Republica Moldova: documente \u00een sprijinul activit\u0103\u021bii bibliotecilor. Vol. II. 2018-2020 (pdf) Biblioteconomie \u015fi \u015etiin\u0163e ale Inform\u0103rii \u00een Republica Moldova. Vol. 1 (2015-2017) Biblioteconomia Moldovei. Cadru de reglementare. Vol. 6 Biblioteconomia&#8230;<\/p>\n","protected":false},"author":1,"featured_media":2547,"parent":0,"menu_order":2,"comment_status":"closed","ping_status":"closed","template":"","meta":{"_bst_post_transparent":"","_bst_post_title":"","_bst_post_layout":"","_bst_post_sidebar_id":"","_bst_post_content_style":"","_bst_post_vertical_padding":"","_bst_post_feature":"","_bst_post_feature_position":"","_bst_post_header":false,"_bst_post_footer":false,"footnotes":""},"class_list":["post-4655","page","type-page","status-publish","has-post-thumbnail","hentry"],"_links":{"self":[{"href":"https:\/\/www.bnrm.md\/index.php?rest_route=\/wp\/v2\/pages\/4655","targetHints":{"allow":["GET"]}}],"collection":[{"href":"https:\/\/www.bnrm.md\/index.php?rest_route=\/wp\/v2\/pages"}],"about":[{"href":"https:\/\/www.bnrm.md\/index.php?rest_route=\/wp\/v2\/types\/page"}],"author":[{"embeddable":true,"href":"https:\/\/www.bnrm.md\/index.php?rest_route=\/wp\/v2\/users\/1"}],"replies":[{"embeddable":true,"href":"https:\/\/www.bnrm.md\/index.php?rest_route=%2Fwp%2Fv2%2Fcomments&post=4655"}],"version-history":[{"count":23,"href":"https:\/\/www.bnrm.md\/index.php?rest_route=\/wp\/v2\/pages\/4655\/revisions"}],"predecessor-version":[{"id":6511,"href":"https:\/\/www.bnrm.md\/index.php?rest_route=\/wp\/v2\/pages\/4655\/revisions\/6511"}],"wp:featuredmedia":[{"embeddable":true,"href":"https:\/\/www.bnrm.md\/index.php?rest_route=\/wp\/v2\/media\/2547"}],"wp:attachment":[{"href":"https:\/\/www.bnrm.md\/index.php?rest_route=%2Fwp%2Fv2%2Fmedia&parent=4655"}],"curies":[{"name":"wp","href":"https:\/\/api.w.org\/{rel}","templated":true}]}}