{"id":4698,"date":"2020-07-31T15:43:07","date_gmt":"2020-07-31T12:43:07","guid":{"rendered":"http:\/\/localhost\/wp\/culegeri\/"},"modified":"2026-03-31T11:10:58","modified_gmt":"2026-03-31T09:10:58","slug":"culegeri","status":"publish","type":"page","link":"https:\/\/www.bnrm.md\/?page_id=4698","title":{"rendered":"Culegeri"},"content":{"rendered":"<h1 style=\"text-align: center;\">Culegeri<\/h1>\n<ul>\n<li><a href=\"http:\/\/www.bnrm.md\/wp-content\/uploads\/2020\/07\/Lectura-si-scarile.pdf\">Lectura \u0219i sc\u0103rile : Culegere de articole. Vol. I<\/a><\/li>\n<li><a href=\"http:\/\/www.bnrm.md\/wp-content\/uploads\/2020\/07\/lectura-si-scarile_volI.pdf\">Lectura \u015fi sc\u0103rile : Culegere de articole. Vol II<\/a><\/li>\n<li><a href=\"http:\/\/www.bnrm.md\/wp-content\/uploads\/2020\/07\/lectura-si-scarile-vol.-III.pdf\">Lectura \u015fi sc\u0103rile : Culegere de articole. Vol III<\/a><\/li>\n<li><a href=\"http:\/\/www.bnrm.md\/wp-content\/uploads\/2020\/07\/lectura-si-scarile-vol.-IV.pdf\">Lectura \u015fi sc\u0103rile : Culegere de articole. Vol. IV<\/a><\/li>\n<li><a href=\"http:\/\/www.bnrm.md\/wp-content\/uploads\/2020\/07\/lectura si scarile vol. V.pdf\">Lectura \u015fi sc\u0103rile : Culegere de articole. Vol. V<\/a><\/li>\n<li><a href=\"http:\/\/www.bnrm.md\/wp-content\/uploads\/2020\/07\/Cartea-si-lectura2024.pdf\">Cartea \u0219i lectura \u00een via\u021ba personalit\u0103\u021bilor : Impresii de lectur\u0103<\/a><\/li>\n<li><a href=\"http:\/\/www.bnrm.md\/wp-content\/uploads\/2026\/03\/VB-2025.pdf\">Eminescu \u2013 o prezen\u0163\u0103 etern\u0103 : Comunic\u0103rile Simpozionului \u0218tiin\u021bific Interna\u021bional \u201eValori Bibliofile\u201d, Edi\u021bia 34-a, 12 iunie 2025 <\/a> \u00a0<\/li>\n<li><a href=\"http:\/\/www.bnrm.md\/wp-content\/uploads\/2020\/07\/Mosteniri-comune.pdf\"> Mo\u015fteniri comune = Common Heritage = \u041e\u0431\u0449\u0435\u0435 \u043d\u0430\u0441\u043b\u0435\u0434\u0438\u0435 <\/a><\/li>\n<li><a href=\"http:\/\/www.bnrm.md\/wp-content\/uploads\/2020\/07\/L.Kulikovskii_Culegere_articole.pdf\">In honorem Lidia Kulikovski: Culegere de articole<\/a><\/li>\n<li><a href=\"http:\/\/www.bnrm.md\/wp-content\/uploads\/2020\/07\/Parinti-si-scriitori-bisericesti.pdf\">P\u0103rin\u021bi \u0219i scriitori biserice\u0219ti din spa\u021biul rom\u00e2nesc (sec. XIX- \u00eenc. sec. XX) : Materialele Ateneului de Cultur\u0103 \u0219i Credin\u021b\u0103 \u201eBiserica Alb\u0103\u201d, edi\u021bia a 3-a, 2022<\/a><\/li>\n<li><a href=\"http:\/\/www.bnrm.md\/wp-content\/uploads\/2020\/07\/Preotul-si-carturarul-Avva-Paul-Mihail.-Pentru-tipar.pdf\">Preotul \u015fi c\u0103rturarul Avva Paul Mihail : Comunic\u0103rile Simpozionului \u0218tiin\u021bific Interna\u021bional \u201eValori Bibliofile\u201d, edi\u021bia 33-a, 13 iunie 2024<\/a><\/li>\n<\/ul>\n\n\n<p><\/p>\n","protected":false},"excerpt":{"rendered":"<p>Culegeri Lectura \u0219i sc\u0103rile : Culegere de articole. Vol. I Lectura \u015fi sc\u0103rile : Culegere de articole. Vol II Lectura \u015fi sc\u0103rile : Culegere de articole. Vol III Lectura \u015fi sc\u0103rile : Culegere de articole. Vol. IV Lectura \u015fi sc\u0103rile : Culegere de articole. Vol. V Cartea \u0219i lectura \u00een via\u021ba personalit\u0103\u021bilor : Impresii de&#8230;<\/p>\n","protected":false},"author":1,"featured_media":0,"parent":0,"menu_order":1,"comment_status":"closed","ping_status":"closed","template":"","meta":{"_bst_post_transparent":"","_bst_post_title":"","_bst_post_layout":"","_bst_post_sidebar_id":"","_bst_post_content_style":"","_bst_post_vertical_padding":"","_bst_post_feature":"","_bst_post_feature_position":"","_bst_post_header":false,"_bst_post_footer":false,"footnotes":""},"class_list":["post-4698","page","type-page","status-publish","hentry"],"_links":{"self":[{"href":"https:\/\/www.bnrm.md\/index.php?rest_route=\/wp\/v2\/pages\/4698","targetHints":{"allow":["GET"]}}],"collection":[{"href":"https:\/\/www.bnrm.md\/index.php?rest_route=\/wp\/v2\/pages"}],"about":[{"href":"https:\/\/www.bnrm.md\/index.php?rest_route=\/wp\/v2\/types\/page"}],"author":[{"embeddable":true,"href":"https:\/\/www.bnrm.md\/index.php?rest_route=\/wp\/v2\/users\/1"}],"replies":[{"embeddable":true,"href":"https:\/\/www.bnrm.md\/index.php?rest_route=%2Fwp%2Fv2%2Fcomments&post=4698"}],"version-history":[{"count":2,"href":"https:\/\/www.bnrm.md\/index.php?rest_route=\/wp\/v2\/pages\/4698\/revisions"}],"predecessor-version":[{"id":6580,"href":"https:\/\/www.bnrm.md\/index.php?rest_route=\/wp\/v2\/pages\/4698\/revisions\/6580"}],"wp:attachment":[{"href":"https:\/\/www.bnrm.md\/index.php?rest_route=%2Fwp%2Fv2%2Fmedia&parent=4698"}],"curies":[{"name":"wp","href":"https:\/\/api.w.org\/{rel}","templated":true}]}}