{"id":4739,"date":"2014-05-31T15:41:11","date_gmt":"2014-05-31T12:41:11","guid":{"rendered":"http:\/\/localhost\/wp\/biblioleader\/"},"modified":"2014-05-31T15:41:11","modified_gmt":"2014-05-31T12:41:11","slug":"biblioleader","status":"publish","type":"page","link":"https:\/\/www.bnrm.md\/?page_id=4739","title":{"rendered":"Colec\u021bia \u201eBiblioLeader\u201d"},"content":{"rendered":"<h1 style=\"text-align: center;\">Colec\u0163ia &#8222;BiblioLeader&#8221;<\/h1>\n<p>&nbsp;<\/p>\n<table style=\"font-size: 14px;\">\n<tbody>\n<tr>\n<td>\n\t\t\t\t<a href=\"http:\/\/www.bnrm.md\/wp-content\/uploads\/2017\/11\/Monografie_biobibliografica_Alexe_Rau.pdf\"><img fetchpriority=\"high\" decoding=\"async\" class=\" size-full wp-image-2714\" src=\"http:\/\/www.bnrm.md\/wp-content\/uploads\/2014\/05\/Coperta_A_RAU.jpg\" alt=\"Rau Monografie\" width=\"200\" height=\"296\" style=\"margin-right: auto; display: block; margin-left: auto;\" \/><\/a><\/p>\n<p style=\"text-align: center;\">Monografie biobibliografic\u0103 \u201eAlexe R\u0103u, un vizionar al biblioteconomiei basarabene\u201d<\/p>\n<\/td>\n<td>\n\t\t\t\t<a href=\"http:\/\/www.bnrm.md\/wp-content\/uploads\/2020\/07\/L.Kulikovskii_Culegere_articole.pdf\"><img decoding=\"async\" class=\" size-full wp-image-2715\" src=\"http:\/\/www.bnrm.md\/wp-content\/uploads\/2014\/05\/Kulikovski-Culegere-de-articole--scaled.jpg\" alt=\"Kulikovski Culegere\" width=\"200\" height=\"296\" style=\"margin-right: auto; display: block; margin-left: auto;\" \/><\/a><\/p>\n<p style=\"text-align: center;\">In honorem Lidia Kulikovski: Culegere de articole<\/p>\n<\/td>\n<td>\n\t\t\t\t<a href=\"http:\/\/www.bnrm.md\/wp-content\/uploads\/2017\/11\/Biobibliografie-N.-Turcan.pdf\"><img decoding=\"async\" class=\" size-full wp-image-2716\" src=\"http:\/\/www.bnrm.md\/wp-content\/uploads\/2014\/05\/N.-Turcanu.Biobibliografie.jpg\" alt=\"BiblioLeader Turcanu\" width=\"200\" height=\"296\" style=\"margin-right: auto; display: block; margin-left: auto;\" \/><\/a><\/p>\n<p style=\"text-align: center;\">Cercet\u0103torul \u0219i profesorul Nelly \u021aurcan: Model de dezvoltare \u00een profesie. Monografie biobibliografic\u0103<\/p>\n<\/td>\n<td>\n\t\t\t\t<a href=\"http:\/\/www.bnrm.md\/wp-content\/uploads\/2017\/11\/Biobibliografie-Osoianu.pdf\"><img loading=\"lazy\" decoding=\"async\" class=\" size-full wp-image-2717\" src=\"http:\/\/www.bnrm.md\/wp-content\/uploads\/2014\/05\/BiblioLeader-Osoianu.jpg\" alt=\"BiblioLeader Osoianu\" width=\"232\" height=\"288\" style=\"display: block; margin-left: auto; margin-right: auto;\" \/><\/a><\/p>\n<p style=\"text-align: center;\">Vera Osoianu \u0219i BIBLIOTECA din oglinda unui destin: Monografie biobibliografic\u0103<\/p>\n<\/td>\n<td>\n\t\t\t\t<a href=\"http:\/\/www.bnrm.md\/wp-content\/uploads\/2017\/11\/Biobibliografie-Corghenici.pdf\"><img loading=\"lazy\" decoding=\"async\" class=\" size-full wp-image-2718\" src=\"http:\/\/www.bnrm.md\/wp-content\/uploads\/2014\/05\/BiblioLeader-Corghenci-scaled.jpg\" alt=\"BiblioLeader Corghenci\" width=\"212\" height=\"288\" style=\"display: block; margin-left: auto; margin-right: auto;\" \/><\/a><\/p>\n<p style=\"text-align: center;\">Ludmila Corghenci: Omul din Templul C\u0103r\u0163ii \u015fi \u0218tiin\u0163ei: Monografie biobibliografic\u0103&nbsp;&nbsp;<\/p>\n<\/td>\n<\/tr>\n<\/tbody>\n<\/table>\n","protected":false},"excerpt":{"rendered":"<p>Colec\u0163ia &#8222;BiblioLeader&#8221; &nbsp; Monografie biobibliografic\u0103 \u201eAlexe R\u0103u, un vizionar al biblioteconomiei basarabene\u201d In honorem Lidia Kulikovski: Culegere de articole Cercet\u0103torul \u0219i profesorul Nelly \u021aurcan: Model de dezvoltare \u00een profesie. Monografie biobibliografic\u0103 Vera Osoianu \u0219i BIBLIOTECA din oglinda unui destin: Monografie biobibliografic\u0103 Ludmila Corghenci: Omul din Templul C\u0103r\u0163ii \u015fi \u0218tiin\u0163ei: Monografie biobibliografic\u0103&nbsp;&nbsp;<\/p>\n","protected":false},"author":1,"featured_media":2707,"parent":0,"menu_order":1,"comment_status":"closed","ping_status":"closed","template":"","meta":{"_bst_post_transparent":"","_bst_post_title":"","_bst_post_layout":"","_bst_post_sidebar_id":"","_bst_post_content_style":"","_bst_post_vertical_padding":"","_bst_post_feature":"","_bst_post_feature_position":"","_bst_post_header":false,"_bst_post_footer":false,"footnotes":""},"class_list":["post-4739","page","type-page","status-publish","has-post-thumbnail","hentry"],"_links":{"self":[{"href":"https:\/\/www.bnrm.md\/index.php?rest_route=\/wp\/v2\/pages\/4739","targetHints":{"allow":["GET"]}}],"collection":[{"href":"https:\/\/www.bnrm.md\/index.php?rest_route=\/wp\/v2\/pages"}],"about":[{"href":"https:\/\/www.bnrm.md\/index.php?rest_route=\/wp\/v2\/types\/page"}],"author":[{"embeddable":true,"href":"https:\/\/www.bnrm.md\/index.php?rest_route=\/wp\/v2\/users\/1"}],"replies":[{"embeddable":true,"href":"https:\/\/www.bnrm.md\/index.php?rest_route=%2Fwp%2Fv2%2Fcomments&post=4739"}],"version-history":[{"count":0,"href":"https:\/\/www.bnrm.md\/index.php?rest_route=\/wp\/v2\/pages\/4739\/revisions"}],"wp:featuredmedia":[{"embeddable":true,"href":"https:\/\/www.bnrm.md\/index.php?rest_route=\/wp\/v2\/media\/2707"}],"wp:attachment":[{"href":"https:\/\/www.bnrm.md\/index.php?rest_route=%2Fwp%2Fv2%2Fmedia&parent=4739"}],"curies":[{"name":"wp","href":"https:\/\/api.w.org\/{rel}","templated":true}]}}