{"id":4795,"date":"2021-11-12T10:08:39","date_gmt":"2021-11-12T07:08:39","guid":{"rendered":"http:\/\/localhost\/wp\/proiecte\/"},"modified":"2021-11-12T10:08:39","modified_gmt":"2021-11-12T07:08:39","slug":"proiecte","status":"publish","type":"page","link":"https:\/\/www.bnrm.md\/?page_id=4795","title":{"rendered":"Proiecte"},"content":{"rendered":"<h4 style=\"text-align: center;\">PROIECTE<\/h4>\n<p>Biblioteca Na\u021bional\u0103 identific\u0103, elaboreaz\u0103 \u0219i implementeaz\u0103 programe \u0219i proiecte na\u021bionale, interna\u021bionale \u0219i institu\u021bionale, \u00een concordan\u021b\u0103 cu misiunea \u0219i func\u021biile institu\u021biei, particip\u0103 \u00een calitate de partener la diferite proiecte, menite s\u0103 \u00eembun\u0103t\u0103\u021beasc\u0103 activitatea Bibliotecii sau s\u0103 dezvolte domeniul biblioteconomic \u0219i al \u0219tiin\u021belor inform\u0103rii.<\/p>\n<p style=\"text-align: center;\"><strong>Proiecte gestionate de Biblioteca Na\u021bional\u0103<\/strong><\/p>\n<p><strong>La nivel na\u021bional:<\/strong><\/p>\n<p>&#8211; <a href=\"http:\/\/www.bnrm.md\/wp-content\/uploads\/2021\/11\/Fisa-Repozitoriu-National-tematic.pdf\">Repozitoriul Na\u021bional Tematic \u2013 NRT MOLDLIS (2019 \u2013 prezent)<\/a><\/p>\n<p>&#8211; <a href=\"http:\/\/www.bnrm.md\/wp-content\/uploads\/2021\/11\/Fisa-Arhiva-de-voci.pdf\">Arhiva de voci: interviuri cu personalit\u0103\u021bi din domeniul culturii (2015 \u2013 prezent)<\/a><\/p>\n<p>&#8211; <a href=\"http:\/\/www.bnrm.md\/wp-content\/uploads\/2021\/11\/Fisa-Centrul-de-Formare-Continua.pdf\">Centrul de Formare Continu\u0103 \u00een Biblioteconomie \u0219i \u0218tiin\u021be ale Inform\u0103rii (2015 \u2013 prezent)<\/a><\/p>\n<p>&#8211; <a href=\"http:\/\/www.bnrm.md\/wp-content\/uploads\/2021\/11\/Fisa-Centrul-de-Statistica.pdf\">Centrul de Statistic\u0103, Cercetare \u0219i Dezvoltare (2015 \u2013 prezent)<\/a><\/p>\n<p>&#8211; <a href=\"http:\/\/www.bnrm.md\/wp-content\/uploads\/2021\/11\/Fisa-Centrului-Pro-European.pdf\">Centrul Pro-european de Servicii si Comunicare (2011 &#8211; prezent)<\/a><\/p>\n<p><strong>La nivel interna\u021bional:<\/strong><\/p>\n<p>&#8211; <a href=\"http:\/\/www.bnrm.md\/wp-content\/uploads\/2021\/11\/Fisa-Imbunatatirea-Echipamentelor.pdf\">\u00cembun\u0103t\u0103\u021birea echipamentelor de digitizare din cadrul Bibliotecii Na\u021bionale a Republicii Moldova (2020-2023)<\/a><\/p>\n<p>&#8211; <a href=\"http:\/\/www.bnrm.md\/wp-content\/uploads\/2021\/11\/Fisa-Incluziune-sociala-DVV.pdf\">Incluziunea social\u0103 a persoanelor private de libertate: programe educa\u021bionale (Biblioterapie, e-Guvernare \u0219i Comunicare asertiv\u0103 \u2013 terapie prin lectur\u0103 \u0219i scris) (2020)<\/a><\/p>\n<p>&#8211; <a href=\"http:\/\/www.bnrm.md\/wp-content\/uploads\/2021\/11\/Fisa-Hrisoavele-basarabene.pdf\">Hrisoave basarabene \u0219i alte documente istorice din sec. XIX (2017 \u2013 2019)<\/a><\/p>\n<p>&#8211; <a href=\"http:\/\/www.bnrm.md\/wp-content\/uploads\/2021\/11\/Fisa-Educatia-mediatica.pdf\">Educa\u021bia mediatic\u0103 \u2013 prioritate a sec. XXI-lea (2018)<\/a><\/p>\n<p>&#8211; <a href=\"\/wp\/Fisa%20Vizita%20Letonia.pdf\">Vizita de studiu a reprezentan\u021bilor Bibliotecii Na\u021bionale a Republicii Moldova la Biblioteca Na\u021bional\u0103 a Letoniei (2018)<\/a><\/p>\n<p>&#8211; <a href=\"http:\/\/www.bnrm.md\/wp-content\/uploads\/2021\/11\/Fisa-Vizita-Cehia.pdf\">Organizarea unei vizite colective de studiu la Biblioteca Na\u021bional\u0103 a Cehiei (2017)<\/a><\/p>\n<p>&#8211; <a href=\"http:\/\/www.bnrm.md\/wp-content\/uploads\/2021\/11\/Fisa-Conferinta-Internationala.pdf\">Organizarea Conferin\u021bei Interna\u021bionale \u201eDezvoltarea colabor\u0103rii bibliotecilor europene \u00een spa\u021biul virtual\u201d (2017)<\/a><\/p>\n<p><strong>La nivel institu\u021bional:<\/strong><\/p>\n<p>&#8211; <a href=\"http:\/\/www.bnrm.md\/wp-content\/uploads\/2021\/11\/Fisa-Muzeul-Cartii.pdf\">Muzeul C\u0103r\u021bii (2018 &#8211; prezent)<\/a><\/p>\n<p>&#8211; <a href=\"http:\/\/www.bnrm.md\/wp-content\/uploads\/2021\/11\/Fisa-Gala-Formatorilor.pdf\">Gala Formatorilor (2018 &#8211; prezent)<\/a><\/p>\n<p>&#8211; <a href=\"http:\/\/www.bnrm.md\/wp-content\/uploads\/2021\/11\/Fisa-BiblioLeader.pdf\">Crearea Colec\u021biei \u201eBiblioLeader\u201d (2020 &#8211; prezent)<\/a><\/p>\n<p style=\"text-align: center;\"><strong>Participarea Bibliotecii Na\u021bionale \u00een proiecte gestionate de alte biblioteci \/ organiza\u021bii<\/strong><\/p>\n<p><strong>La nivel na\u021bional<\/strong><\/p>\n<p>&#8211; <a href=\"http:\/\/www.bnrm.md\/wp-content\/uploads\/2021\/11\/Fisa-Academia-de-vara.pdf\">Academia de var\u0103 pentru bibliotecari, edi\u021bia 2020: Lectura \u0219i universul tehnologiilor digitale (2020)<\/a><\/p>\n<p>&#8211; <a href=\"http:\/\/www.bnrm.md\/wp-content\/uploads\/2021\/11\/Fisa-Impreuna-pt-comunitate.pdf\">\u00cempreun\u0103 pentru comunitate! (2017-2018)<\/a><\/p>\n<p>&#8211; <a href=\"http:\/\/www.bnrm.md\/wp-content\/uploads\/2021\/11\/Fisa-Forumul-Managerilor-2020.pdf\">Forumul managerilor din cadrul Sistemului Na\u021bional de Biblioteci (1995 \u2013 prezent)<\/a><\/p>\n<p>&#8211; <a href=\"http:\/\/www.bnrm.md\/wp-content\/uploads\/2021\/11\/Fisa-cetatenie-activa.pdf\">Crearea Cluburilor de Cet\u0103\u021benie Activ\u0103 (2016)<\/a><\/p>\n<p>&#8211; <a href=\"http:\/\/www.bnrm.md\/wp-content\/uploads\/2021\/11\/Fisa-Lectura-Central-2020.pdf\">Programul na\u021bional \u201dLecturaCentral\u201d, edi\u021bia a 3-a, 2020<\/a><\/p>\n<p>&#8211; <a href=\"http:\/\/www.bnrm.md\/wp-content\/uploads\/2021\/11\/Fisa-Lectura-Central-2019.pdf\">Programul na\u021bional \u201dLecturaCentral\u201d, edi\u021bia a 2-a, 2019<\/a><\/p>\n<p>&#8211; <a href=\"http:\/\/www.bnrm.md\/wp-content\/uploads\/2021\/11\/Fisa-Lectura-Central-2018.pdf\">Programul na\u021bional \u201dLecturaCentral\u201d, edi\u021bia a 1-a, 2018<\/a><\/p>\n<p>&#8211; <a href=\"http:\/\/www.bnrm.md\/wp-content\/uploads\/2021\/11\/Fisa-Nocturna.pdf\">Nocturna Bibliotecilor (2014 \u2013 prezent)<\/a><\/p>\n<p><strong>La nivel interna\u021bional<\/strong><\/p>\n<p>&#8211; <a href=\"http:\/\/www.bnrm.md\/wp-content\/uploads\/2021\/11\/Fisa-10-persoane-Lithuania.pdf\">Institu\u021bia: Biblioteca Na\u021bional\u0103 \u2013 poten\u021bial \u0219i oportunit\u0103\u021bi (2018)<\/a><\/p>\n<p>&#8211; <a href=\"http:\/\/www.bnrm.md\/wp-content\/uploads\/2021\/11\/Fisa-Scoala-de-vara-Cezara.pdf\">\u0218coala de var\u0103 cu Cezara Kolesnik \u201dClaude Monet \u2013 sursele picturii moderne\u201d (2018)<\/a><\/p>\n<p>&#8211; <a href=\"http:\/\/www.bnrm.md\/wp-content\/uploads\/2021\/11\/Fisa-Centrul-ONU.pdf\">Centrul de Informare \u0219i Documentare al Organiza\u021biei Na\u021biunilor Unite (2016 \u2013 prezent)<\/a><\/p>\n<p>&#8211; <a href=\"http:\/\/www.bnrm.md\/wp-content\/uploads\/2021\/11\/Fisa-Europeana.pdf\">Europeana (2016)<\/a><\/p>\n<p>&#8211; <a href=\"http:\/\/www.bnrm.md\/wp-content\/uploads\/2021\/11\/Fisa-Tarile-CSI.pdf\">Publica\u021bii \u0219i resurse electronice ale bibliotecilor na\u021bionale din \u021b\u0103rile CSI (2004 \u2013 prezent)<\/a><\/p>\n<p><strong>La nivel institu\u021bional<\/strong><\/p>\n<p>&#8211; <a href=\"http:\/\/www.bnrm.md\/wp-content\/uploads\/2021\/11\/Fisa-Copacul-de-la-Biblioteca.pdf\">Proiectul de design al mobilierului urban \u201eCopacul de la Bibliotec\u0103\u201d (2018)<\/a><br \/>&#8211; <a href=\"http:\/\/www.bnrm.md\/wp-content\/uploads\/2021\/11\/Fisa-Instalatia-Lumini-arhitecturale.pdf\">Instala\u021bia de lumini arhitecturale pe cl\u0103direa Bibliotecii Na\u021bionale (2018)<\/a><br \/>&#8211; <a href=\"http:\/\/www.bnrm.md\/wp-content\/uploads\/2021\/11\/Fisa-Galeria-de-portrete.pdf\">Crearea Galeriei de portrete ale scriitorilor la Biblioteca Na\u021bional\u0103 (2016 \u2013 prezent)<\/a><\/p>\n","protected":false},"excerpt":{"rendered":"<p>PROIECTE Biblioteca Na\u021bional\u0103 identific\u0103, elaboreaz\u0103 \u0219i implementeaz\u0103 programe \u0219i proiecte na\u021bionale, interna\u021bionale \u0219i institu\u021bionale, \u00een concordan\u021b\u0103 cu misiunea \u0219i func\u021biile institu\u021biei, particip\u0103 \u00een calitate de partener la diferite proiecte, menite s\u0103 \u00eembun\u0103t\u0103\u021beasc\u0103 activitatea Bibliotecii sau s\u0103 dezvolte domeniul biblioteconomic \u0219i al \u0219tiin\u021belor inform\u0103rii. Proiecte gestionate de Biblioteca Na\u021bional\u0103 La nivel na\u021bional: &#8211; Repozitoriul Na\u021bional Tematic&#8230;<\/p>\n","protected":false},"author":1,"featured_media":0,"parent":0,"menu_order":0,"comment_status":"closed","ping_status":"closed","template":"","meta":{"_bst_post_transparent":"","_bst_post_title":"","_bst_post_layout":"","_bst_post_sidebar_id":"","_bst_post_content_style":"","_bst_post_vertical_padding":"","_bst_post_feature":"","_bst_post_feature_position":"","_bst_post_header":false,"_bst_post_footer":false,"footnotes":""},"class_list":["post-4795","page","type-page","status-publish","hentry"],"_links":{"self":[{"href":"https:\/\/www.bnrm.md\/index.php?rest_route=\/wp\/v2\/pages\/4795","targetHints":{"allow":["GET"]}}],"collection":[{"href":"https:\/\/www.bnrm.md\/index.php?rest_route=\/wp\/v2\/pages"}],"about":[{"href":"https:\/\/www.bnrm.md\/index.php?rest_route=\/wp\/v2\/types\/page"}],"author":[{"embeddable":true,"href":"https:\/\/www.bnrm.md\/index.php?rest_route=\/wp\/v2\/users\/1"}],"replies":[{"embeddable":true,"href":"https:\/\/www.bnrm.md\/index.php?rest_route=%2Fwp%2Fv2%2Fcomments&post=4795"}],"version-history":[{"count":0,"href":"https:\/\/www.bnrm.md\/index.php?rest_route=\/wp\/v2\/pages\/4795\/revisions"}],"wp:attachment":[{"href":"https:\/\/www.bnrm.md\/index.php?rest_route=%2Fwp%2Fv2%2Fmedia&parent=4795"}],"curies":[{"name":"wp","href":"https:\/\/api.w.org\/{rel}","templated":true}]}}