{"id":4797,"date":"2021-11-17T23:53:41","date_gmt":"2021-11-17T20:53:41","guid":{"rendered":"http:\/\/localhost\/wp\/servicii-de-bibliotec\/"},"modified":"2026-04-03T12:43:51","modified_gmt":"2026-04-03T10:43:51","slug":"servicii-de-bibliotec","status":"publish","type":"page","link":"https:\/\/www.bnrm.md\/?page_id=4797","title":{"rendered":"Servicii de bibliotec\u0103"},"content":{"rendered":"\t\t<div data-elementor-type=\"wp-page\" data-elementor-id=\"4797\" class=\"elementor elementor-4797\">\n\t\t\t\t<div class=\"elementor-element elementor-element-7c054441 e-flex e-con-boxed e-con e-parent\" data-id=\"7c054441\" data-element_type=\"container\">\n\t\t\t\t\t<div class=\"e-con-inner\">\n\t\t\t\t<div class=\"elementor-element elementor-element-e56934d elementor-widget elementor-widget-text-editor\" data-id=\"e56934d\" data-element_type=\"widget\" data-widget_type=\"text-editor.default\">\n\t\t\t\t\t\t\t\t\t<h1>\u00a0 \u00a0 \u00a0 Servicii oferite de Biblioteca Na\u021bional\u0103 a Republicii Moldova<\/h1><ul><li style=\"list-style-type: none;\"><ul><li><style>\ndetails > summary {<br \/>  padding: 4px;<br \/>  width: 400px;<br \/>  background-color: #eeeeee;<br \/>  border: none;<br \/>  box-shadow: 1px 1px 2px #bbbbbb;<br \/>  cursor: pointer;<br \/>}<\/p>\n<p>details > p {<br \/>  background-color: #eeeeee;<br \/>  padding: 4px;<br \/>  margin: 0;<br \/>  box-shadow: 1px 1px 2px #bbbbbb;<br \/>}<br \/><\/style><details><summary>Ob\u021binerea cardului de acces \/ permisului de cititor<\/summary><p>Fiind institu\u0163ie public\u0103 de stat, Biblioteca Na\u0163ional\u0103 este accesibil\u0103 tuturor cet\u0103\u0163enilor care au atins v\u00e2rsta de 17 ani.<\/p><p>Acte necesare pentru ob\u0163inerea permisului de cititor:<\/p><p>\u2003\u2003Buletin de identitate\/pa\u015faport; Legitima\u0163ie de serviciu\/cupon de pensie\/ carnet de student (dup\u0103 caz).<\/p><p>Permisul de cititor se vizeaz\u0103 anual.<\/p><\/details><\/li><li><style>\ndetails > summary {<br \/>  padding: 4px;<br \/>  width: 300px;<br \/>  background-color: #eeeeee;<br \/>  border: none;<br \/>  box-shadow: 1px 1px 2px #bbbbbb;<br \/>  cursor: pointer;<br \/>}<\/p>\n<p>details > p {<br \/>  background-color: #eeeeee;<br \/>  padding: 4px;<br \/>  margin: 0;<br \/>  box-shadow: 1px 1px 2px #bbbbbb;<br \/>}<br \/><\/style><details><summary>Turul sau prezentarea bibliotecii<\/summary><p>Biblioteca Na\u021bional\u0103 a Republicii Moldova v\u0103 invit\u0103 s-o descoperi\u021bi \u00eentr-un tur ghidat al spa\u021biilor sale publice \u0219i, la solicitare, a depozitelor ei.<br \/>V\u0103 a\u0219tept\u0103m s\u0103 ne vizita\u021bi, pe baza unei program\u0103ri prealabile, pentru a afla informa\u021bii despre istoria bibliotecii, despre colec\u021biile pe care le de\u021bine, despre serviciile \u0219i produsele oferite, dar \u0219i despre evenimentele culturale organizate de\/\u00een bibliotec\u0103.<br \/>Turul se organizeaz\u0103 la cerere, de luni p\u00e2n\u0103 vineri, pentru un grup de 5-25 de persoane, cu v\u00e2rste peste 7 ani, vorbitori de limba rom\u00e2n\u0103 \u0219i\/sau limba rus\u0103.<br \/>Durata unui tur este de aproximativ 30 de minute, cu posibilitate de prelungire, \u00een func\u021bie de v\u00e2rsta \u0219i de gradul de interes al participan\u021bilor.<br \/>Date contact: Sec\u021bia Marketing \u0219i Comunicare sociocultural\u0103, e-mail: marketing@bnrm.md<br \/>Telefon: (+373) 22 23 80 11 (interior 108)<\/p><\/details><\/li><li>\u00a0 \u00a0 Vizitarea Muzeului C\u0103r\u021bii<\/li><li>\u00a0 \u00a0 Acces la resurse informa\u021bionale:<br \/>\u00a0 \u00a0 &#8211;\u00a0\u00a0 \u00a0Colec\u021biile de bibliotec\u0103 \u00a0<br \/>\u00a0 \u00a0 &#8211;\u00a0\u00a0 \u00a0Cataloage tradi\u021bionale \u00a0<br \/>\u00a0 \u00a0 &#8211;\u00a0\u00a0 \u00a0Catalogul electronic OPAC al Bibliotecii Na\u021bionale \u00a0<br \/>\u00a0 \u00a0 &#8211;\u00a0\u00a0 \u00a0Catalogul colectiv al bibliotecilor publcie teritoriale SIBIMOL <br \/>\u00a0 \u00a0 &#8211;\u00a0\u00a0 \u00a0Biblioteca Na\u021bional\u0103 Digital\u0103 MOLDAVICA<br \/>\u00a0 \u00a0 &#8211;\u00a0\u00a0 \u00a0Repozitoriul Na\u021bional Tematic Moldlis <br \/>\u00a0 \u00a0 &#8211;\u00a0\u00a0 \u00a0<a href=\"http:\/\/cpescmdt.blogspot.com\/\">Portal Pro-Europa\u00a0<\/a><\/li><li>\u00a0 \u00a0 &#8211;\u00a0 \u00a0\u00a0Baze de date<\/li><li>\u00a0 \u00a0 Acces la Internet \u0219i re\u021beaua Wi-Fi a bibliotecii<\/li><li>\u00a0 \u00a0 Acces la paginii web a bibliotecii \u0219i re\u021bele sociale, bloguri, wiki, etc.<\/li><li>\u00a0 \u00a0 Acces la utilizarea echipamentul bibliotecii (calculatoare, printere etc.)<\/li><li>\u00a0 \u00a0<a href=\"http:\/\/www.bnrm.md\/?page_id=4049\">\u00cemprumut \u0219i consultarea documentelor la s\u0103lile de lectur\u0103<\/a><\/li><li>\u00a0 \u00a0<a href=\"http:\/\/www.bnrm.md\/?page_id=3997\">\u00cemprumutul interbibliotecar na\u021bional \u0219i interna\u021bional<\/a><\/li><li><style>\ndetails > summary {<br \/>  padding: 4px;<br \/>  width: 320px;<br \/>  background-color: #eeeeee;<br \/>  border: none;<br \/>  box-shadow: 1px 1px 2px #bbbbbb;<br \/>  cursor: pointer;<br \/>}<\/p>\n<p>details > p {<br \/>  background-color: #eeeeee;<br \/>  padding: 4px;<br \/>  margin: 0;<br \/>  box-shadow: 1px 1px 2px #bbbbbb;<br \/>}<br \/><\/style><details><summary>Schimb interna\u021bional de publica\u021bii<\/summary><p>Biblioteca Na\u0163ional\u0103 a Republicii Moldova desf\u0103\u0219oar\u0103 rela\u021bii de schimb interna\u021bional de publica\u021bii, \u00een vederea dezvolt\u0103rii propriilor colec\u021bii \u0219i pentru a promova cultura \u0219i civiliza\u021bia \u021b\u0103rii.<\/p><p>\u2003Rela\u0163iile de schimb au la baz\u0103 Conven\u0163ia UNESCO din 1958 privind schimbul interna\u0163ional de publica\u0163ii \u0219i Legea nr. 160 din 20.07.2017 cu privire la biblioteci.<\/p><p>\u2003Prin schimbul interna\u021bional de publica\u0163ii Biblioteca Na\u021bional\u0103 procur\u0103 titluri care nu se reg\u0103sesc \u00een colec\u0163iile proprii \u015fi care nu pot fi achizi\u0163ionate din alte surse: achizi\u0163ie, dona\u0163ie, transfer.<\/p><p>\u2003Nu se supun schimbului documentele din categoria patrimoniului cultural na\u021bional (carte veche \u0219i rar\u0103, edi\u021bii de interes bibliofil etc.).<\/p><p>\u2003Principiile schimbului interna\u0163ional:<\/p><p><i>\u2022 gratuitate<\/i> &#8211; schimburile sunt definite ca mijloace de dezvoltare a colec\u0163iilor \u00een afara circuitelor comerciale<\/p><p><i>\u2022 reciprocitate<\/i> \u2013 principiu al rela\u0163iilor interna\u0163ionale, consacrat \u00een acorduri, \u00een tratate \u015fi \u00een conven\u0163ii \u00een temeiul c\u0103ruia beneficiarul se oblig\u0103 s\u0103 asigure un tratament identic sau echivalent.<\/p><p><i>\u2022 diversitate <\/i>&#8211; tipologia publica\u0163iilor destinate schimbului (monografii \u015fi publica\u0163ii periodice, publica\u0163ii academice \u015fi de cercetare, teze, publica\u0163ii oficiale, reproduceri dup\u0103 manuscrise, documente epuizate, rare sau edi\u0163ii rare) \u015fi suportul (h\u00e2rtie, microformat).<\/p><p><i>\u2022 operativitate<\/i><\/p><p><i>\u2022 flexibilitate<\/i><\/p><p><i>\u2022 generozitate<\/i><\/p><p>Ce solicit\u0103 Biblioteca Na\u021bional\u0103 la schimb?<\/p><p>\u2002Biblioteca Na\u021bional\u0103 solicit\u0103 documente \u00een diverse limbi, sub toate formele de suporturi cu caracter instructiv, \u0219tiin\u021bific \u0219i cultural, \u00een conformitate cu Politica de dezvoltare a resurselor informa\u021bionale a BNRM.<\/p><p>Protocol de schimb<\/p><p>\u2002Partenerii de schimb ai BNRM sunt \u00een mare parte biblioteci na\u0163ionale, biblioteci de cercetare, biblioteci universitare, biblioteci publice, biblioteci specializate, muzee, alte institu\u0163ii culturale.<br \/>Biblioteca Na\u021bional\u0103 a Republicii Moldova<br \/>str. 31 August 1989, 78A<br \/>Serviciul Dezvoltarea colec\u021biilor<br \/>e-mail: completare@bnrm.md<br \/>telefon: (+373) 022 22 61 35 (interior 114)\u00a0<\/p><\/details><\/li><li>\u00a0 \u00a0 <a href=\"http:\/\/www.bnrm.md\/?page_id=3999\">\u00cemprumut la domiciliu prin abonament personal<\/a><\/li><li>\u00a0 \u00a0 Furnizarea electronic\u0103 de documente<\/li><li>\u00a0 \u00a0 <a href=\"http:\/\/www.bnrm.md\/?page_id=3999\">Rezervarea documentelor solicitate<\/a><\/li><li>\u00a0 \u00a0 Prelungirea termenului de \u00eemprumut<\/li><li><style>\ndetails > summary {<br \/>  padding: 4px;<br \/>  width: 800px;<br \/>  background-color: #eeeeee;<br \/>  border: none;<br \/>  box-shadow: 1px 1px 2px #bbbbbb;<br \/>  cursor: pointer;<br \/>}<\/p>\n<p>details > p {<br \/>  background-color: #eeeeee;<br \/>  padding: 4px;<br \/>  margin: 0;<br \/>  box-shadow: 1px 1px 2px #bbbbbb;<br \/>}<br \/><\/style><details><summary>Servicii de referin\u021b\u0103, inclusiv electronice<\/summary><p>Biblioteca Na\u021bional\u0103 a Republicii Moldova ofer\u0103 o gam\u0103 larg\u0103 de servicii de referin\u021b\u0103 \u0219i bibliografice bazate pe utilizarea colec\u021biilor bibliotecii, folosind ca instrumente de c\u0103utare cataloagele tradi\u021bionale \u0219i electronice. \u00cen paralel cu sursele tradi\u021bionale de informare, pentru o informare exhaustiv\u0103 sunt folosite baze de date externe \u0219i interne, resursele re\u021belei Internet.<\/p><p>Asisten\u021ba informa\u021bional\u0103 presupune:<\/p><p>\u2003\u2003\u00b7 utilizarea cataloagelor bibliotecii \u015fi a bazelor de date<\/p><p>\u2003\u2003\u00b7 metodologia reg\u0103sirii informa\u0163iilor \u00een surse bibliografice \u015fi de referin\u0163\u0103<\/p><p>\u2003\u2003\u00b7 \u00eentocmirea referin\u0163elor bibliografice pentru teze, articole, monografii etc.<\/p><p>\u2003\u2003\u00b7 cercetare documentar\u0103 \u00een colec\u0163iile \u015fi resursele electronice disponibile \u00een bibliotec\u0103;<\/p><p>\u2003\u2003\u00b7 asisten\u0163a, instruirea \u015fi formarea utilizatorilor;<\/p><p>\u2003\u2003\u00b7 elaborarea de produse documentare: indexuri tematice, materiale de formare, asisten\u021b\u0103, instruire;<\/p><p>\u2003\u2003\u00b7 realizarea cercet\u0103rilor bibliografice la cerere prin consultarea bazelor bibliografice disponibile;<\/p><p>Accesul la servicii de referin\u0163e se asigur\u0103 \u00een baza permisului de bibliotec\u0103 valabil, \u00een condi\u021biile Regulamentului \u0219i procedurilor \u00een vigoare.\u202f<\/p><p>Contact: Sec\u021bia Asisten\u021b\u0103 informa\u021bional\u0103, e-mail: bibasist@bnrm.md, tel.: (+373) 022 22 51 11 (interior 118)<\/p><\/details><\/li><li>\u00a0 \u00a0 <a href=\"http:\/\/www.bnrm.md\/?page_id=5764\">Serviciul informational de consultan\u021b\u0103 \u201c\u00centreab@bibliotecarul\u201d<\/a><\/li><li>\u00a0 \u00a0 Elaborarea bibliografiilor \u0219i e-bibliografiilor, monografiilor biobibliografice<\/li><li>\u00a0 \u00a0 Elaborarea buletinelor de achizi\u021bii<\/li><li>\u00a0 \u00a0 Recep\u021bionarea tezelor de doctorat<\/li><li><style>\ndetails > summary {<br \/>  padding: 4px;<br \/>  width: 300px;<br \/>  background-color: #eeeeee;<br \/>  border: none;<br \/>  box-shadow: 1px 1px 2px #bbbbbb;<br \/>  cursor: pointer;<br \/>}<\/p>\n<p>details > p {<br \/>  background-color: #eeeeee;<br \/>  padding: 4px;<br \/>  margin: 0;<br \/>  box-shadow: 1px 1px 2px #bbbbbb;<br \/>}<br \/><\/style><details><summary>Difuzarea selectiv\u0103 a informa\u021biei (DSI)<\/summary><p>La cerin\u021ba beneficiarilor serviciile specializate pot difuza informa\u021bie recent actualizat\u0103 dintr-un domeniu dat. <br \/>Sec\u021bia Asisten\u021b\u0103 informa\u021bional\u0103, e-mail: bibasist@bnrm.md, tel.: (+373) 022 22 51 11 (interior 118)<\/p><\/details><\/li><li><style>\ndetails > summary {<br \/>  padding: 4px;<br \/>  width: 320px;<br \/>  background-color: #eeeeee;<br \/>  border: none;<br \/>  box-shadow: 1px 1px 2px #bbbbbb;<br \/>  cursor: pointer;<br \/>}<\/p>\n<p>details > p {<br \/>  background-color: #eeeeee;<br \/>  padding: 4px;<br \/>  margin: 0;<br \/>  box-shadow: 1px 1px 2px #bbbbbb;<br \/>}<br \/><\/style><details><summary>Instruirea utilizatorilor \u00een cultura informa\u021biei<\/summary><p>Instruirea informa\u0163ional\u0103 a utilizatorilor a devenit o prioritate, un serviciu de sine st\u0103t\u0103tor al bibliotecii. Misiunea ei este de a ghida utilizatorii \u00een resursele existente \u015fi de a-i \u00eenarma cu abilit\u0103\u0163i de reg\u0103sire, evaluare \u015fi utilizare a resurselor de informare.<br \/>Biblioteca Na\u021bional\u0103 a Republicii Moldova organizeaz\u0103 \u00een cursul anului, la cerere, sesiuni de instruire a utilizatorilor s\u0103i. Orele de instruire \u00een domeniul Culturii informa\u021biei a utilizatorilor se concentreaz\u0103 pe urm\u0103toarele obiective: familiarizarea utilizatorilor cu serviciile de baz\u0103 pe care le presteaz\u0103 biblioteca; \u0441ondi\u021biile de ac\u0441es la resursele informa\u021bionale ale bibliotecii; transmiterea abilit\u0103\u021bilor de utilizare a serviciilor de bibliotec\u0103; transmiterea abilit\u0103\u021bilor de folosire a sistemelor de informare, ini\u021biind utilizatorul \u00een cunoa\u0219terea principiilor \u0219i strategiilor de \u0441onsultare a publica\u021biilor tradi\u021bionale \u0219i digitale, a bibliotecilor electronice \u0219i bazelor de date; dezvoltarea abilit\u0103\u021bilor de utilizare a tehnologiilor de ob\u021binere a informa\u021biilor corespunz\u0103toare.<br \/>Temele propuse:<br \/>1. Metode \u0219i instrumente tradi\u021bionale de c\u0103utare \u0219i selectare a informa\u021biei \u00een BNRM. Utilizarea cataloagelor, fi\u0219ierelor,\u00eendrumarelor, bibliografiilor.<br \/>2. Accesarea \u0219i utilizarea catalogului electronic al BNRM. Criterii \u0219i metode de c\u0103utare.<br \/>3. Accesarea Bazelor de date proprii a BNRM. Criterii de c\u0103utare. Selectarea surselor de informa\u021bie necesare.<br \/>4. Accesarea Bazelor de date \u00een acces deschis. Criterii \u0219i metode de utilizare.<br \/>5. C\u0103utarea \u0219i selectarea informa\u021biei \u00een format electronic din mediul online. Veridicitatea \u0219i credibilitatea surselor.<br \/>6. Utilizarea bazelor de date cu caracter juridic din Republica Moldova. MoldLex, Legis.md, arhivele revistelor juridice.<br \/>7. C\u0103utarea \u0219i selectarea informa\u021biei con\u021binut\u0103 \u00een Repozitoriile institu\u021bionale din \u021bar\u0103 \u0219i din afara ei.<br \/>8. Accesarea \u0219i utilizarea catalogului electronic LibUniv<br \/>9. Alc\u0103tuirea \u0219i crearea listelor de referin\u021b\u0103<br \/>Persoanele care doresc s\u0103 participe la sesiuni pot contacta la adresa:<br \/>Biblioteca Na\u021bional\u0103 a Republicii Moldova<br \/>str. 31 August 1989, 78A<br \/>Sec\u021bial Asisten\u021b\u0103 informa\u021bional\u0103<br \/>e-mail: bibasist@bnrm.md<br \/>telefon: (+373) 022 22 51 11 (interior 118)\u00a0<\/p><\/details><\/li><li>\u00a0 \u00a0 Instruirea utilizatorilor \u00een vederea alfabetiz\u0103rii digitale<\/li><li>\u00a0 \u00a0 Organizarea expozi\u021biilor tradi\u021bionale \u0219i virtuale<\/li><li>\u00a0 \u00a0 Organizarea evenimentelor virtuale<\/li><li>\u00a0 \u00a0 Organizarea activit\u0103\u021bilor cu caracter literar, cultural, educativ, social, \u0219tiin\u021bific, de recreere<\/li><li>\u00a0 \u00a0 Oferirea spa\u021biului pentru comunicare, evenimente, activit\u0103\u021bi de importan\u021b\u0103 social\u0103 sau comunitar\u0103<\/li><li>\u00a0 \u00a0<a href=\"http:\/\/www.bnrm.md\/?page_id=4001\">Expertiza documentelor de bibliotec\u0103 pasibile de export<\/a><\/li><li><style>\ndetails > summary {<br \/>  padding: 4px;<br \/>  width: 320px;<br \/>  background-color: #eeeeee;<br \/>  border: none;<br \/>  box-shadow: 1px 1px 2px #bbbbbb;<br \/>  cursor: pointer;<br \/>}<\/p>\n<p>details > p {<br \/>  background-color: #eeeeee;<br \/>  padding: 4px;<br \/>  margin: 0;<br \/>  box-shadow: 1px 1px 2px #bbbbbb;<br \/>}<br \/><\/style><details><summary>Recep\u021bionarea tezelor de doctorat<\/summary><p>Doctoranzii depun teza de doctorat \u00een format tip\u0103rit, cartonat\u0103 \u0219i semnat\u0103 de conduc\u0103torul sau consultantul \u0219tiin\u021bific la Biblioteca Na\u021bional\u0103 a Republicii Moldova.<br \/>Contact<br \/>Biblioteca Na\u021bional\u0103 a Republicii Moldova<br \/>str. 31 August 1989, 78A<\/p><p>Sec\u021bia Acces general<br \/>e-mail: acces@bnrm.md<br \/>Telefon: 022 22 40 71<\/p><p>Directori adjuncti: <br \/>Aliona Muntean<\/p><p>e-mail: aliona.muntean@bnrm.md<\/p><p>Aliona Tostogan<\/p><p>e-mail: a.tostogan@bnrm.md<\/p><p>Telefon: 022 24 04 18<\/p><\/details><\/li><li style=\"text-align: center;\"><h1>Servicii contra plat\u0103<\/h1><\/li><li>\u00a0<\/li><li>\u00a0\u00a0\u00a0 Eliberare duplicatului permisului de intrare<br \/>\u00a0\u00a0\u00a0 Copierea\/fotocopierea pe suport de h\u00e2rtie a documentelor alb-negru\/color<br \/>\u00a0\u00a0\u00a0 Tip\u0103rirea la imprimant\u0103 a documentelor alb-negru\/color\u00a0\u00a0\u00a0<\/li><li><style>\ndetails > summary {<br \/>  padding: 4px;<br \/>  width: 800px;<br \/>  background-color: #eeeeee;<br \/>  border: none;<br \/>  box-shadow: 1px 1px 2px #bbbbbb;<br \/>  cursor: pointer;<br \/>}<\/p>\n<p>details > p {<br \/>  background-color: #eeeeee;<br \/>  padding: 4px;<br \/>  margin: 0;<br \/>  box-shadow: 1px 1px 2px #bbbbbb;<br \/>}<br \/><\/style><details><summary>Scanarea documentelor\/imaginilor \u0219i transmiterea acestora pe suport de memorie extern\u0103 sau prin e-mail<\/summary><p>La cererea beneficiarilor, BNRM livreaz\u0103 copii de documente scanate,\u00een conformitate cu Legea 139 din 02.07.2010 privind dreptul de autor \u015fi drepturile conexe.<br \/>\u2003Conform Regulamentului privind accesul utilizatorilor la colec\u021biile BNRM, scanarea poate avea loc \u00een prezen\u021ba utilizatorului, dar \u0219i la comanda preliminar\u0103. Termenul de realizare a comenzii preliminare de scanare a documentelor este minim de 2 zile.<\/p><p>\u2003Scanarea documentelor \u00een prezen\u021ba utilizatorului se realizeaz\u0103 \u00een cazul, dac\u0103 volumul documentelor solicitate pentru scanare nu dep\u0103\u0219e\u0219te 20 pagini. Dac\u0103 volumul dep\u0103\u0219e\u0219te 20 de pagini, scanarea se realizeaz\u0103 la comanda prealabil\u0103. Rezultatele scan\u0103rii se p\u0103streaz\u0103 \u00een formatul PDF.<\/p><p>\u2003Serviciile de \u00eemprumut \u00een format digital se face contra cost, \u00een conformitate cu Regulamentul privind prestarea serviciilor \u00een BNRM.<\/p><p>Date contact:<\/p><p>\u2003\u2003- Sec\u021bia Asisten\u021b\u0103 informa\u021bional\u0103, e-mail: bibasist@bnrm.md, telefon: (+373) 022 22 51 11 (interior 118),<\/p><p>\u2003\u2003- Sec\u021bia Arte \u0219i H\u0103r\u021bi, e-mail: arte@bnrm.md, tel.: (+373) 022 24 04 21<\/p><p>\u2003\u2003- Sec\u021bii Audiovideoteca, e-mail: audiovideo@bnrm.md, tel.: (+373) 022 24 41 87<\/p><\/details><\/li><\/ul><\/li><\/ul><p>\u00a0\u00a0\u00a0 \u00cenregistrarea informa\u021biilor pe suport de memorie extern\u0103, oferit de bibliotec\u0103<br \/>\u00a0\u00a0\u00a0 Filmarea \u00een bibliotec\u0103 a evenimentelor private sau a altor situa\u021bii de utilizare a spa\u021biului de bibliotec\u0103 \u00een calitate de platou de filmare \u00een scopuri comerciale sau \u00een alte scopuri care nu au tangen\u021b\u0103 cu activitatea bibliotecii<br \/>\u00a0\u00a0\u00a0 Loca\u021biunea spa\u021biului bibliotecii<br \/>\u00a0\u00a0\u00a0 \u00cemprumutul pentru perioada din afara programului de lucru al bibliotecii a documentelor de bibliotec\u0103 care nu au regim de \u00eemprumut la domiciliu, cu excep\u021bia depozitului legal \u0219i a colec\u021biilor speciale<br \/>\u00a0\u00a0\u00a0 Redactarea referin\u021belor bibliografice pentru teze, studii, analize, cercet\u0103ri \u0219i alte lucr\u0103ri de autor sau institu\u021bionale<br \/>\u00a0\u00a0\u00a0 Elaborarea bibliografiilor privind alte documente, dec\u00e2t cele din colec\u021biile bibliotecii<br \/>\u00a0\u00a0\u00a0 Expedierea documentelor prin \u00eemprumutul interbibliotecar (taxa po\u0219tal\u0103)<br \/>\u00a0\u00a0\u00a0 Expedierea documentelor \u00een format electronic (scanarea documentelor)<\/p><ul><li style=\"list-style-type: none;\"><ul><li><style>\ndetails > summary {<br \/>  padding: 4px;<br \/>  width: 1200px;<br \/>  background-color: #eeeeee;<br \/>  border: none;<br \/>  box-shadow: 1px 1px 2px #bbbbbb;<br \/>  cursor: pointer;<br \/>}<\/p>\n<p>details > p {<br \/>  background-color: #eeeeee;<br \/>  padding: 4px;<br \/>  margin: 0;<br \/>  box-shadow: 1px 1px 2px #bbbbbb;<br \/>}<br \/><\/style><details><summary>Restaurarea documentelor pe suport papetar (corp carte, documente de arhiv\u0103 etc) \u0219i leg\u0103tura carte Instruire practic\u0103 pentru formarea restauratorilor<\/summary><p>Suportul fizic al documentelor (celuloza) \u0219i cernelurile utilizate pentru \u00eenscrisuri \u0219i\/sau imagini sunt constituite din materiale de natur\u0103 organic\u0103, degradabile \u00een timp.<\/p><p>Condi\u021bionat de grija cu care a fost p\u0103strat \u0219i conservat, documentul sufer\u0103 numeroase transform\u0103ri \u00een timp, modific\u00e2ndu-\u0219i textura, aspectul \u0219i culoarea, p\u00e2n\u0103 la o degradare total\u0103 \u0219i ireversibil\u0103.<\/p><p>Centrul Tehnic de Conservare \u0219i Restaurare a documentelor din cadrul Bibliotecii Na\u021bionale ofer\u0103 urm\u0103toarele servicii:<\/p><p>\u00b7 Dezinfec\u021bia documentelor;<\/p><p>\u00b7 Dezinsec\u021bia documentelor;<\/p><p>\u00b7 Cur\u0103\u021barea manuala a documentelor, foilor, coper\u021bilor;<\/p><p>\u00b7 Cre\u0219terea buc\u0103\u021bilor de foaie lips\u0103, \u00eent\u0103rirea foilor;<\/p><p>\u00b7 Unirea prin cre\u0219terea de foaie caietele documentului;<\/p><p>\u00b7 Unirea blocului prin pilire, clame;<\/p><p>\u00b7 Cusutul caietelor;<\/p><p>\u00b7 Croitul si lipirea forjatelor;<\/p><p>\u00b7 T\u0103ierea blocului;<\/p><p>\u00b7 Confec\u021bionarea coper\u021bilor de tip modern;<\/p><p>\u00b7 Cur\u0103\u021barea, restaurarea, emolierea coper\u021bilor din piele;<\/p><p>\u00b7 Unirea blocului cu coperta;<\/p><p>\u00b7 Presarea caietelor, blocului,coper\u021bilor;<\/p><p>\u00b7 Presarea documentului finisat;<\/p><p>Serviciile sunt prestate contra plat\u0103 (conform Regulamentului privind serviciile prestate de Biblioteca Na\u021bional\u0103). Pre\u021bul este stabilit \u00een baz\u0103 de contract.<\/p><p>Contact<\/p><p>Biblioteca Na\u021bional\u0103 a Republicii Moldova<br \/>str. 31 August 1989, 78 A<\/p><p>Sec\u021bia Centrul Tehnic de Conservare \u0219i Restaurare<\/p><p>e-mail: restaurare@bnrm.md<br \/>telefon: (+373) 022 23 80 04 (interior 112)<\/p><\/details><\/li><\/ul><\/li><\/ul><p>\u00a0\u00a0\u00a0 Lucr\u0103ri de legare, copertare<br \/>\u00a0\u00a0\u00a0 Consultan\u021b\u0103 \u00een organizarea evenimentelor culturale moderne, elaborarea scenariilor pentru evenimentele culturale<br \/>\u00a0\u00a0\u00a0 Opera\u021biuni de convertire a datelor prin digitizare (text, audio, video)<br \/>\u00a0\u00a0\u00a0 Comercializarea Revistei socio-culturale Moldova<br \/>\u00a0\u00a0\u00a0 Dep\u0103\u0219irea termenului de \u00eemprumut a unui document<br \/>\u00a0\u00a0\u00a0 Pierderea sau deteriorarea documentului, echipament<br \/>\u00a0\u00a0\u00a0 Deteriorarea barcodului documentului\u00a0\u00a0\u00a0\u00a0\u00a0\u00a0<\/p>\t\t\t\t\t\t\t\t<\/div>\n\t\t\t\t\t<\/div>\n\t\t\t\t<\/div>\n\t\t\t\t<\/div>\n\t\t","protected":false},"excerpt":{"rendered":"<p>\u00a0 \u00a0 \u00a0 Servicii oferite de Biblioteca Na\u021bional\u0103 a Republicii Moldova Ob\u021binerea cardului de acces \/ permisului de cititor Fiind institu\u0163ie public\u0103 de stat, Biblioteca Na\u0163ional\u0103 este accesibil\u0103 tuturor cet\u0103\u0163enilor care au atins v\u00e2rsta de 17 ani. Acte necesare pentru ob\u0163inerea permisului de cititor: \u2003\u2003Buletin de identitate\/pa\u015faport; Legitima\u0163ie de serviciu\/cupon de pensie\/ carnet de student&#8230;<\/p>\n","protected":false},"author":1,"featured_media":0,"parent":0,"menu_order":3,"comment_status":"closed","ping_status":"closed","template":"","meta":{"_bst_post_transparent":"","_bst_post_title":"","_bst_post_layout":"","_bst_post_sidebar_id":"","_bst_post_content_style":"","_bst_post_vertical_padding":"","_bst_post_feature":"","_bst_post_feature_position":"","_bst_post_header":false,"_bst_post_footer":false,"footnotes":""},"class_list":["post-4797","page","type-page","status-publish","hentry"],"_links":{"self":[{"href":"https:\/\/www.bnrm.md\/index.php?rest_route=\/wp\/v2\/pages\/4797","targetHints":{"allow":["GET"]}}],"collection":[{"href":"https:\/\/www.bnrm.md\/index.php?rest_route=\/wp\/v2\/pages"}],"about":[{"href":"https:\/\/www.bnrm.md\/index.php?rest_route=\/wp\/v2\/types\/page"}],"author":[{"embeddable":true,"href":"https:\/\/www.bnrm.md\/index.php?rest_route=\/wp\/v2\/users\/1"}],"replies":[{"embeddable":true,"href":"https:\/\/www.bnrm.md\/index.php?rest_route=%2Fwp%2Fv2%2Fcomments&post=4797"}],"version-history":[{"count":24,"href":"https:\/\/www.bnrm.md\/index.php?rest_route=\/wp\/v2\/pages\/4797\/revisions"}],"predecessor-version":[{"id":6651,"href":"https:\/\/www.bnrm.md\/index.php?rest_route=\/wp\/v2\/pages\/4797\/revisions\/6651"}],"wp:attachment":[{"href":"https:\/\/www.bnrm.md\/index.php?rest_route=%2Fwp%2Fv2%2Fmedia&parent=4797"}],"curies":[{"name":"wp","href":"https:\/\/api.w.org\/{rel}","templated":true}]}}