{"id":4798,"date":"2021-11-17T23:56:09","date_gmt":"2021-11-17T20:56:09","guid":{"rendered":"http:\/\/localhost\/wp\/dezvoltarea-competen-elor\/"},"modified":"2021-11-17T23:56:09","modified_gmt":"2021-11-17T20:56:09","slug":"dezvoltarea-competen-elor","status":"publish","type":"page","link":"https:\/\/www.bnrm.md\/?page_id=4798","title":{"rendered":"Dezvoltarea competen\u021belor"},"content":{"rendered":"<h1 style=\"text-align: center;\">Servicii de dezvoltare a competen\u021belor personale ale utilizatorilor<\/h1>\n<h1 style=\"text-align: center;\">&nbsp;<\/h1>\n<h3><span>*<\/span> ArtCreativ<\/h3>\n<h3><span>*<\/span> BiblioTur<\/h3>\n<h3><span>*<\/span> BiblioTurism<\/h3>\n<h3><span>*<\/span> Clubul HOMO Aestheticus<\/h3>\n<h3><span>*<\/span> Clubul Literaria<\/h3>\n<h3><span>*<\/span> Cultura Informa\u021biei<\/h3>\n<h3><span>*<\/span> Educa\u0163ia civic\u0103 \u015fi informarea aleg\u0103torilor<\/h3>\n<h3><span>*<\/span> Educa\u021bie pentru media<\/h3>\n<h3><span>*<\/span> F\u0103-\u021bi prieten cu o carte<\/h3>\n<h3><span>*<\/span> Informa\u021bii europene pentru to\u021bi<\/h3>\n<h3><span>*<\/span> Promovarea \u0219i sus\u021binerea ODD-urilor \u00een r\u00e2ndurile utilizatorilor<\/h3>\n<h3><span>*<\/span> Repair-caf\u00e9<\/h3>\n<h3><span>*<\/span> Salonul Cultur@Art&gt;<\/h3>\n<h3><span>*<\/span> Salonul Muzical<\/h3>\n<h3><span>*<\/span> \u0218coala Altfel<\/h3>\n<p>&nbsp;<\/p>\n","protected":false},"excerpt":{"rendered":"<p>Servicii de dezvoltare a competen\u021belor personale ale utilizatorilor &nbsp; * ArtCreativ * BiblioTur * BiblioTurism * Clubul HOMO Aestheticus * Clubul Literaria * Cultura Informa\u021biei * Educa\u0163ia civic\u0103 \u015fi informarea aleg\u0103torilor * Educa\u021bie pentru media * F\u0103-\u021bi prieten cu o carte * Informa\u021bii europene pentru to\u021bi * Promovarea \u0219i sus\u021binerea ODD-urilor \u00een r\u00e2ndurile utilizatorilor *&#8230;<\/p>\n","protected":false},"author":1,"featured_media":0,"parent":0,"menu_order":2,"comment_status":"closed","ping_status":"closed","template":"","meta":{"_bst_post_transparent":"","_bst_post_title":"","_bst_post_layout":"","_bst_post_sidebar_id":"","_bst_post_content_style":"","_bst_post_vertical_padding":"","_bst_post_feature":"","_bst_post_feature_position":"","_bst_post_header":false,"_bst_post_footer":false,"footnotes":""},"class_list":["post-4798","page","type-page","status-publish","hentry"],"_links":{"self":[{"href":"https:\/\/www.bnrm.md\/index.php?rest_route=\/wp\/v2\/pages\/4798","targetHints":{"allow":["GET"]}}],"collection":[{"href":"https:\/\/www.bnrm.md\/index.php?rest_route=\/wp\/v2\/pages"}],"about":[{"href":"https:\/\/www.bnrm.md\/index.php?rest_route=\/wp\/v2\/types\/page"}],"author":[{"embeddable":true,"href":"https:\/\/www.bnrm.md\/index.php?rest_route=\/wp\/v2\/users\/1"}],"replies":[{"embeddable":true,"href":"https:\/\/www.bnrm.md\/index.php?rest_route=%2Fwp%2Fv2%2Fcomments&post=4798"}],"version-history":[{"count":0,"href":"https:\/\/www.bnrm.md\/index.php?rest_route=\/wp\/v2\/pages\/4798\/revisions"}],"wp:attachment":[{"href":"https:\/\/www.bnrm.md\/index.php?rest_route=%2Fwp%2Fv2%2Fmedia&parent=4798"}],"curies":[{"name":"wp","href":"https:\/\/api.w.org\/{rel}","templated":true}]}}